{"id":21584,"date":"2023-08-04T07:48:04","date_gmt":"2023-08-04T07:48:04","guid":{"rendered":"https:\/\/smartcitydisplays.com\/product\/passenger-information-board-3-in-1-transfer-center\/"},"modified":"2023-09-01T10:22:33","modified_gmt":"2023-09-01T10:22:33","slug":"passenger-information-board-3-in-1-transfer-center","status":"publish","type":"product","link":"https:\/\/smartcitydisplays.com\/en\/product\/passenger-information-board-3-in-1-transfer-center\/","title":{"rendered":"3-in-1 PIDS Board | Passenger information at the Transfer Center"},"content":{"rendered":"<div class=\"wpb-content-wrapper\"><p>[vc_row][vc_column][vc_raw_js]JTNDc2NyaXB0JTNFJTBBbGV0JTIwbmV3VGl0bGUlMjAlM0QlMjBkb2N1bWVudC5nZXRFbGVtZW50c0J5Q2xhc3NOYW1lJTI4JTI3ZWx0ZGYtc2luZ2xlLXByb2R1Y3QtdGl0bGUlMjclMjklM0IlMEFpZiUyMCUyOG5ld1RpdGxlJTIwJTI2JTI2JTIwbmV3VGl0bGUubGVuZ3RoJTIwJTNFJTIwMCUyOSUyMCU3QiUwQSUyMG5ld1RpdGxlJTIwJTNEJTIwbmV3VGl0bGUlNUIwJTVELmlubmVyVGV4dCUwQSUyMGlmJTI4ZG9jdW1lbnQucmVhZHlTdGF0ZSUyMCUzRCUzRCUzRCUyMCUyN3JlYWR5JTI3JTIwJTdDJTdDJTIwZG9jdW1lbnQucmVhZHlTdGF0ZSUyMCUzRCUzRCUzRCUyMCUyN2NvbXBsZXRlJTI3JTI5JTIwJTdCJTBBJTIwZ29Ub0Rvd25sb2FkcyUyOCUyOSUzQiUwQSU3RCUyMGVsc2UlMjAlN0IlMEElMjAlMjBkb2N1bWVudC5vbnJlYWR5c3RhdGVjaGFuZ2UlMjAlM0QlMjBmdW5jdGlvbiUyMCUyOCUyOSUyMCU3QiUwQSUyMCUyMCUyMCUyMGlmJTIwJTI4ZG9jdW1lbnQucmVhZHlTdGF0ZSUyMCUzRCUzRCUyMCUyMmNvbXBsZXRlJTIyJTI5JTIwJTdCJTBBJTIwJTIwJTIwJTIwJTIwJTIwZ29Ub0Rvd25sb2FkcyUyOCUyOSUzQiUwQSUyMCUyMCUyMCUyMCU3RCUwQSUyMCUyMCU3RCUwQSU3RCUwQSU3RCUwQSUwQWZ1bmN0aW9uJTIwZ29Ub0Rvd25sb2FkcyUyOCUyOSUyMCU3QiUwQWNvbnN0JTIwc2t1JTIwJTNEJTIwZG9jdW1lbnQuZ2V0RWxlbWVudHNCeUNsYXNzTmFtZSUyOCUyN3NrdSUyNyUyOSUzQiUwQSUwQUFycmF5LnByb3RvdHlwZS5mb3JFYWNoLmNhbGwlMjhza3UlMkMlMjBlbCUyMCUzRCUzRSUyMCU3QiUwQSUyMGVsLmFkZEV2ZW50TGlzdGVuZXIlMjglMjJjbGljayUyMiUyQyUyMCUyOCUyOSUyMCUzRCUzRSUyMCU3QiUwQSUyMGxvY2F0aW9uLnBhdGhuYW1lJTIwJTNEJTIwJTI3JTJGcGwlMkZkb3dubG9hZHMlMkYlMjclM0IlMEElN0QlMjklM0IlMEElN0QlMjklM0IlMEElN0QlMEElMEElM0MlMkZzY3JpcHQlM0UlMEE=[\/vc_raw_js][\/vc_column][\/vc_row][vc_row][vc_column][vc_column_text]<\/p>\n<p style=\"color: #252525;\">The device consists of three separate bodies: two equipped with Amber\/RGB LED matrices with a pitch of 4mm and a resolution of 192 x 192 px, and a TFT LCD monitor with a resolution of 1920 x 1080 mounted in a vertical arrangement. The technologies used ensure the readability and clarity of displayed information both during the day and at night.<\/p>\n<p style=\"color: #252525;\">The housing made of stainless steel, in accordance with the protection class IP 54, provides a high level of protection against adverse weather conditions such as precipitation, dust, and external pollution. Resistance to acts of vandalism has been confirmed with the IK09 degree of protection in accordance with the PN-EN 50102:2001 standard.<\/p>\n<p style=\"color: #252525;\">The display is designed in such a way as to enable continuous operation without interruption.<\/p>\n<p>[\/vc_column_text][\/vc_column][\/vc_row]<\/p>\n<\/div>","protected":false},"excerpt":{"rendered":"<p style=\"color: #252525;\">The 3-in-1 LED\/TFT LCD information board is a device used to present the nearest incoming and departing connections from a given location. The display was designed to provide comprehensive passenger information in integrated transfer centers offering various forms of public transport.<\/p>\n<p style=\"color: #252525;\">Three display modes enable the presentation of public, long-distance, and railway timetables. It is recommended to install the board in places important for the movement of passengers, e.g., on platforms, in passageways, waiting rooms, or ticket halls.<\/p>\n","protected":false},"featured_media":25213,"template":"","meta":{"content-type":""},"product_brand":[],"product_cat":[214,179,159,213,215,217],"product_tag":[301,495],"class_list":{"0":"post-21584","1":"product","2":"type-product","3":"status-publish","4":"has-post-thumbnail","6":"product_cat-indoor","7":"product_cat-lcd","8":"product_cat-led","9":"product_cat-long-distance","10":"product_cat-outdoor","11":"product_cat-short-distance","12":"product_tag-passenger-info","13":"product_tag-real-time-passenger-information-system","15":"first","16":"instock","17":"shipping-taxable","18":"product-type-external"},"yoast_head":"<!-- This site is optimized with the Yoast SEO plugin v27.1.1 - https:\/\/yoast.com\/product\/yoast-seo-wordpress\/ -->\n<title>Passenger information at the Transfer Center<\/title>\n<meta name=\"description\" content=\"Passenger information at the Transfer Center\" \/>\n<meta name=\"robots\" content=\"index, follow, max-snippet:-1, max-image-preview:large, max-video-preview:-1\" \/>\n<link rel=\"canonical\" href=\"https:\/\/smartcitydisplays.com\/en\/product\/passenger-information-board-3-in-1-transfer-center\/\" \/>\n<meta property=\"og:locale\" content=\"en_US\" \/>\n<meta property=\"og:type\" content=\"article\" \/>\n<meta property=\"og:title\" content=\"Passenger information at the Transfer Center\" \/>\n<meta property=\"og:description\" content=\"Passenger information at the Transfer Center\" \/>\n<meta property=\"og:url\" content=\"https:\/\/smartcitydisplays.com\/en\/product\/passenger-information-board-3-in-1-transfer-center\/\" \/>\n<meta property=\"og:site_name\" content=\"Smart City Displays\" \/>\n<meta property=\"article:publisher\" content=\"https:\/\/www.facebook.com\/dystenpl\/\" \/>\n<meta property=\"article:modified_time\" content=\"2023-09-01T10:22:33+00:00\" \/>\n<meta property=\"og:image\" content=\"https:\/\/smartcitydisplays.com\/wp-content\/uploads\/2023\/08\/WWW_3w1_NKN1347.jpg\" \/>\n\t<meta property=\"og:image:width\" content=\"860\" \/>\n\t<meta property=\"og:image:height\" content=\"860\" \/>\n\t<meta property=\"og:image:type\" content=\"image\/jpeg\" \/>\n<meta name=\"twitter:card\" content=\"summary_large_image\" \/>\n<meta name=\"twitter:site\" content=\"@Dysten3\" \/>\n<meta name=\"twitter:label1\" content=\"Est. reading time\" \/>\n\t<meta name=\"twitter:data1\" content=\"1 minute\" \/>\n<script type=\"application\/ld+json\" class=\"yoast-schema-graph\">{\"@context\":\"https:\/\/schema.org\",\"@graph\":[{\"@type\":\"WebPage\",\"@id\":\"https:\/\/smartcitydisplays.com\/en\/product\/passenger-information-board-3-in-1-transfer-center\/\",\"url\":\"https:\/\/smartcitydisplays.com\/en\/product\/passenger-information-board-3-in-1-transfer-center\/\",\"name\":\"Passenger information at the Transfer Center\",\"isPartOf\":{\"@id\":\"https:\/\/smartcitydisplays.com\/en\/#website\"},\"primaryImageOfPage\":{\"@id\":\"https:\/\/smartcitydisplays.com\/en\/product\/passenger-information-board-3-in-1-transfer-center\/#primaryimage\"},\"image\":{\"@id\":\"https:\/\/smartcitydisplays.com\/en\/product\/passenger-information-board-3-in-1-transfer-center\/#primaryimage\"},\"thumbnailUrl\":\"https:\/\/smartcitydisplays.com\/wp-content\/uploads\/2023\/08\/Tablica-informacji-pasazerskiej-3w1.jpg\",\"datePublished\":\"2023-08-04T07:48:04+00:00\",\"dateModified\":\"2023-09-01T10:22:33+00:00\",\"description\":\"Passenger information at the Transfer Center\",\"breadcrumb\":{\"@id\":\"https:\/\/smartcitydisplays.com\/en\/product\/passenger-information-board-3-in-1-transfer-center\/#breadcrumb\"},\"inLanguage\":\"en-US\",\"potentialAction\":[{\"@type\":\"ReadAction\",\"target\":[\"https:\/\/smartcitydisplays.com\/en\/product\/passenger-information-board-3-in-1-transfer-center\/\"]}]},{\"@type\":\"ImageObject\",\"inLanguage\":\"en-US\",\"@id\":\"https:\/\/smartcitydisplays.com\/en\/product\/passenger-information-board-3-in-1-transfer-center\/#primaryimage\",\"url\":\"https:\/\/smartcitydisplays.com\/wp-content\/uploads\/2023\/08\/Tablica-informacji-pasazerskiej-3w1.jpg\",\"contentUrl\":\"https:\/\/smartcitydisplays.com\/wp-content\/uploads\/2023\/08\/Tablica-informacji-pasazerskiej-3w1.jpg\",\"width\":1109,\"height\":1109,\"caption\":\"Tablica 3w1 - dynamiczna informacja pasa\u017cerska kolejowa, miejska i dalekobie\u017cna autobusowa w jednym rozwi\u0105zaniu\"},{\"@type\":\"BreadcrumbList\",\"@id\":\"https:\/\/smartcitydisplays.com\/en\/product\/passenger-information-board-3-in-1-transfer-center\/#breadcrumb\",\"itemListElement\":[{\"@type\":\"ListItem\",\"position\":1,\"name\":\"Home\",\"item\":\"https:\/\/smartcitydisplays.com\/en\/\"},{\"@type\":\"ListItem\",\"position\":2,\"name\":\"Products\",\"item\":\"https:\/\/smartcitydisplays.com\/en\/shop\/\"},{\"@type\":\"ListItem\",\"position\":3,\"name\":\"3-in-1 PIDS Board | Passenger information at the Transfer Center\"}]},{\"@type\":\"WebSite\",\"@id\":\"https:\/\/smartcitydisplays.com\/en\/#website\",\"url\":\"https:\/\/smartcitydisplays.com\/en\/\",\"name\":\"Smart City Displays\",\"description\":\"dysten\",\"potentialAction\":[{\"@type\":\"SearchAction\",\"target\":{\"@type\":\"EntryPoint\",\"urlTemplate\":\"https:\/\/smartcitydisplays.com\/en\/?s={search_term_string}\"},\"query-input\":{\"@type\":\"PropertyValueSpecification\",\"valueRequired\":true,\"valueName\":\"search_term_string\"}}],\"inLanguage\":\"en-US\"}]}<\/script>\n<!-- \/ Yoast SEO plugin. -->","yoast_head_json":{"title":"Passenger information at the Transfer Center","description":"Passenger information at the Transfer Center","robots":{"index":"index","follow":"follow","max-snippet":"max-snippet:-1","max-image-preview":"max-image-preview:large","max-video-preview":"max-video-preview:-1"},"canonical":"https:\/\/smartcitydisplays.com\/en\/product\/passenger-information-board-3-in-1-transfer-center\/","og_locale":"en_US","og_type":"article","og_title":"Passenger information at the Transfer Center","og_description":"Passenger information at the Transfer Center","og_url":"https:\/\/smartcitydisplays.com\/en\/product\/passenger-information-board-3-in-1-transfer-center\/","og_site_name":"Smart City Displays","article_publisher":"https:\/\/www.facebook.com\/dystenpl\/","article_modified_time":"2023-09-01T10:22:33+00:00","og_image":[{"width":860,"height":860,"url":"https:\/\/smartcitydisplays.com\/wp-content\/uploads\/2023\/08\/WWW_3w1_NKN1347.jpg","type":"image\/jpeg"}],"twitter_card":"summary_large_image","twitter_site":"@Dysten3","twitter_misc":{"Est. reading time":"1 minute"},"schema":{"@context":"https:\/\/schema.org","@graph":[{"@type":"WebPage","@id":"https:\/\/smartcitydisplays.com\/en\/product\/passenger-information-board-3-in-1-transfer-center\/","url":"https:\/\/smartcitydisplays.com\/en\/product\/passenger-information-board-3-in-1-transfer-center\/","name":"Passenger information at the Transfer Center","isPartOf":{"@id":"https:\/\/smartcitydisplays.com\/en\/#website"},"primaryImageOfPage":{"@id":"https:\/\/smartcitydisplays.com\/en\/product\/passenger-information-board-3-in-1-transfer-center\/#primaryimage"},"image":{"@id":"https:\/\/smartcitydisplays.com\/en\/product\/passenger-information-board-3-in-1-transfer-center\/#primaryimage"},"thumbnailUrl":"https:\/\/smartcitydisplays.com\/wp-content\/uploads\/2023\/08\/Tablica-informacji-pasazerskiej-3w1.jpg","datePublished":"2023-08-04T07:48:04+00:00","dateModified":"2023-09-01T10:22:33+00:00","description":"Passenger information at the Transfer Center","breadcrumb":{"@id":"https:\/\/smartcitydisplays.com\/en\/product\/passenger-information-board-3-in-1-transfer-center\/#breadcrumb"},"inLanguage":"en-US","potentialAction":[{"@type":"ReadAction","target":["https:\/\/smartcitydisplays.com\/en\/product\/passenger-information-board-3-in-1-transfer-center\/"]}]},{"@type":"ImageObject","inLanguage":"en-US","@id":"https:\/\/smartcitydisplays.com\/en\/product\/passenger-information-board-3-in-1-transfer-center\/#primaryimage","url":"https:\/\/smartcitydisplays.com\/wp-content\/uploads\/2023\/08\/Tablica-informacji-pasazerskiej-3w1.jpg","contentUrl":"https:\/\/smartcitydisplays.com\/wp-content\/uploads\/2023\/08\/Tablica-informacji-pasazerskiej-3w1.jpg","width":1109,"height":1109,"caption":"Tablica 3w1 - dynamiczna informacja pasa\u017cerska kolejowa, miejska i dalekobie\u017cna autobusowa w jednym rozwi\u0105zaniu"},{"@type":"BreadcrumbList","@id":"https:\/\/smartcitydisplays.com\/en\/product\/passenger-information-board-3-in-1-transfer-center\/#breadcrumb","itemListElement":[{"@type":"ListItem","position":1,"name":"Home","item":"https:\/\/smartcitydisplays.com\/en\/"},{"@type":"ListItem","position":2,"name":"Products","item":"https:\/\/smartcitydisplays.com\/en\/shop\/"},{"@type":"ListItem","position":3,"name":"3-in-1 PIDS Board | Passenger information at the Transfer Center"}]},{"@type":"WebSite","@id":"https:\/\/smartcitydisplays.com\/en\/#website","url":"https:\/\/smartcitydisplays.com\/en\/","name":"Smart City Displays","description":"dysten","potentialAction":[{"@type":"SearchAction","target":{"@type":"EntryPoint","urlTemplate":"https:\/\/smartcitydisplays.com\/en\/?s={search_term_string}"},"query-input":{"@type":"PropertyValueSpecification","valueRequired":true,"valueName":"search_term_string"}}],"inLanguage":"en-US"}]}},"_links":{"self":[{"href":"https:\/\/smartcitydisplays.com\/en\/wp-json\/wp\/v2\/product\/21584","targetHints":{"allow":["GET"]}}],"collection":[{"href":"https:\/\/smartcitydisplays.com\/en\/wp-json\/wp\/v2\/product"}],"about":[{"href":"https:\/\/smartcitydisplays.com\/en\/wp-json\/wp\/v2\/types\/product"}],"wp:featuredmedia":[{"embeddable":true,"href":"https:\/\/smartcitydisplays.com\/en\/wp-json\/wp\/v2\/media\/25213"}],"wp:attachment":[{"href":"https:\/\/smartcitydisplays.com\/en\/wp-json\/wp\/v2\/media?parent=21584"}],"wp:term":[{"taxonomy":"product_brand","embeddable":true,"href":"https:\/\/smartcitydisplays.com\/en\/wp-json\/wp\/v2\/product_brand?post=21584"},{"taxonomy":"product_cat","embeddable":true,"href":"https:\/\/smartcitydisplays.com\/en\/wp-json\/wp\/v2\/product_cat?post=21584"},{"taxonomy":"product_tag","embeddable":true,"href":"https:\/\/smartcitydisplays.com\/en\/wp-json\/wp\/v2\/product_tag?post=21584"}],"curies":[{"name":"wp","href":"https:\/\/api.w.org\/{rel}","templated":true}]}}