{"id":16446,"date":"2022-10-21T06:37:26","date_gmt":"2022-10-21T06:37:26","guid":{"rendered":"https:\/\/smartcitydisplays.com\/?page_id=16446"},"modified":"2022-11-22T15:49:17","modified_gmt":"2022-11-22T15:49:17","slug":"system-informacji-lokalnej-oprogramowanie-informacji-pasazerskiej","status":"publish","type":"page","link":"https:\/\/smartcitydisplays.com\/pl\/system-informacji-lokalnej-oprogramowanie-informacji-pasazerskiej\/","title":{"rendered":"SIL &#8211; System Informacji Lokalnej"},"content":{"rendered":"\n<h2 class=\"has-text-color wp-block-heading\" style=\"color:#005387\">Oprogramowanie \u2013 System Informacji Lokalnej<\/h2>\n\n\n\n<p class=\"has-black-color has-text-color has-small-font-size\">Oprogramowanie s\u0142u\u017c\u0105ce do zarz\u0105dzania i kontroli danych wy\u015bwietlanych na urz\u0105dzeniach informacji pasa\u017cerskiej. <strong>System Informacji Lokalnej<\/strong> umo\u017cliwia zdalne tworzenie i edytowanie tre\u015bci oraz monitorowanie informacji widocznych na wy\u015bwietlaczach. Zalet\u0105 systemu jest prosty i przejrzysty interfejs, u\u0142atwiaj\u0105cy prac\u0119 z programem. Umo\u017cliwia tworzenie nowych i edycj\u0119 ju\u017c istniej\u0105cych rozk\u0142ad\u00f3w. Pozwala zdefiniowa\u0107 pe\u0142ny rozk\u0142ad jazdy \u2013 numer linii, przewo\u017anika, kierunek podr\u00f3\u017cy, list\u0119 obs\u0142ugiwanych przystank\u00f3w, godziny odjazdu, numer stanowiska oraz kalendarz kursowania. System umo\u017cliwia szybkie wprowadzanie zmian oraz drukowanie gotowych baz danych zawieraj\u0105cych szczeg\u00f3\u0142owe rozk\u0142ady jazdy. Operator mo\u017ce r\u00f3wnie\u017c ustawi\u0107 dodatkowy komunikat sta\u0142y wy\u015bwietlany na ekranie tablicy lub zamie\u015bci\u0107 specjalnie przygotowan\u0105 grafik\u0119.<\/p>\n\n\n\n<div style=\"height:71px\" aria-hidden=\"true\" class=\"wp-block-spacer\"><\/div>\n\n\n\n<h3 class=\"has-black-color has-text-color wp-block-heading\">Charakterystyka systemu<\/h3>\n\n\n\n<div class=\"wp-block-columns is-layout-flex wp-container-core-columns-is-layout-9d6595d7 wp-block-columns-is-layout-flex\">\n<div class=\"wp-block-column is-layout-flow wp-block-column-is-layout-flow\" style=\"flex-basis:60%\">\n<ul class=\"has-black-color has-text-color wp-block-list\" style=\"font-size:14px\"><li>Prosty interfejs<\/li><li>Intuicyjna obs\u0142uga<\/li><li>Tworzenie i edycja rozk\u0142ad\u00f3w jazdy<\/li><li>Monitorowanie tre\u015bci wy\u015bwietlanych na tablicach informacji pasa\u017cerskiej<\/li><li>Wstawianie komunikat\u00f3w dodatkowych<\/li><li>Zamieszczanie grafik<\/li><li>Jednoczesna obs\u0142uga wielu tablic informacji pasa\u017cerskiej<\/li><li>Mo\u017cliwo\u015b\u0107 zdalnego sprawdzenia aktualnego stanu po\u0142\u0105czonych urz\u0105dze\u0144<\/li><li>Funkcja wydruku rozk\u0142ad\u00f3w jazdy<\/li><\/ul>\n<\/div>\n\n\n\n<div class=\"wp-block-column is-layout-flow wp-block-column-is-layout-flow\" style=\"flex-basis:66.66%\">\n<figure class=\"wp-block-image size-full is-resized\"><img decoding=\"async\" src=\"https:\/\/smartcitydisplays.com\/wp-content\/uploads\/2022\/10\/Oprogramowanie-Informacji-Pasazerskiej-I-DYSTEN.jpg\" alt=\"Oprogramowanie Informacji Pasa\u017cerskiej - System Informacji Lokalnej DYSTEN\" class=\"wp-image-16421\" width=\"400\" srcset=\"https:\/\/smartcitydisplays.com\/wp-content\/uploads\/2022\/10\/Oprogramowanie-Informacji-Pasazerskiej-I-DYSTEN.jpg 750w, https:\/\/smartcitydisplays.com\/wp-content\/uploads\/2022\/10\/Oprogramowanie-Informacji-Pasazerskiej-I-DYSTEN-300x200.jpg 300w, https:\/\/smartcitydisplays.com\/wp-content\/uploads\/2022\/10\/Oprogramowanie-Informacji-Pasazerskiej-I-DYSTEN-600x400.jpg 600w\" sizes=\"(max-width: 750px) 100vw, 750px\" \/><\/figure>\n<\/div>\n<\/div>\n\n\n\n<div style=\"height:50px\" aria-hidden=\"true\" class=\"wp-block-spacer\"><\/div>\n\n\n\n<h3 class=\"has-black-color has-text-color wp-block-heading\">Funkcjonalno\u015b\u0107 oprogramowania do zarz\u0105dzania tablicami DIP<\/h3>\n\n\n\n<div class=\"wp-block-columns is-layout-flex wp-container-core-columns-is-layout-9d6595d7 wp-block-columns-is-layout-flex\">\n<div class=\"wp-block-column is-layout-flow wp-block-column-is-layout-flow\" style=\"flex-basis:66.66%\"><\/div>\n<\/div>\n\n\n\n<div class=\"wp-block-columns is-layout-flex wp-container-core-columns-is-layout-9d6595d7 wp-block-columns-is-layout-flex\">\n<div class=\"wp-block-column is-layout-flow wp-block-column-is-layout-flow\" style=\"flex-basis:33.33%\"><\/div>\n\n\n\n<div class=\"wp-block-column is-layout-flow wp-block-column-is-layout-flow\" style=\"flex-basis:66.66em\">\n<h3 class=\"has-text-align-left has-text-color wp-block-heading\" style=\"color:#005387\">Rozk\u0142ad jazdy<\/h3>\n<\/div>\n<\/div>\n\n\n\n<div class=\"wp-block-columns is-layout-flex wp-container-core-columns-is-layout-9d6595d7 wp-block-columns-is-layout-flex\">\n<div class=\"wp-block-column is-vertically-aligned-top is-layout-flow wp-block-column-is-layout-flow\" style=\"flex-basis:33.33%\">\n<div class=\"wp-block-group\"><div class=\"wp-block-group__inner-container is-layout-flow wp-block-group-is-layout-flow\"><div class=\"wp-block-image wp-duotone-005387-ffffff-1\">\n<figure class=\"aligncenter size-full is-resized\"><img decoding=\"async\" src=\"https:\/\/smartcitydisplays.com\/wp-content\/uploads\/2022\/10\/Rozklad-jazdy-1.jpg\" alt=\"Rozk\u0142ad jazdy oprogramowanie DYSTEN\" class=\"wp-image-16253\" width=\"100\"\/><\/figure>\n<\/div><\/div><\/div>\n<\/div>\n\n\n\n<div class=\"wp-block-column is-layout-flow wp-block-column-is-layout-flow\" style=\"flex-basis:66.66%\">\n<ul class=\"has-black-color has-text-color has-small-font-size wp-block-list\"><li>Tworzenie nowego rozk\u0142adu jazdy<\/li><li>Edycja istniej\u0105cego rozk\u0142adu jazdy<\/li><li>Dodawanie nowej pozycji w rozk\u0142adzie<\/li><li>Definiowanie wydarze\u0144 cyklicznych<\/li><li>Mo\u017cliwo\u015b\u0107 zapisu rozk\u0142adu jazdy do formatu \u201e.docx\u201d. Format jest kompatybilny z programem Microsoft Office. Po zapisie operator ma mo\u017cliwo\u015b\u0107 naniesienia korekt w pliku<\/li><\/ul>\n<\/div>\n<\/div>\n\n\n\n<div style=\"height:50px\" aria-hidden=\"true\" class=\"wp-block-spacer\"><\/div>\n\n\n\n<div class=\"wp-block-columns is-layout-flex wp-container-core-columns-is-layout-9d6595d7 wp-block-columns-is-layout-flex\">\n<div class=\"wp-block-column is-layout-flow wp-block-column-is-layout-flow\" style=\"flex-basis:33.33%\"><\/div>\n\n\n\n<div class=\"wp-block-column is-layout-flow wp-block-column-is-layout-flow\" style=\"flex-basis:66.66%\">\n<h3 class=\"has-text-color wp-block-heading\" style=\"color:#005387\">Wykonanie rozk\u0142adu<\/h3>\n<\/div>\n<\/div>\n\n\n\n<div class=\"wp-block-columns is-layout-flex wp-container-core-columns-is-layout-9d6595d7 wp-block-columns-is-layout-flex\">\n<div class=\"wp-block-column is-layout-flow wp-block-column-is-layout-flow\" style=\"flex-basis:33.33%\"><div class=\"wp-block-image wp-duotone-005387-ffffff-2\">\n<figure class=\"aligncenter size-full is-resized\"><img decoding=\"async\" src=\"https:\/\/smartcitydisplays.com\/wp-content\/uploads\/2022\/10\/Wykonanie-rozkladu.jpg\" alt=\"Wykonanie rozk\u0142adu - oprogramowanie DYSTEN\" class=\"wp-image-16258\" width=\"100\"\/><\/figure>\n<\/div><\/div>\n\n\n\n<div class=\"wp-block-column is-layout-flow wp-block-column-is-layout-flow\" style=\"flex-basis:66.66%\">\n<ul class=\"has-black-color has-text-color wp-block-list\"><li>Widok rozk\u0142adu jazdy w czasie rzeczywistym<\/li><li>Zmiana stanowisk i przystank\u00f3w, na kt\u00f3re wje\u017cd\u017ca autobus<\/li><li>Wprowadzanie op\u00f3\u017anie\u0144 czasowych w kursach<\/li><li>Wprowadzanie wyklucze\u0144 konkretnych kurs\u00f3w z rozk\u0142adu<\/li><li>Proste przywracanie usuni\u0119tych po\u0142\u0105cze\u0144<\/li><\/ul>\n<\/div>\n<\/div>\n\n\n\n<div style=\"height:51px\" aria-hidden=\"true\" class=\"wp-block-spacer\"><\/div>\n\n\n\n<div class=\"wp-block-columns is-layout-flex wp-container-core-columns-is-layout-9d6595d7 wp-block-columns-is-layout-flex\">\n<div class=\"wp-block-column is-layout-flow wp-block-column-is-layout-flow\" style=\"flex-basis:33.33%\"><\/div>\n\n\n\n<div class=\"wp-block-column is-layout-flow wp-block-column-is-layout-flow\" style=\"flex-basis:66.66%\">\n<h3 class=\"has-text-color wp-block-heading\" style=\"color:#005387\">Podgl\u0105d tablic informacji pasa\u017cerskiej<\/h3>\n\n\n\n<p><\/p>\n<\/div>\n<\/div>\n\n\n\n<div class=\"wp-block-columns is-layout-flex wp-container-core-columns-is-layout-9d6595d7 wp-block-columns-is-layout-flex\">\n<div class=\"wp-block-column is-layout-flow wp-block-column-is-layout-flow\" style=\"flex-basis:33.33%\"><div class=\"wp-block-image wp-duotone-005387-ffffff-3\">\n<figure class=\"aligncenter size-full is-resized\"><img decoding=\"async\" src=\"https:\/\/smartcitydisplays.com\/wp-content\/uploads\/2022\/10\/Podglad-tablic.jpg\" alt=\"Podgl\u0105d tablic - oprogramowanie DYSTEN\" class=\"wp-image-16264\" width=\"80\"\/><\/figure>\n<\/div><\/div>\n\n\n\n<div class=\"wp-block-column is-layout-flow wp-block-column-is-layout-flow\" style=\"flex-basis:66.66%\">\n<ul class=\"has-black-color has-text-color wp-block-list\"><li>Pe\u0142ny wgl\u0105d do informacji aktualnie wy\u015bwietlanych na tablicach<\/li><li>Mo\u017cliwo\u015b\u0107 odczytania parametr\u00f3w tablicy (np. poziom jasno\u015bci, temperatura wewn\u0105trz urz\u0105dzenia, wersja oprogramowania, status po\u0142\u0105czenia z systemem, informacja o aktualizacji danych na tablicy)<\/li><li>Szybka diagnoza stanu urz\u0105dze\u0144<\/li><li>Mo\u017cliwo\u015b\u0107 identyfikacji usterek<\/li><\/ul>\n<\/div>\n<\/div>\n\n\n\n<div style=\"height:50px\" aria-hidden=\"true\" class=\"wp-block-spacer\"><\/div>\n\n\n\n<div class=\"wp-block-columns is-layout-flex wp-container-core-columns-is-layout-9d6595d7 wp-block-columns-is-layout-flex\">\n<div class=\"wp-block-column is-layout-flow wp-block-column-is-layout-flow\" style=\"flex-basis:33.33%\"><\/div>\n\n\n\n<div class=\"wp-block-column is-layout-flow wp-block-column-is-layout-flow\" style=\"flex-basis:66.66%\">\n<h3 class=\"has-text-color wp-block-heading\" style=\"color:#005387\">Komunikaty dodatkowe i wydruki<\/h3>\n<\/div>\n<\/div>\n\n\n\n<div class=\"wp-block-columns is-layout-flex wp-container-core-columns-is-layout-9d6595d7 wp-block-columns-is-layout-flex\">\n<div class=\"wp-block-column is-layout-flow wp-block-column-is-layout-flow\" style=\"flex-basis:33.33%\"><div class=\"wp-block-image wp-duotone-005387-ffffff-4\">\n<figure class=\"aligncenter size-full is-resized\"><img decoding=\"async\" src=\"https:\/\/smartcitydisplays.com\/wp-content\/uploads\/2022\/10\/Komunikaty-dodatkowe-i-wydruki.jpg\" alt=\"Komunikaty dodatkowe i wydruki - oprogramowanie informacji pasa\u017cerskiej DYSTEN\" class=\"wp-image-16269\" width=\"80\"\/><\/figure>\n<\/div><\/div>\n\n\n\n<div class=\"wp-block-column is-layout-flow wp-block-column-is-layout-flow\" style=\"flex-basis:66.66%\">\n<ul class=\"has-black-color has-text-color wp-block-list\"><li>Dodawanie komunikat\u00f3w specjalnych<\/li><li>Dodawanie grafik (r\u00f3wnie\u017c pe\u0142noekranowych)<\/li><li>Mo\u017cliwo\u015b\u0107 wyboru urz\u0105dze\u0144, na kt\u00f3rych zostan\u0105 wy\u015bwietlone komunikaty specjalne i grafiki<\/li><li>Opcja r\u0119cznej edycji pliku przed wydrukiem<\/li><li>Mo\u017cliwo\u015b\u0107 wydruku rozk\u0142ad\u00f3w jazdy<\/li><\/ul>\n<\/div>\n<\/div>\n\n\n\n<div style=\"height:50px\" aria-hidden=\"true\" class=\"wp-block-spacer\"><\/div>\n\n\n\n<h2 class=\"has-text-align-center has-text-color has-background has-medium-font-size wp-block-heading\" style=\"background-color:#abb7c224;color:#005387\">Proste, w pe\u0142ni funkcjonalne i przyst\u0119pne w u\u017cytkowaniu oprogramowanie dla systemu informacji pasa\u017cerskiej, idealne dla potrzeb lokalnych operator\u00f3w transportu publicznego.<\/h2>\n\n\n\n<div style=\"height:21px\" aria-hidden=\"true\" class=\"wp-block-spacer\"><\/div>\n\n\n\n<div class=\"wp-block-columns is-layout-flex wp-container-core-columns-is-layout-9d6595d7 wp-block-columns-is-layout-flex\">\n<div class=\"wp-block-column is-layout-flow wp-block-column-is-layout-flow\" style=\"flex-basis:100%\">\n<h4 class=\"has-text-align-center wp-block-heading\">Dlaczego warto wybra\u0107 System Informacji Lokalnej?<\/h4>\n<\/div>\n<\/div>\n\n\n\n<div style=\"height:51px\" aria-hidden=\"true\" class=\"wp-block-spacer\"><\/div>\n\n\n<div class=\"wp-block-image\">\n<figure class=\"aligncenter size-large\"><img loading=\"lazy\" decoding=\"async\" width=\"1024\" height=\"683\" src=\"https:\/\/smartcitydisplays.com\/wp-content\/uploads\/2022\/10\/SYSTEM-INFORMACJI-LOKALNEJ-Zalety-I-DYSTEN-1024x683.jpg\" alt=\"Oprogramowanie dla urz\u0105dze\u0144 systemu informacji pasa\u017cerskiej I DYSTEN\" class=\"wp-image-16334\" srcset=\"https:\/\/smartcitydisplays.com\/wp-content\/uploads\/2022\/10\/SYSTEM-INFORMACJI-LOKALNEJ-Zalety-I-DYSTEN-1024x683.jpg 1024w, https:\/\/smartcitydisplays.com\/wp-content\/uploads\/2022\/10\/SYSTEM-INFORMACJI-LOKALNEJ-Zalety-I-DYSTEN-300x200.jpg 300w, https:\/\/smartcitydisplays.com\/wp-content\/uploads\/2022\/10\/SYSTEM-INFORMACJI-LOKALNEJ-Zalety-I-DYSTEN-768x512.jpg 768w, https:\/\/smartcitydisplays.com\/wp-content\/uploads\/2022\/10\/SYSTEM-INFORMACJI-LOKALNEJ-Zalety-I-DYSTEN-600x400.jpg 600w, https:\/\/smartcitydisplays.com\/wp-content\/uploads\/2022\/10\/SYSTEM-INFORMACJI-LOKALNEJ-Zalety-I-DYSTEN.jpg 1200w\" sizes=\"auto, (max-width: 1024px) 100vw, 1024px\" \/><\/figure>\n<\/div>\n\n\n<div style=\"height:25px\" aria-hidden=\"true\" class=\"wp-block-spacer\"><\/div>\n\n\n\n<div style=\"height:30px\" aria-hidden=\"true\" class=\"wp-block-spacer\"><\/div>\n\n\n\n<h3 class=\"has-text-align-left has-text-color wp-block-heading\" style=\"color:#005387\">Wsp\u00f3\u0142praca z producentem oprogramowania Systemu Informacji Pasa\u017cerskiej<\/h3>\n\n\n\n<p>Poszukujesz oprogramowania do zarz\u0105dzania i kontroli wy\u015bwietlaczy informacji pasa\u017cerskiej? Masz pytania dotycz\u0105ce funkcjonalno\u015bci i dzia\u0142ania systemu? Um\u00f3w si\u0119 teraz na prezentacj\u0119 i dowiedz si\u0119 jak mo\u017cemy Ci pom\u00f3c.<\/p>\n\n\n\n<div class=\"wp-block-columns is-layout-flex wp-container-core-columns-is-layout-9d6595d7 wp-block-columns-is-layout-flex\">\n<div class=\"wp-block-column is-layout-flow wp-block-column-is-layout-flow\"><\/div>\n<\/div>\n\n\n\n<div class=\"wp-block-columns is-layout-flex wp-container-core-columns-is-layout-9d6595d7 wp-block-columns-is-layout-flex\">\n<div class=\"wp-block-column is-layout-flow wp-block-column-is-layout-flow\"><\/div>\n<\/div>\n\n\n\n<div class=\"wp-block-columns are-vertically-aligned-center is-layout-flex wp-container-core-columns-is-layout-9d6595d7 wp-block-columns-is-layout-flex\">\n<div class=\"wp-block-column is-vertically-aligned-center is-layout-flow wp-block-column-is-layout-flow\" style=\"flex-basis:25%\">\n<p class=\"has-black-color has-text-color\"><strong>Artur Imbiorski<\/strong><\/p>\n\n\n\n<p>ITS Project Manager<\/p>\n\n\n\n<p>+48 512 280&nbsp;520<\/p>\n\n\n\n<p>artur.imbiorski@dysten.pl<\/p>\n<\/div>\n\n\n\n<div class=\"wp-block-column is-vertically-aligned-center is-layout-flow wp-block-column-is-layout-flow\">\n<div style=\"height:35px\" aria-hidden=\"true\" class=\"wp-block-spacer\"><\/div>\n\n\n\n<div class=\"wp-block-buttons is-content-justification-left is-layout-flex wp-container-core-buttons-is-layout-fdcfc74e wp-block-buttons-is-layout-flex\">\n<div class=\"wp-block-button has-custom-width wp-block-button__width-25 has-custom-font-size is-style-fill has-small-font-size\"><a class=\"wp-block-button__link has-background\" href=\"http:\/\/smartcitydisplays.com\/pl\/contact\" style=\"background-color:#005387\" rel=\"\/pl\/contact\">ZAPYTAJ O CEN\u0118<\/a><\/div>\n<\/div>\n<\/div>\n<\/div>\n","protected":false},"excerpt":{"rendered":"<p>Oprogramowanie \u2013 System Informacji Lokalnej Oprogramowanie s\u0142u\u017c\u0105ce do zarz\u0105dzania i kontroli danych wy\u015bwietlanych na urz\u0105dzeniach informacji pasa\u017cerskiej. System Informacji Lokalnej umo\u017cliwia zdalne tworzenie i edytowanie tre\u015bci oraz monitorowanie informacji widocznych na wy\u015bwietlaczach. Zalet\u0105 systemu jest prosty i przejrzysty interfejs, u\u0142atwiaj\u0105cy prac\u0119 z programem. Umo\u017cliwia tworzenie [&hellip;]<\/p>\n","protected":false},"author":5,"featured_media":16416,"parent":0,"menu_order":0,"comment_status":"closed","ping_status":"closed","template":"","meta":{"content-type":"","footnotes":""},"class_list":["post-16446","page","type-page","status-publish","has-post-thumbnail","hentry"],"yoast_head":"<!-- This site is optimized with the Yoast SEO plugin v27.1.1 - https:\/\/yoast.com\/product\/yoast-seo-wordpress\/ -->\n<title>SIL - System Informacji Lokalnej - Smart City Displays<\/title>\n<meta name=\"description\" content=\"System Informacji Lokalnej to oprogramowanie s\u0142u\u017c\u0105ce do zarz\u0105dzania i kontroli danych wy\u015bwietlanych na urz\u0105dzeniach informacji pasa\u017cerskiej.\" \/>\n<meta name=\"robots\" content=\"index, follow, max-snippet:-1, max-image-preview:large, max-video-preview:-1\" \/>\n<link rel=\"canonical\" href=\"https:\/\/smartcitydisplays.com\/pl\/system-informacji-lokalnej-oprogramowanie-informacji-pasazerskiej\/\" \/>\n<meta property=\"og:locale\" content=\"pl_PL\" \/>\n<meta property=\"og:type\" content=\"article\" \/>\n<meta property=\"og:title\" content=\"SIL - System Informacji Lokalnej - Smart City Displays\" \/>\n<meta property=\"og:description\" content=\"System Informacji Lokalnej to oprogramowanie s\u0142u\u017c\u0105ce do zarz\u0105dzania i kontroli danych wy\u015bwietlanych na urz\u0105dzeniach informacji pasa\u017cerskiej.\" \/>\n<meta property=\"og:url\" content=\"https:\/\/smartcitydisplays.com\/pl\/system-informacji-lokalnej-oprogramowanie-informacji-pasazerskiej\/\" \/>\n<meta property=\"og:site_name\" content=\"Smart City Displays\" \/>\n<meta property=\"article:publisher\" content=\"https:\/\/www.facebook.com\/dystenpl\/\" \/>\n<meta property=\"article:modified_time\" content=\"2022-11-22T15:49:17+00:00\" \/>\n<meta property=\"og:image\" content=\"https:\/\/smartcitydisplays.com\/wp-content\/uploads\/2022\/10\/SIL-Oprogramowanie-Informacji-Pasazerskiej.jpg\" \/>\n\t<meta property=\"og:image:width\" content=\"650\" \/>\n\t<meta property=\"og:image:height\" content=\"600\" \/>\n\t<meta property=\"og:image:type\" content=\"image\/jpeg\" \/>\n<meta name=\"twitter:card\" content=\"summary_large_image\" \/>\n<meta name=\"twitter:site\" content=\"@Dysten3\" \/>\n<meta name=\"twitter:label1\" content=\"Szacowany czas czytania\" \/>\n\t<meta name=\"twitter:data1\" content=\"2 minuty\" \/>\n<script type=\"application\/ld+json\" class=\"yoast-schema-graph\">{\"@context\":\"https:\/\/schema.org\",\"@graph\":[{\"@type\":\"WebPage\",\"@id\":\"https:\/\/smartcitydisplays.com\/pl\/system-informacji-lokalnej-oprogramowanie-informacji-pasazerskiej\/\",\"url\":\"https:\/\/smartcitydisplays.com\/pl\/system-informacji-lokalnej-oprogramowanie-informacji-pasazerskiej\/\",\"name\":\"SIL - System Informacji Lokalnej - Smart City Displays\",\"isPartOf\":{\"@id\":\"https:\/\/smartcitydisplays.com\/pl\/#website\"},\"primaryImageOfPage\":{\"@id\":\"https:\/\/smartcitydisplays.com\/pl\/system-informacji-lokalnej-oprogramowanie-informacji-pasazerskiej\/#primaryimage\"},\"image\":{\"@id\":\"https:\/\/smartcitydisplays.com\/pl\/system-informacji-lokalnej-oprogramowanie-informacji-pasazerskiej\/#primaryimage\"},\"thumbnailUrl\":\"https:\/\/smartcitydisplays.com\/wp-content\/uploads\/2022\/10\/SIL-Oprogramowanie-Informacji-Pasazerskiej.jpg\",\"datePublished\":\"2022-10-21T06:37:26+00:00\",\"dateModified\":\"2022-11-22T15:49:17+00:00\",\"description\":\"System Informacji Lokalnej to oprogramowanie s\u0142u\u017c\u0105ce do zarz\u0105dzania i kontroli danych wy\u015bwietlanych na urz\u0105dzeniach informacji pasa\u017cerskiej.\",\"breadcrumb\":{\"@id\":\"https:\/\/smartcitydisplays.com\/pl\/system-informacji-lokalnej-oprogramowanie-informacji-pasazerskiej\/#breadcrumb\"},\"inLanguage\":\"pl-PL\",\"potentialAction\":[{\"@type\":\"ReadAction\",\"target\":[\"https:\/\/smartcitydisplays.com\/pl\/system-informacji-lokalnej-oprogramowanie-informacji-pasazerskiej\/\"]}]},{\"@type\":\"ImageObject\",\"inLanguage\":\"pl-PL\",\"@id\":\"https:\/\/smartcitydisplays.com\/pl\/system-informacji-lokalnej-oprogramowanie-informacji-pasazerskiej\/#primaryimage\",\"url\":\"https:\/\/smartcitydisplays.com\/wp-content\/uploads\/2022\/10\/SIL-Oprogramowanie-Informacji-Pasazerskiej.jpg\",\"contentUrl\":\"https:\/\/smartcitydisplays.com\/wp-content\/uploads\/2022\/10\/SIL-Oprogramowanie-Informacji-Pasazerskiej.jpg\",\"width\":650,\"height\":600,\"caption\":\"Oprogramowanie informacji pasa\u017cerskiej\"},{\"@type\":\"BreadcrumbList\",\"@id\":\"https:\/\/smartcitydisplays.com\/pl\/system-informacji-lokalnej-oprogramowanie-informacji-pasazerskiej\/#breadcrumb\",\"itemListElement\":[{\"@type\":\"ListItem\",\"position\":1,\"name\":\"Home\",\"item\":\"https:\/\/smartcitydisplays.com\/pl\/\"},{\"@type\":\"ListItem\",\"position\":2,\"name\":\"SIL &#8211; System Informacji Lokalnej\"}]},{\"@type\":\"WebSite\",\"@id\":\"https:\/\/smartcitydisplays.com\/pl\/#website\",\"url\":\"https:\/\/smartcitydisplays.com\/pl\/\",\"name\":\"Smart City Displays\",\"description\":\"dysten\",\"potentialAction\":[{\"@type\":\"SearchAction\",\"target\":{\"@type\":\"EntryPoint\",\"urlTemplate\":\"https:\/\/smartcitydisplays.com\/pl\/?s={search_term_string}\"},\"query-input\":{\"@type\":\"PropertyValueSpecification\",\"valueRequired\":true,\"valueName\":\"search_term_string\"}}],\"inLanguage\":\"pl-PL\"}]}<\/script>\n<!-- \/ Yoast SEO plugin. -->","yoast_head_json":{"title":"SIL - System Informacji Lokalnej - Smart City Displays","description":"System Informacji Lokalnej to oprogramowanie s\u0142u\u017c\u0105ce do zarz\u0105dzania i kontroli danych wy\u015bwietlanych na urz\u0105dzeniach informacji pasa\u017cerskiej.","robots":{"index":"index","follow":"follow","max-snippet":"max-snippet:-1","max-image-preview":"max-image-preview:large","max-video-preview":"max-video-preview:-1"},"canonical":"https:\/\/smartcitydisplays.com\/pl\/system-informacji-lokalnej-oprogramowanie-informacji-pasazerskiej\/","og_locale":"pl_PL","og_type":"article","og_title":"SIL - System Informacji Lokalnej - Smart City Displays","og_description":"System Informacji Lokalnej to oprogramowanie s\u0142u\u017c\u0105ce do zarz\u0105dzania i kontroli danych wy\u015bwietlanych na urz\u0105dzeniach informacji pasa\u017cerskiej.","og_url":"https:\/\/smartcitydisplays.com\/pl\/system-informacji-lokalnej-oprogramowanie-informacji-pasazerskiej\/","og_site_name":"Smart City Displays","article_publisher":"https:\/\/www.facebook.com\/dystenpl\/","article_modified_time":"2022-11-22T15:49:17+00:00","og_image":[{"width":650,"height":600,"url":"https:\/\/smartcitydisplays.com\/wp-content\/uploads\/2022\/10\/SIL-Oprogramowanie-Informacji-Pasazerskiej.jpg","type":"image\/jpeg"}],"twitter_card":"summary_large_image","twitter_site":"@Dysten3","twitter_misc":{"Szacowany czas czytania":"2 minuty"},"schema":{"@context":"https:\/\/schema.org","@graph":[{"@type":"WebPage","@id":"https:\/\/smartcitydisplays.com\/pl\/system-informacji-lokalnej-oprogramowanie-informacji-pasazerskiej\/","url":"https:\/\/smartcitydisplays.com\/pl\/system-informacji-lokalnej-oprogramowanie-informacji-pasazerskiej\/","name":"SIL - System Informacji Lokalnej - Smart City Displays","isPartOf":{"@id":"https:\/\/smartcitydisplays.com\/pl\/#website"},"primaryImageOfPage":{"@id":"https:\/\/smartcitydisplays.com\/pl\/system-informacji-lokalnej-oprogramowanie-informacji-pasazerskiej\/#primaryimage"},"image":{"@id":"https:\/\/smartcitydisplays.com\/pl\/system-informacji-lokalnej-oprogramowanie-informacji-pasazerskiej\/#primaryimage"},"thumbnailUrl":"https:\/\/smartcitydisplays.com\/wp-content\/uploads\/2022\/10\/SIL-Oprogramowanie-Informacji-Pasazerskiej.jpg","datePublished":"2022-10-21T06:37:26+00:00","dateModified":"2022-11-22T15:49:17+00:00","description":"System Informacji Lokalnej to oprogramowanie s\u0142u\u017c\u0105ce do zarz\u0105dzania i kontroli danych wy\u015bwietlanych na urz\u0105dzeniach informacji pasa\u017cerskiej.","breadcrumb":{"@id":"https:\/\/smartcitydisplays.com\/pl\/system-informacji-lokalnej-oprogramowanie-informacji-pasazerskiej\/#breadcrumb"},"inLanguage":"pl-PL","potentialAction":[{"@type":"ReadAction","target":["https:\/\/smartcitydisplays.com\/pl\/system-informacji-lokalnej-oprogramowanie-informacji-pasazerskiej\/"]}]},{"@type":"ImageObject","inLanguage":"pl-PL","@id":"https:\/\/smartcitydisplays.com\/pl\/system-informacji-lokalnej-oprogramowanie-informacji-pasazerskiej\/#primaryimage","url":"https:\/\/smartcitydisplays.com\/wp-content\/uploads\/2022\/10\/SIL-Oprogramowanie-Informacji-Pasazerskiej.jpg","contentUrl":"https:\/\/smartcitydisplays.com\/wp-content\/uploads\/2022\/10\/SIL-Oprogramowanie-Informacji-Pasazerskiej.jpg","width":650,"height":600,"caption":"Oprogramowanie informacji pasa\u017cerskiej"},{"@type":"BreadcrumbList","@id":"https:\/\/smartcitydisplays.com\/pl\/system-informacji-lokalnej-oprogramowanie-informacji-pasazerskiej\/#breadcrumb","itemListElement":[{"@type":"ListItem","position":1,"name":"Home","item":"https:\/\/smartcitydisplays.com\/pl\/"},{"@type":"ListItem","position":2,"name":"SIL &#8211; System Informacji Lokalnej"}]},{"@type":"WebSite","@id":"https:\/\/smartcitydisplays.com\/pl\/#website","url":"https:\/\/smartcitydisplays.com\/pl\/","name":"Smart City Displays","description":"dysten","potentialAction":[{"@type":"SearchAction","target":{"@type":"EntryPoint","urlTemplate":"https:\/\/smartcitydisplays.com\/pl\/?s={search_term_string}"},"query-input":{"@type":"PropertyValueSpecification","valueRequired":true,"valueName":"search_term_string"}}],"inLanguage":"pl-PL"}]}},"_links":{"self":[{"href":"https:\/\/smartcitydisplays.com\/pl\/wp-json\/wp\/v2\/pages\/16446","targetHints":{"allow":["GET"]}}],"collection":[{"href":"https:\/\/smartcitydisplays.com\/pl\/wp-json\/wp\/v2\/pages"}],"about":[{"href":"https:\/\/smartcitydisplays.com\/pl\/wp-json\/wp\/v2\/types\/page"}],"author":[{"embeddable":true,"href":"https:\/\/smartcitydisplays.com\/pl\/wp-json\/wp\/v2\/users\/5"}],"replies":[{"embeddable":true,"href":"https:\/\/smartcitydisplays.com\/pl\/wp-json\/wp\/v2\/comments?post=16446"}],"version-history":[{"count":30,"href":"https:\/\/smartcitydisplays.com\/pl\/wp-json\/wp\/v2\/pages\/16446\/revisions"}],"predecessor-version":[{"id":16873,"href":"https:\/\/smartcitydisplays.com\/pl\/wp-json\/wp\/v2\/pages\/16446\/revisions\/16873"}],"wp:featuredmedia":[{"embeddable":true,"href":"https:\/\/smartcitydisplays.com\/pl\/wp-json\/wp\/v2\/media\/16416"}],"wp:attachment":[{"href":"https:\/\/smartcitydisplays.com\/pl\/wp-json\/wp\/v2\/media?parent=16446"}],"curies":[{"name":"wp","href":"https:\/\/api.w.org\/{rel}","templated":true}]}}