{"id":6125,"date":"2016-09-21T13:50:21","date_gmt":"2016-09-21T13:50:21","guid":{"rendered":"http:\/\/smartcitydisplays.com\/about-me\/"},"modified":"2023-10-17T13:47:42","modified_gmt":"2023-10-17T13:47:42","slug":"rodo","status":"publish","type":"page","link":"https:\/\/smartcitydisplays.com\/pl\/about-us\/rodo\/","title":{"rendered":"RODO"},"content":{"rendered":"<div class=\"wpb-content-wrapper\"><p>[vc_row row_content_width=&#8221;grid&#8221; css=&#8221;.vc_custom_1580204612825{padding-top: 111px !important;padding-bottom: 70px !important;}&#8221;][vc_column css=&#8221;.vc_custom_1474460664668{padding-top: 0px !important;}&#8221;]<div class=\"eltdf-section-title-holder\" >\n\t\t\t<h1 class=\"eltdf-st-title\" >\n\t\t\t<span>Ochrona Danych Osobowych i Pliki Cookies<\/span>\n\t\t<\/h1>\n\t\t<\/div>[\/vc_column][\/vc_row][vc_row row_content_width=&#8221;grid&#8221;][vc_column][vc_column_text]<\/p>\n<h2>I. Polityka Prywatno\u015bci w Dysten Sp. z o.o.<\/h2>\n<p>&nbsp;<\/p>\n<h3>1. Postanowienia og\u00f3lne<\/h3>\n<p>&nbsp;<\/p>\n<p>Postanowienia poni\u017csze stanowi\u0105 polityk\u0119 prywatno\u015bci (dalej: \u201ePolityka Prywatno\u015bci\u201d), kt\u00f3ra okre\u015bla informacje dotycz\u0105ce zbierania danych, w tym danych osobowych przez Dysten Sp. z o.o. z siedzib\u0105 w Zabrzu przy ul. Grunwaldzkiej 91, o numerze NIP: 6482497573 oraz spos\u00f3b ich przetwarzania.<\/p>\n<p>&nbsp;<\/p>\n<h3>2. Informacje na temat przetwarzania danych osobowych<\/h3>\n<p>&nbsp;<\/p>\n<p>Administratorem Pani\/Pana danych osobowych \u201eADMINISTRATOR\u201d- jest Dysten Sp. z o.o. z siedzib\u0105 w Zabrzu przy ul. Grunwaldzkiej 91<\/p>\n<p>&nbsp;<\/p>\n<p>Zgodnie z art. 13 i 14 RODO- Rozporz\u0105dzeniem Parlamentu Europejskiego i Rady (UE) 2016\/679 z dnia 27 kwietnia 2016r. w sprawie ochrony os\u00f3b fizycznych w zwi\u0105zku z przetwarzaniem danych osobowych i w sprawie swobodnego przep\u0142ywu takich danych oraz uchylenia dyrektywy 95\/46\/WE<\/p>\n<p>(og\u00f3lne rozporz\u0105dzenie o ochronie danych) informujemy i\u017c dane osobowe, kt\u00f3re nam Pa\u0144stwo powierzaj\u0105, b\u0119dziemy przetwarza\u0107 w nast\u0119puj\u0105cych celach:<\/p>\n<p>&nbsp;<\/p>\n<ul>\n<li>W celu niezb\u0119dnym do wykonania umowy, kt\u00f3rej jest Pan\/Pani stron\u0105, (zawarcie i wykonanie umowy lub podj\u0119cia dzia\u0142a\u0144 przed zawarciem umowy w celu jej zawarcia (przygotowanie i przedstawienie oferty), zgodnie z art. 6 ust. 1 lit b RODO.<\/li>\n<li>W celu niezb\u0119dnym do wype\u0142nienia obowi\u0105zku prawnego ci\u0105\u017c\u0105cego na Administratorze zgodnie z art. 6 ust. 1 lit c RODO.<\/li>\n<li>Ponadto, zgodnie z art. 6 ust. 1 lit. f RODO, przetwarzamy dane osobowe w celu niezb\u0119dnym dla realizacji prawnie uzasadnionych cel\u00f3w Administratora (monitoring obiektu w celu zapewnienia bezpiecze\u0144stwa, marketing oferowanych przez nas produkt\u00f3w b\u0105d\u017a us\u0142ug, dochodzenie roszcze\u0144).<\/li>\n<\/ul>\n<p>Je\u017celi przetwarzamy dane osobowe celu przesy\u0142ania informacji handlowych za pomoc\u0105 \u015brodk\u00f3w komunikacji elektronicznej, np. reklam za pomoc\u0105 poczty lub poprzez wykorzystanie telekomunikacyjnych urz\u0105dze\u0144 ko\u0144cowych \u2013 wysy\u0142anie wiadomo\u015bci SMS o tre\u015bci reklamowej, zgodnie z art. 6 ust. 1 lit.a RODO odbywa si\u0119 to na podstawie odr\u0119bnie, dobrowolnie udzielonej nam zgody, kt\u00f3r\u0105 mo\u017cna w ka\u017cdym momencie wycofa\u0107.<\/p>\n<p>&nbsp;<\/p>\n<h4>Planowany okres przechowywania danych osobowych (art. 15 ust. 1 lit. D RODO):<\/h4>\n<p>&nbsp;<\/p>\n<p>Wszystkie dane osobowe b\u0119d\u0105 usuwane zgodnie z wymogami archiwizacji danych.<\/p>\n<p>Zgodnie z przepisami prawa, po osi\u0105gni\u0119ciu celu b\u0105d\u017a wype\u0142nieniu obowi\u0105zku prawnego Administratora zostan\u0105 one usuni\u0119te.<\/p>\n<p>&nbsp;<\/p>\n<h4>Prawa osoby, kt\u00f3rej dotycz\u0105 dane osobowe<\/h4>\n<p>&nbsp;<\/p>\n<p>Informujemy i\u017c w zwi\u0105zku z przetwarzaniem Pa\u0144stwa danych osobowych przys\u0142uguj\u0105 Pani\/Panu nast\u0119puj\u0105ce prawa:<\/p>\n<p>&nbsp;<\/p>\n<p>Posiada Pani\/Pan prawo dost\u0119pu do tre\u015bci swoich danych oraz prawo ich sprostowania, usuni\u0119cia ograniczenia przetwarzania, prawo do przenoszenia danych przetwarzanych w systemach informatycznych, prawo wniesienia sprzeciwu, prawo do cofni\u0119cia udzielonej zgody w dowolnym momencie bez wp\u0142ywu na zgodno\u015b\u0107 z prawem przetwarzania (mo\u017cliwo\u015b\u0107 istnieje je\u017celi przetwarzanie odbywa si\u0119 na podstawie zgody, a nie np. na podstawie przepis\u00f3w uprawniaj\u0105cych administratora do przetwarzania tych danych).<\/p>\n<p>&nbsp;<\/p>\n<p>W celu skorzystania z powy\u017cszych uprawnie\u0144 mo\u017cna si\u0119 z nami kontaktowa\u0107 drog\u0105 elektroniczn\u0105 na adres rodo@dysten.pl<\/p>\n<p>&nbsp;<\/p>\n<p>Ponadto informujemy i\u017c przys\u0142uguje Panu\/Pani prawo wniesienia skargi do GIODO, do Prezesa Urz\u0119du Ochrony Danych Osobowych, gdy uzna Pan\/Pani, i\u017c przetwarzanie danych osobowych Pana\/Pani dotycz\u0105cych, narusza przepisy og\u00f3lnego rozporz\u0105dzenia o ochronie danych osobowych 679\/2016 z dnia 27 kwietnia 2016 r.<br \/>\nKategorie odbiorc\u00f3w danych \/podmiot\u00f3w przetwarzaj\u0105cych dane osobowe w imieniu Dysten Sp. z o.o.<br \/>\nOdbiorc\u0105 Pani\/Pana danych osobowych b\u0119d\u0105 organy uprawnione na mocy przepis\u00f3w prawa (w tym: S\u0105dy, Policja, Prokuratura, organy egzekucyjne, ograny administracji ) lub inne podmioty przetwarzaj\u0105ce dane osobowe w imieniu Dysten Sp. z o.o.:<\/p>\n<ul>\n<li>partnerzy handlowi,<\/li>\n<li>banki, operatorzy pocztowi, przewo\u017anicy,<\/li>\n<li>firmy \u015bwiadcz\u0105ce us\u0142ugi finansowo-ksi\u0119gowe, techniczne, informatyczne, windykacyjne.<\/li>\n<\/ul>\n<p>&nbsp;<\/p>\n<p>Automatyczne podejmowanie decyzji, w tym profilowanie<\/p>\n<p>&nbsp;<\/p>\n<p>Informujemy i\u017c strona\u00a0<a href=\"https:\/\/smartcitydisplays.com\/\"> smartcitydisplays.com<\/a>\u00a0jest obs\u0142ugiwana przez systemy Google Analytics oraz Sales Manago Marketing Automation w ramach kt\u00f3rych otrzymujemy niekt\u00f3re informacje na temat\u00a0 ka\u017cdych odwiedzin na stronie\u00a0<a href=\"https:\/\/smartcitydisplays.com\/\"> smartcitydisplays.com<\/a>\u00a0jak np.: czas odwiedzin, ich \u017ar\u00f3d\u0142o, czas pobytu na podstronach, zakres tre\u015bci wzbudzaj\u0105cych zainteresowanie, identyfikacja os\u00f3b na stronie www, monitoring firm i kontakt\u00f3w. Kontakty mog\u0105 by\u0107 monitorowane i profilowane po wyra\u017ceniu zgody.<\/p>\n<p>&nbsp;<\/p>\n<p>Zbieramy dane kontaktowe po rejestracji przez formularz na podstronie Kontakt w celu przedstawienia koncepcji, rozwi\u0105zania problemu lub wyceny produktu. Celem przetwarzania tych danych jest lepsze dopasowanie strony internetowej, naszych koncepcji, produkt\u00f3w oraz oferty do potrzeb u\u017cytkownik\u00f3w i klient\u00f3w, zwi\u0119kszenie zainteresowania dostarczanymi przez Dysten Sp. z o.o. technologiami, weryfikacja dzia\u0142a\u0144 marketingowych i handlowych, a tak\u017ce mo\u017cliwo\u015b\u0107 \u0142atwiejszego przedstawienia naszych rozwi\u0105za\u0144 zainteresowanym klientom.<\/p>\n<p>&nbsp;<\/p>\n<h2>II. Polityka plik\u00f3w cookies<\/h2>\n<p>Informujemy \u017ce podczas korzystania ze strony internetowej\u00a0<a href=\"https:\/\/smartcitydisplays.com\/\"> smartcitydisplays.com<\/a> w spos\u00f3b automatyczny zbierane s\u0105 informacje zawarte w plikach cookies (tzw. ciasteczka), wi\u0119kszo\u015b\u0107 przegl\u0105darek domy\u015blnie jest ustawionych na akceptacj\u0119 zapisu plik\u00f3w (cookies) w urz\u0105dzeniu ko\u0144cowym (komputer, laptop,\u00a0 smartfon).<\/p>\n<p>Cookies to ma\u0142e pliki tekstowe wysy\u0142ane do komputera, internauty identyfikuj\u0105ce go w spos\u00f3b potrzebny do wykonania danej operacji, np. w postaci uwierzytelnienia, zbierania danych statystycznych lub zapisania danych w formularzach kontaktu lub zam\u00f3wienia. Cookies nie przetwarzaj\u0105 danych osobowych, s\u0105 nieszkodliwe dla komputera i jego u\u017cytkownika oraz jego danych.<\/p>\n<p>Serwis stosuje dwa zasadnicze rodzaje plik\u00f3w (cookies) \u2013 sesyjne i sta\u0142e. Pliki sesyjne s\u0105 tymczasowe, przechowuje si\u0119 je do momentu opuszczenia strony serwisu (poprzez wej\u015bcie na inn\u0105 stron\u0119, wylogowanie lub wy\u0142\u0105czenie przegl\u0105darki). Pliki sta\u0142e przechowywane s\u0105 w urz\u0105dzeniu ko\u0144cowym u\u017cytkownika do czasu ich usuni\u0119cia przez u\u017cytkownika lub przez czas wynikaj\u0105cy z ich ustawie\u0144.<\/p>\n<h4>Pliki (cookies) mog\u0105 by\u0107 wykorzystywane w celu:<\/h4>\n<ul>\n<li>dopasowania zawarto\u015bci strony internetowej do indywidualnych preferencji u\u017cytkownika, przede wszystkim pliki te rozpoznaj\u0105 jego urz\u0105dzenie, aby zgodnie z jego preferencjami wy\u015bwietli\u0107 stron\u0119<\/li>\n<li>przygotowywania statystyk pomagaj\u0105cych poznaniu preferencji i zachowa\u0144 u\u017cytkownik\u00f3w, analiza tych statystyk jest anonimowa i umo\u017cliwia dostosowanie zawarto\u015bci i wygl\u0105du serwisu do panuj\u0105cych trend\u00f3w, statystyki stosuje si\u0119 te\u017c do oceny popularno\u015bci strony<\/li>\n<\/ul>\n<p>Mo\u017cecie Pa\u0144stwo w ka\u017cdej chwili dokona\u0107 zmiany ustawie\u0144 swojej przegl\u0105darki internetowej, aby zablokowa\u0107 obs\u0142ug\u0119 plik\u00f3w (cookies) lub ka\u017cdorazowo uzyskiwa\u0107 informacje o ich umieszczeniu w swoim urz\u0105dzeniu. Inne dost\u0119pne opcje mo\u017cna sprawdzi\u0107 w ustawieniach swojej przegl\u0105darki internetowej. Informacje dotycz\u0105ce ustawie\u0144 przegl\u0105darek internetowych dost\u0119pne s\u0105 w menu przegl\u0105darki (pomoc) lub na stronie jej producenta.<\/p>\n<p>&nbsp;<\/p>\n<h4>Wybierz swoj\u0105 przegl\u0105dark\u0119:<\/h4>\n<p>&nbsp;<\/p>\n<p>Aby dowiedzie\u0107 si\u0119 jak zmieni\u0107 ustawienia swojej przegl\u0105darki wybierz z listy najpopularniejszych przegl\u0105darek swoj\u0105 by uzyska\u0107 pomoc jak usun\u0105\u0107 pliki cookies.<\/p>\n<p>&nbsp;<\/p>\n<ul>\n<li><a href=\"http:\/\/support.microsoft.com\/kb\/278835\/pl\/\">Microsoft Internet Explorer<\/a><\/li>\n<\/ul>\n<ul>\n<li><a href=\"http:\/\/support.mozilla.org\/pl\/kb\/usuwanie-ciasteczek\/\">Mozilla Firefox<\/a><\/li>\n<\/ul>\n<ul>\n<li><a href=\"http:\/\/support.google.com\/chrome\/bin\/answer.py?hl=pl&amp;answer=95647\">Google Chrome<\/a><\/li>\n<\/ul>\n<ul>\n<li><a href=\"http:\/\/help.opera.com\/Linux\/9.60\/pl\/cookies.html\">Opera<\/a><\/li>\n<\/ul>\n<ul>\n<li><a href=\"http:\/\/safari.helpmax.net\/pl\/ochrona-i-prywatnosc\/usuwanie-plikow-cookie\/\">Safari<\/a><\/li>\n<\/ul>\n<p>[\/vc_column_text][vc_empty_space][\/vc_column][\/vc_row]<\/p>\n<\/div>","protected":false},"excerpt":{"rendered":"<p>[vc_row row_content_width=&#8221;grid&#8221; css=&#8221;.vc_custom_1580204612825{padding-top: 111px !important;padding-bottom: 70px !important;}&#8221;][vc_column css=&#8221;.vc_custom_1474460664668{padding-top: 0px !important;}&#8221;][\/vc_column][\/vc_row][vc_row row_content_width=&#8221;grid&#8221;][vc_column][vc_column_text] I. Polityka Prywatno\u015bci w Dysten Sp. z o.o. &nbsp; 1. Postanowienia og\u00f3lne &nbsp; Postanowienia poni\u017csze stanowi\u0105 polityk\u0119 prywatno\u015bci (dalej: \u201ePolityka Prywatno\u015bci\u201d), kt\u00f3ra okre\u015bla informacje dotycz\u0105ce zbierania danych, w tym danych osobowych przez Dysten Sp. [&hellip;]<\/p>\n","protected":false},"author":5,"featured_media":0,"parent":6167,"menu_order":0,"comment_status":"closed","ping_status":"closed","template":"full-width.php","meta":{"content-type":"","footnotes":""},"class_list":["post-6125","page","type-page","status-publish","hentry"],"yoast_head":"<!-- This site is optimized with the Yoast SEO plugin v27.1.1 - https:\/\/yoast.com\/product\/yoast-seo-wordpress\/ -->\n<title>RODO - Smart City Displays<\/title>\n<meta name=\"description\" content=\"Ochrona danych osobowych i pliki cookies w DYSTEN Sp. z o.o.\" \/>\n<meta name=\"robots\" content=\"index, follow, max-snippet:-1, max-image-preview:large, max-video-preview:-1\" \/>\n<link rel=\"canonical\" href=\"https:\/\/smartcitydisplays.com\/pl\/about-us\/rodo\/\" \/>\n<meta property=\"og:locale\" content=\"pl_PL\" \/>\n<meta property=\"og:type\" content=\"article\" \/>\n<meta property=\"og:title\" content=\"RODO - Smart City Displays\" \/>\n<meta property=\"og:description\" content=\"Ochrona danych osobowych i pliki cookies w DYSTEN Sp. z o.o.\" \/>\n<meta property=\"og:url\" content=\"https:\/\/smartcitydisplays.com\/pl\/about-us\/rodo\/\" \/>\n<meta property=\"og:site_name\" content=\"Smart City Displays\" \/>\n<meta property=\"article:publisher\" content=\"https:\/\/www.facebook.com\/dystenpl\/\" \/>\n<meta property=\"article:modified_time\" content=\"2023-10-17T13:47:42+00:00\" \/>\n<meta name=\"twitter:card\" content=\"summary_large_image\" \/>\n<meta name=\"twitter:site\" content=\"@Dysten3\" \/>\n<meta name=\"twitter:label1\" content=\"Szacowany czas czytania\" \/>\n\t<meta name=\"twitter:data1\" content=\"6 minut\" \/>\n<script type=\"application\/ld+json\" class=\"yoast-schema-graph\">{\"@context\":\"https:\/\/schema.org\",\"@graph\":[{\"@type\":\"WebPage\",\"@id\":\"https:\/\/smartcitydisplays.com\/pl\/about-us\/rodo\/\",\"url\":\"https:\/\/smartcitydisplays.com\/pl\/about-us\/rodo\/\",\"name\":\"RODO - Smart City Displays\",\"isPartOf\":{\"@id\":\"https:\/\/smartcitydisplays.com\/pl\/#website\"},\"datePublished\":\"2016-09-21T13:50:21+00:00\",\"dateModified\":\"2023-10-17T13:47:42+00:00\",\"description\":\"Ochrona danych osobowych i pliki cookies w DYSTEN Sp. z o.o.\",\"breadcrumb\":{\"@id\":\"https:\/\/smartcitydisplays.com\/pl\/about-us\/rodo\/#breadcrumb\"},\"inLanguage\":\"pl-PL\",\"potentialAction\":[{\"@type\":\"ReadAction\",\"target\":[\"https:\/\/smartcitydisplays.com\/pl\/about-us\/rodo\/\"]}]},{\"@type\":\"BreadcrumbList\",\"@id\":\"https:\/\/smartcitydisplays.com\/pl\/about-us\/rodo\/#breadcrumb\",\"itemListElement\":[{\"@type\":\"ListItem\",\"position\":1,\"name\":\"Home\",\"item\":\"https:\/\/smartcitydisplays.com\/pl\/\"},{\"@type\":\"ListItem\",\"position\":2,\"name\":\"O NAS\",\"item\":\"https:\/\/smartcitydisplays.com\/pl\/about-us\/\"},{\"@type\":\"ListItem\",\"position\":3,\"name\":\"RODO\"}]},{\"@type\":\"WebSite\",\"@id\":\"https:\/\/smartcitydisplays.com\/pl\/#website\",\"url\":\"https:\/\/smartcitydisplays.com\/pl\/\",\"name\":\"Smart City Displays\",\"description\":\"dysten\",\"potentialAction\":[{\"@type\":\"SearchAction\",\"target\":{\"@type\":\"EntryPoint\",\"urlTemplate\":\"https:\/\/smartcitydisplays.com\/pl\/?s={search_term_string}\"},\"query-input\":{\"@type\":\"PropertyValueSpecification\",\"valueRequired\":true,\"valueName\":\"search_term_string\"}}],\"inLanguage\":\"pl-PL\"}]}<\/script>\n<!-- \/ Yoast SEO plugin. -->","yoast_head_json":{"title":"RODO - Smart City Displays","description":"Ochrona danych osobowych i pliki cookies w DYSTEN Sp. z o.o.","robots":{"index":"index","follow":"follow","max-snippet":"max-snippet:-1","max-image-preview":"max-image-preview:large","max-video-preview":"max-video-preview:-1"},"canonical":"https:\/\/smartcitydisplays.com\/pl\/about-us\/rodo\/","og_locale":"pl_PL","og_type":"article","og_title":"RODO - Smart City Displays","og_description":"Ochrona danych osobowych i pliki cookies w DYSTEN Sp. z o.o.","og_url":"https:\/\/smartcitydisplays.com\/pl\/about-us\/rodo\/","og_site_name":"Smart City Displays","article_publisher":"https:\/\/www.facebook.com\/dystenpl\/","article_modified_time":"2023-10-17T13:47:42+00:00","twitter_card":"summary_large_image","twitter_site":"@Dysten3","twitter_misc":{"Szacowany czas czytania":"6 minut"},"schema":{"@context":"https:\/\/schema.org","@graph":[{"@type":"WebPage","@id":"https:\/\/smartcitydisplays.com\/pl\/about-us\/rodo\/","url":"https:\/\/smartcitydisplays.com\/pl\/about-us\/rodo\/","name":"RODO - Smart City Displays","isPartOf":{"@id":"https:\/\/smartcitydisplays.com\/pl\/#website"},"datePublished":"2016-09-21T13:50:21+00:00","dateModified":"2023-10-17T13:47:42+00:00","description":"Ochrona danych osobowych i pliki cookies w DYSTEN Sp. z o.o.","breadcrumb":{"@id":"https:\/\/smartcitydisplays.com\/pl\/about-us\/rodo\/#breadcrumb"},"inLanguage":"pl-PL","potentialAction":[{"@type":"ReadAction","target":["https:\/\/smartcitydisplays.com\/pl\/about-us\/rodo\/"]}]},{"@type":"BreadcrumbList","@id":"https:\/\/smartcitydisplays.com\/pl\/about-us\/rodo\/#breadcrumb","itemListElement":[{"@type":"ListItem","position":1,"name":"Home","item":"https:\/\/smartcitydisplays.com\/pl\/"},{"@type":"ListItem","position":2,"name":"O NAS","item":"https:\/\/smartcitydisplays.com\/pl\/about-us\/"},{"@type":"ListItem","position":3,"name":"RODO"}]},{"@type":"WebSite","@id":"https:\/\/smartcitydisplays.com\/pl\/#website","url":"https:\/\/smartcitydisplays.com\/pl\/","name":"Smart City Displays","description":"dysten","potentialAction":[{"@type":"SearchAction","target":{"@type":"EntryPoint","urlTemplate":"https:\/\/smartcitydisplays.com\/pl\/?s={search_term_string}"},"query-input":{"@type":"PropertyValueSpecification","valueRequired":true,"valueName":"search_term_string"}}],"inLanguage":"pl-PL"}]}},"_links":{"self":[{"href":"https:\/\/smartcitydisplays.com\/pl\/wp-json\/wp\/v2\/pages\/6125","targetHints":{"allow":["GET"]}}],"collection":[{"href":"https:\/\/smartcitydisplays.com\/pl\/wp-json\/wp\/v2\/pages"}],"about":[{"href":"https:\/\/smartcitydisplays.com\/pl\/wp-json\/wp\/v2\/types\/page"}],"author":[{"embeddable":true,"href":"https:\/\/smartcitydisplays.com\/pl\/wp-json\/wp\/v2\/users\/5"}],"replies":[{"embeddable":true,"href":"https:\/\/smartcitydisplays.com\/pl\/wp-json\/wp\/v2\/comments?post=6125"}],"version-history":[{"count":40,"href":"https:\/\/smartcitydisplays.com\/pl\/wp-json\/wp\/v2\/pages\/6125\/revisions"}],"predecessor-version":[{"id":22149,"href":"https:\/\/smartcitydisplays.com\/pl\/wp-json\/wp\/v2\/pages\/6125\/revisions\/22149"}],"up":[{"embeddable":true,"href":"https:\/\/smartcitydisplays.com\/pl\/wp-json\/wp\/v2\/pages\/6167"}],"wp:attachment":[{"href":"https:\/\/smartcitydisplays.com\/pl\/wp-json\/wp\/v2\/media?parent=6125"}],"curies":[{"name":"wp","href":"https:\/\/api.w.org\/{rel}","templated":true}]}}