{"id":6304,"date":"2020-01-21T13:00:26","date_gmt":"2020-01-21T13:00:26","guid":{"rendered":"http:\/\/smartcitydisplays.com\/european-funds\/"},"modified":"2020-06-26T10:38:27","modified_gmt":"2020-06-26T10:38:27","slug":"european-funds","status":"publish","type":"page","link":"https:\/\/smartcitydisplays.com\/pl\/european-funds\/","title":{"rendered":"Fundusze europejskie"},"content":{"rendered":"<div class=\"wpb-content-wrapper\"><p>[vc_row][vc_column][vc_single_image image=&#8221;6294&#8243; img_size=&#8221;large&#8221; alignment=&#8221;center&#8221;][\/vc_column][\/vc_row][vc_row][vc_column][vc_column_text]<b>Tytu\u0142 projektu: <\/b>\u201ePromocja produkt\u00f3w przedsi\u0119biorstwa Dysten na rynkach mi\u0119dzynarodowych poprzez udzia\u0142 w programie dedykowanemu bran\u017cy IT\/ICT.\u201d<\/p>\n<p><b>Beneficjent: <\/b>DYSTEN Sp. z o.o.<\/p>\n<p><b>Warto\u015b\u0107 projektu<\/b>: 371 900.00 z\u0142<\/p>\n<p><b>Wk\u0142ad Funduszy Europejskich: <\/b>278 925.00 PLN<\/p>\n<p><b>Cele projektu: <\/b>celem projektu jest promocja produkt\u00f3w DYSTEN na rynkach zagranicznych poprzez udzia\u0142 w programie dedykowanemu bran\u017cy IT\/ICT, w tym w wybranych wydarzeniach targowo-wystawienniczych w charakterze wystawcy, w wyjazdowych misjach gospodarczych za granic\u0105 oraz realizacj\u0119 dodatkowych dzia\u0142a\u0144 informacyjno-promocyjnych.<\/p>\n<p>Swoim zakresem projekt obejmuje dzia\u0142anie na rynkach perspektywicznych Bliskiego Wschodu (Izrael, Zjednoczone Emiraty Arabskie &#8211; ZEA) oraz pa\u0144stw Europy Centralnej i Wschodniej (Ukraina).<\/p>\n<p><b>Efekty projektu: <\/b>efektem projektu ma by\u0107 kontynuacja strategii ekspansji mi\u0119dzynarodowej sp\u00f3\u0142ki pozwalaj\u0105ca na rozszerzenie eksportu na wybrane rynki, pozyskanie nowych kontrakt\u00f3w zagranicznych oraz promocja polskiej przedsi\u0119biorczo\u015bci i marek produktowych na \u015bwiecie.<\/p>\n<p align=\"CENTER\">Projekt wsp\u00f3\u0142finansowany przez Uni\u0119 Europejsk\u0105 z Europejskiego Funduszu Rozwoju Regionalnego w ramach Programu Operacyjnego Inteligentny Rozw\u00f3j na lata 2014-2020, poddzia\u0142ania 3.3.3. WSPARCIE M\u015aP W PROMOCJI MAREK PRODUKTOWYCH \u2013 GO TO BRAND.<\/p>\n<p>[\/vc_column_text][vc_empty_space height=&#8221;50px&#8221;][\/vc_column][\/vc_row][vc_row][vc_column][vc_single_image image=&#8221;8035&#8243; img_size=&#8221;large&#8221; alignment=&#8221;center&#8221;][\/vc_column][\/vc_row]<\/p>\n<\/div>","protected":false},"excerpt":{"rendered":"<p>[vc_row][vc_column][vc_single_image image=&#8221;6294&#8243; img_size=&#8221;large&#8221; alignment=&#8221;center&#8221;][\/vc_column][\/vc_row][vc_row][vc_column][vc_column_text]Tytu\u0142 projektu: \u201ePromocja produkt\u00f3w przedsi\u0119biorstwa Dysten na rynkach mi\u0119dzynarodowych poprzez udzia\u0142 w programie dedykowanemu bran\u017cy IT\/ICT.\u201d Beneficjent: DYSTEN Sp. z o.o. Warto\u015b\u0107 projektu: 371 900.00 z\u0142 Wk\u0142ad Funduszy Europejskich: 278 925.00 PLN Cele projektu: celem projektu jest promocja produkt\u00f3w DYSTEN na rynkach [&hellip;]<\/p>\n","protected":false},"author":5,"featured_media":0,"parent":0,"menu_order":0,"comment_status":"closed","ping_status":"closed","template":"","meta":{"content-type":"","footnotes":""},"class_list":["post-6304","page","type-page","status-publish","hentry"],"yoast_head":"<!-- This site is optimized with the Yoast SEO plugin v27.1.1 - https:\/\/yoast.com\/product\/yoast-seo-wordpress\/ -->\n<title>Fundusze europejskie - Smart City Displays<\/title>\n<meta name=\"robots\" content=\"index, follow, max-snippet:-1, max-image-preview:large, max-video-preview:-1\" \/>\n<link rel=\"canonical\" href=\"https:\/\/smartcitydisplays.com\/pl\/european-funds\/\" \/>\n<meta property=\"og:locale\" content=\"pl_PL\" \/>\n<meta property=\"og:type\" content=\"article\" \/>\n<meta property=\"og:title\" content=\"Fundusze europejskie - Smart City Displays\" \/>\n<meta property=\"og:description\" content=\"[vc_row][vc_column][vc_single_image image=&#8221;6294&#8243; img_size=&#8221;large&#8221; alignment=&#8221;center&#8221;][\/vc_column][\/vc_row][vc_row][vc_column][vc_column_text]Tytu\u0142 projektu: \u201ePromocja produkt\u00f3w przedsi\u0119biorstwa Dysten na rynkach mi\u0119dzynarodowych poprzez udzia\u0142 w programie dedykowanemu bran\u017cy IT\/ICT.\u201d Beneficjent: DYSTEN Sp. z o.o. Warto\u015b\u0107 projektu: 371 900.00 z\u0142 Wk\u0142ad Funduszy Europejskich: 278 925.00 PLN Cele projektu: celem projektu jest promocja produkt\u00f3w DYSTEN na rynkach [&hellip;]\" \/>\n<meta property=\"og:url\" content=\"https:\/\/smartcitydisplays.com\/pl\/european-funds\/\" \/>\n<meta property=\"og:site_name\" content=\"Smart City Displays\" \/>\n<meta property=\"article:publisher\" content=\"https:\/\/www.facebook.com\/dystenpl\/\" \/>\n<meta property=\"article:modified_time\" content=\"2020-06-26T10:38:27+00:00\" \/>\n<meta name=\"twitter:card\" content=\"summary_large_image\" \/>\n<meta name=\"twitter:site\" content=\"@Dysten3\" \/>\n<meta name=\"twitter:label1\" content=\"Szacowany czas czytania\" \/>\n\t<meta name=\"twitter:data1\" content=\"1 minuta\" \/>\n<script type=\"application\/ld+json\" class=\"yoast-schema-graph\">{\"@context\":\"https:\/\/schema.org\",\"@graph\":[{\"@type\":\"WebPage\",\"@id\":\"https:\/\/smartcitydisplays.com\/pl\/european-funds\/\",\"url\":\"https:\/\/smartcitydisplays.com\/pl\/european-funds\/\",\"name\":\"Fundusze europejskie - Smart City Displays\",\"isPartOf\":{\"@id\":\"https:\/\/smartcitydisplays.com\/pl\/#website\"},\"datePublished\":\"2020-01-21T13:00:26+00:00\",\"dateModified\":\"2020-06-26T10:38:27+00:00\",\"breadcrumb\":{\"@id\":\"https:\/\/smartcitydisplays.com\/pl\/european-funds\/#breadcrumb\"},\"inLanguage\":\"pl-PL\",\"potentialAction\":[{\"@type\":\"ReadAction\",\"target\":[\"https:\/\/smartcitydisplays.com\/pl\/european-funds\/\"]}]},{\"@type\":\"BreadcrumbList\",\"@id\":\"https:\/\/smartcitydisplays.com\/pl\/european-funds\/#breadcrumb\",\"itemListElement\":[{\"@type\":\"ListItem\",\"position\":1,\"name\":\"Home\",\"item\":\"https:\/\/smartcitydisplays.com\/pl\/\"},{\"@type\":\"ListItem\",\"position\":2,\"name\":\"Fundusze europejskie\"}]},{\"@type\":\"WebSite\",\"@id\":\"https:\/\/smartcitydisplays.com\/pl\/#website\",\"url\":\"https:\/\/smartcitydisplays.com\/pl\/\",\"name\":\"Smart City Displays\",\"description\":\"dysten\",\"potentialAction\":[{\"@type\":\"SearchAction\",\"target\":{\"@type\":\"EntryPoint\",\"urlTemplate\":\"https:\/\/smartcitydisplays.com\/pl\/?s={search_term_string}\"},\"query-input\":{\"@type\":\"PropertyValueSpecification\",\"valueRequired\":true,\"valueName\":\"search_term_string\"}}],\"inLanguage\":\"pl-PL\"}]}<\/script>\n<!-- \/ Yoast SEO plugin. -->","yoast_head_json":{"title":"Fundusze europejskie - Smart City Displays","robots":{"index":"index","follow":"follow","max-snippet":"max-snippet:-1","max-image-preview":"max-image-preview:large","max-video-preview":"max-video-preview:-1"},"canonical":"https:\/\/smartcitydisplays.com\/pl\/european-funds\/","og_locale":"pl_PL","og_type":"article","og_title":"Fundusze europejskie - Smart City Displays","og_description":"[vc_row][vc_column][vc_single_image image=&#8221;6294&#8243; img_size=&#8221;large&#8221; alignment=&#8221;center&#8221;][\/vc_column][\/vc_row][vc_row][vc_column][vc_column_text]Tytu\u0142 projektu: \u201ePromocja produkt\u00f3w przedsi\u0119biorstwa Dysten na rynkach mi\u0119dzynarodowych poprzez udzia\u0142 w programie dedykowanemu bran\u017cy IT\/ICT.\u201d Beneficjent: DYSTEN Sp. z o.o. Warto\u015b\u0107 projektu: 371 900.00 z\u0142 Wk\u0142ad Funduszy Europejskich: 278 925.00 PLN Cele projektu: celem projektu jest promocja produkt\u00f3w DYSTEN na rynkach [&hellip;]","og_url":"https:\/\/smartcitydisplays.com\/pl\/european-funds\/","og_site_name":"Smart City Displays","article_publisher":"https:\/\/www.facebook.com\/dystenpl\/","article_modified_time":"2020-06-26T10:38:27+00:00","twitter_card":"summary_large_image","twitter_site":"@Dysten3","twitter_misc":{"Szacowany czas czytania":"1 minuta"},"schema":{"@context":"https:\/\/schema.org","@graph":[{"@type":"WebPage","@id":"https:\/\/smartcitydisplays.com\/pl\/european-funds\/","url":"https:\/\/smartcitydisplays.com\/pl\/european-funds\/","name":"Fundusze europejskie - Smart City Displays","isPartOf":{"@id":"https:\/\/smartcitydisplays.com\/pl\/#website"},"datePublished":"2020-01-21T13:00:26+00:00","dateModified":"2020-06-26T10:38:27+00:00","breadcrumb":{"@id":"https:\/\/smartcitydisplays.com\/pl\/european-funds\/#breadcrumb"},"inLanguage":"pl-PL","potentialAction":[{"@type":"ReadAction","target":["https:\/\/smartcitydisplays.com\/pl\/european-funds\/"]}]},{"@type":"BreadcrumbList","@id":"https:\/\/smartcitydisplays.com\/pl\/european-funds\/#breadcrumb","itemListElement":[{"@type":"ListItem","position":1,"name":"Home","item":"https:\/\/smartcitydisplays.com\/pl\/"},{"@type":"ListItem","position":2,"name":"Fundusze europejskie"}]},{"@type":"WebSite","@id":"https:\/\/smartcitydisplays.com\/pl\/#website","url":"https:\/\/smartcitydisplays.com\/pl\/","name":"Smart City Displays","description":"dysten","potentialAction":[{"@type":"SearchAction","target":{"@type":"EntryPoint","urlTemplate":"https:\/\/smartcitydisplays.com\/pl\/?s={search_term_string}"},"query-input":{"@type":"PropertyValueSpecification","valueRequired":true,"valueName":"search_term_string"}}],"inLanguage":"pl-PL"}]}},"_links":{"self":[{"href":"https:\/\/smartcitydisplays.com\/pl\/wp-json\/wp\/v2\/pages\/6304","targetHints":{"allow":["GET"]}}],"collection":[{"href":"https:\/\/smartcitydisplays.com\/pl\/wp-json\/wp\/v2\/pages"}],"about":[{"href":"https:\/\/smartcitydisplays.com\/pl\/wp-json\/wp\/v2\/types\/page"}],"author":[{"embeddable":true,"href":"https:\/\/smartcitydisplays.com\/pl\/wp-json\/wp\/v2\/users\/5"}],"replies":[{"embeddable":true,"href":"https:\/\/smartcitydisplays.com\/pl\/wp-json\/wp\/v2\/comments?post=6304"}],"version-history":[{"count":2,"href":"https:\/\/smartcitydisplays.com\/pl\/wp-json\/wp\/v2\/pages\/6304\/revisions"}],"predecessor-version":[{"id":8036,"href":"https:\/\/smartcitydisplays.com\/pl\/wp-json\/wp\/v2\/pages\/6304\/revisions\/8036"}],"wp:attachment":[{"href":"https:\/\/smartcitydisplays.com\/pl\/wp-json\/wp\/v2\/media?parent=6304"}],"curies":[{"name":"wp","href":"https:\/\/api.w.org\/{rel}","templated":true}]}}