{"id":6562,"date":"2016-09-22T14:20:20","date_gmt":"2016-09-22T14:20:20","guid":{"rendered":"http:\/\/smartcitydisplays.com\/contact\/"},"modified":"2026-02-10T14:00:34","modified_gmt":"2026-02-10T14:00:34","slug":"contact","status":"publish","type":"page","link":"https:\/\/smartcitydisplays.com\/pl\/contact\/","title":{"rendered":"KONTAKT"},"content":{"rendered":"<div class=\"wpb-content-wrapper\"><p>[vc_row row_content_width=&#8221;grid&#8221; content_text_aligment=&#8221;left&#8221; css=&#8221;.vc_custom_1672913879776{padding-top: 0px !important;padding-bottom: 61px !important;}&#8221;][vc_column offset=&#8221;vc_col-md-6&#8243;][vc_row_inner][vc_column_inner offset=&#8221;vc_col-lg-6 vc_col-md-12&#8243;][vc_column_text css=&#8221;&#8221;]<\/p>\n<h3>Adres:<\/h3>\n<p>DYSTEN Sp. z o.o.<\/p>\n<p>ul. Grunwaldzka 91,<\/p>\n<p>41-800 Zabrze<\/p>\n<p>Polska[\/vc_column_text][vc_empty_space height=&#8221;12&#8243;][vc_column_text]<strong>Email<\/strong>: <a href=\"mailto:biuro@dysten.pl\">biuro@dysten.pl<\/a><\/p>\n<p><strong>Telefon<\/strong>: +48 32 376 12 60<\/p>\n<p><strong>Godziny otwarcia:<\/strong> 8:00-16:00[\/vc_column_text][vc_empty_space height=&#8221;50&#8243;][\/vc_column_inner][vc_column_inner offset=&#8221;vc_col-lg-6 vc_col-md-12&#8243;][vc_column_text][\/vc_column_text][\/vc_column_inner][\/vc_row_inner][\/vc_column][vc_column offset=&#8221;vc_col-md-6&#8243;][vc_column_text css=&#8221;&#8221;]<\/p>\n<h3>Dzia\u0142 Sprzeda\u017cy<\/h3>\n<p>[\/vc_column_text][vc_empty_space height=&#8221;20&#8243;][vc_row_inner][vc_column_inner width=&#8221;1\/2&#8243;][vc_column_text css=&#8221;&#8221;]<strong>Joanna Lisowska<\/strong><\/p>\n<p>Dyrektor Handlowy<br \/>\nProjekty kolejowe<br \/>\ntel. +48 797 026 352<br \/>\ne-mail: joanna.lisowska@dysten.pl[\/vc_column_text][vc_empty_space height=&#8221;40&#8243;][vc_column_text css=&#8221;&#8221;]<strong>Daniel Szurgacz<\/strong><\/p>\n<p><span data-olk-copy-source=\"MessageBody\">Specjalista ds. Sprzeda\u017cy<br \/>\n<\/span>Projekty krajowe<br \/>\ntel.+48 <span data-olk-copy-source=\"MessageBody\">881 967 318<\/span><br \/>\ne-mail: its@dysten.pl[\/vc_column_text][vc_empty_space height=&#8221;40px&#8221;][vc_column_text css=&#8221;&#8221;]<strong>Piotr P\u0119kala<\/strong><\/p>\n<p><span data-olk-copy-source=\"MessageBody\">International Sales Representative<br \/>\n<\/span>Projekty mi\u0119dzynarodowe<br \/>\ntel.+48 <span data-olk-copy-source=\"MessageBody\">881\u00a0959 714<\/span><br \/>\ne-mail: its@dysten.pl[\/vc_column_text][\/vc_column_inner][vc_column_inner width=&#8221;1\/2&#8243;][vc_column_text css=&#8221;&#8221;]<strong>Tomasz Rozenbaum<\/strong><\/p>\n<p>Specjalista ds. Sprzeda\u017cy<br \/>\nProjekty krajowe<br \/>\ntel.+48 509 489 269<br \/>\ne-mail: its@dysten.pl[\/vc_column_text][vc_empty_space height=&#8221;40px&#8221;][vc_column_text css=&#8221;&#8221;]<strong>Maciej \u017boczek<\/strong><\/p>\n<p><span data-olk-copy-source=\"MessageBody\">International Sales Representative<br \/>\n<\/span>Projekty mi\u0119dzynarodowe<br \/>\ntel.+48 <span data-olk-copy-source=\"MessageBody\">881\u00a0962 440<\/span><br \/>\ne-mail: its@dysten.pl[\/vc_column_text][\/vc_column_inner][\/vc_row_inner][vc_empty_space height=&#8221;20&#8243;][vc_row_inner][vc_column_inner width=&#8221;1\/2&#8243;][vc_column_text css=&#8221;&#8221;]<\/p>\n<h3>Biuro Zarz\u0105du<\/h3>\n<p>tel. +48 604 495 638<br \/>\ne-mail: biuro@dysten.pl[\/vc_column_text][\/vc_column_inner][vc_column_inner width=&#8221;1\/2&#8243;][vc_column_text css=&#8221;&#8221;]<\/p>\n<h3>Dzia\u0142 Serwisu<\/h3>\n<p>tel.+48 604 495 639<br \/>\ne-mail: serwis@dysten.pl[\/vc_column_text][\/vc_column_inner][\/vc_row_inner][vc_empty_space height=&#8221;70&#8243;][\/vc_column][vc_column][vc_column_text]<\/p>\n<h3>Zosta\u0144 naszym partnerem<\/h3>\n<p>[\/vc_column_text][vc_column_text]Wsp\u00f3\u0142pracujemy z partnerami w wielu krajach, kt\u00f3rzy instaluj\u0105 i serwisuj\u0105 urz\u0105dzenia Dysten. Cz\u0119sto s\u0105 one wykonywane zgodnie z indywidualn\u0105 specyfikacj\u0105 partnera pod konkretne lokalne przetargi. DYSTEN jest firm\u0105, kt\u00f3ra ma w\u0142asny dzia\u0142 badawczo-rozwojowy, produkcj\u0119 i zesp\u00f3\u0142 do\u015bwiadczonych in\u017cynier\u00f3w. \u0141\u0105czymy niezawodno\u015b\u0107, innowacje, nowoczesne technologie i atrakcyjn\u0105 cen\u0119.[\/vc_column_text][vc_empty_space height=&#8221;50&#8243;][vc_column_text]<\/p>\n<h3>Wy\u015blij zapytanie<\/h3>\n<p>[\/vc_column_text][vc_empty_space height=&#8221;27&#8243;][vc_row_inner content_text_aligment=&#8221;left&#8221;][vc_column_inner][vc_empty_space height=&#8221;8&#8243;]\n<div class=\"wpcf7 no-js\" id=\"wpcf7-f7781-o1\" lang=\"en-US\" dir=\"ltr\" data-wpcf7-id=\"7781\">\n<div class=\"screen-reader-response\"><p role=\"status\" aria-live=\"polite\" aria-atomic=\"true\"><\/p> <ul><\/ul><\/div>\n<form action=\"\/pl\/wp-json\/wp\/v2\/pages\/6562#wpcf7-f7781-o1\" method=\"post\" class=\"wpcf7-form init cf7_custom_style_1\" aria-label=\"Contact form\" enctype=\"multipart\/form-data\" novalidate=\"novalidate\" data-status=\"init\">\n<fieldset class=\"hidden-fields-container\"><input type=\"hidden\" name=\"_wpcf7\" value=\"7781\" \/><input type=\"hidden\" name=\"_wpcf7_version\" value=\"6.1.5\" \/><input type=\"hidden\" name=\"_wpcf7_locale\" value=\"en_US\" \/><input type=\"hidden\" name=\"_wpcf7_unit_tag\" value=\"wpcf7-f7781-o1\" \/><input type=\"hidden\" name=\"_wpcf7_container_post\" value=\"0\" \/><input type=\"hidden\" name=\"_wpcf7_posted_data_hash\" value=\"\" \/><input type=\"hidden\" name=\"_wpcf7_recaptcha_response\" value=\"\" \/>\n<\/fieldset>\n<div>\n\t<p><span class=\"wpcf7-form-control-wrap\" data-name=\"your-name\"><input size=\"40\" maxlength=\"400\" class=\"wpcf7-form-control wpcf7-text wpcf7-validates-as-required\" aria-required=\"true\" aria-invalid=\"false\" placeholder=\"Imi\u0119*\" value=\"\" type=\"text\" name=\"your-name\" \/><\/span>\n\t<\/p>\n<\/div>\n<div>\n\t<p><span class=\"wpcf7-form-control-wrap\" data-name=\"your-surname\"><input size=\"40\" maxlength=\"400\" class=\"wpcf7-form-control wpcf7-text wpcf7-validates-as-required\" aria-required=\"true\" aria-invalid=\"false\" placeholder=\"Nazwisko*\" value=\"\" type=\"text\" name=\"your-surname\" \/><\/span>\n\t<\/p>\n<\/div>\n<div>\n\t<p><span class=\"wpcf7-form-control-wrap\" data-name=\"tel\"><input size=\"40\" maxlength=\"400\" class=\"wpcf7-form-control wpcf7-tel wpcf7-text wpcf7-validates-as-tel\" aria-invalid=\"false\" placeholder=\"Telefon\" value=\"\" type=\"tel\" name=\"tel\" \/><\/span>\n\t<\/p>\n<\/div>\n<div>\n\t<p><span class=\"wpcf7-form-control-wrap\" data-name=\"email\"><input size=\"40\" maxlength=\"400\" class=\"wpcf7-form-control wpcf7-email wpcf7-validates-as-required wpcf7-text wpcf7-validates-as-email\" aria-required=\"true\" aria-invalid=\"false\" placeholder=\"E-mail*\" value=\"\" type=\"email\" name=\"email\" \/><\/span>\n\t<\/p>\n<\/div>\n<div>\n\t<p><span class=\"wpcf7-form-control-wrap\" data-name=\"company\"><input size=\"40\" maxlength=\"400\" class=\"wpcf7-form-control wpcf7-text wpcf7-validates-as-required\" aria-required=\"true\" aria-invalid=\"false\" placeholder=\"Firma*\" value=\"\" type=\"text\" name=\"company\" \/><\/span>\n\t<\/p>\n<\/div>\n<div>\n\t<p><span class=\"wpcf7-form-control-wrap\" data-name=\"menu\"><select class=\"wpcf7-form-control wpcf7-select\" aria-invalid=\"false\" name=\"menu\"><option value=\"Dotyczy:\">Dotyczy:<\/option><option value=\"Wy\u015bwietlacze informacji pasa\u017cerskiej LED\">Wy\u015bwietlacze informacji pasa\u017cerskiej LED<\/option><option value=\"Wy\u015bwietlacze informacji pasa\u017cerskiej LCD\">Wy\u015bwietlacze informacji pasa\u017cerskiej LCD<\/option><option value=\"Wy\u015bwietlacze informacji pasa\u017cerskiej E-papier\">Wy\u015bwietlacze informacji pasa\u017cerskiej E-papier<\/option><option value=\"Totem informacji miejskiej\">Totem informacji miejskiej<\/option><option value=\"Znaki zmiennej tre\u015bci\">Znaki zmiennej tre\u015bci<\/option><option value=\"Wy\u015bwietlacze parkingowe\">Wy\u015bwietlacze parkingowe<\/option><option value=\"Tablice kierunkowe do pojazd\u00f3w\">Tablice kierunkowe do pojazd\u00f3w<\/option><option value=\"Panel SOS\/Text to speach\">Panel SOS\/Text to speach<\/option><\/select><\/span>\n\t<\/p>\n<\/div>\n<div>\n\t<p><span class=\"wpcf7-form-control-wrap\" data-name=\"message\"><textarea cols=\"40\" rows=\"8\" maxlength=\"2000\" class=\"wpcf7-form-control wpcf7-textarea\" aria-invalid=\"false\" placeholder=\"Wiadomo\u015b\u0107*\" name=\"message\"><\/textarea><\/span>\n\t<\/p>\n<\/div>\n<p><span class=\"wpcf7-form-control-wrap\" data-name=\"file-214\"><input size=\"40\" class=\"wpcf7-form-control wpcf7-file\" accept=\"audio\/*,video\/*,image\/*\" aria-invalid=\"false\" type=\"file\" name=\"file-214\" \/><\/span>\n<\/p>\n<p><span class=\"wpcf7-form-control-wrap\" data-name=\"acceptance-47\"><span class=\"wpcf7-form-control wpcf7-acceptance\"><span class=\"wpcf7-list-item\"><label><input type=\"checkbox\" name=\"acceptance-47\" value=\"1\" aria-invalid=\"false\" \/><span class=\"wpcf7-list-item-label\">Wysy\u0142aj\u0105c zapytanie zgadzam si\u0119 na przetwarzanie moich danych osobowych zgodnie z przepisami o ochronie danych osobowych <a href=\"https:\/\/smartcitydisplays.com\/pl\/about-us\/rodo\/\">(GDPR-RODO).<\/a> Brak zgody na przetwarzanie danych osobowych uniemo\u017cliwi udzielenie odpowiedzi*<\/span><\/label><\/span><\/span><\/span>\n<\/p>\n<div>\n\t<p><input class=\"wpcf7-form-control wpcf7-submit has-spinner\" type=\"submit\" value=\"Wy\u015blij\" \/><a rel=\"noopener\"><\/a>\n\t<\/p>\n<\/div><div class=\"wpcf7-response-output\" aria-hidden=\"true\"><\/div>\n<\/form>\n<\/div>\n[vc_empty_space height=&#8221;50&#8243;][\/vc_column_inner][\/vc_row_inner][\/vc_column][\/vc_row][vc_row row_content_width=&#8221;grid&#8221; content_text_aligment=&#8221;center&#8221; el_class=&#8221;map-wrapper&#8221;][vc_column][vc_gmaps link=&#8221;#E-8_JTNDaWZyYW1lJTIwc3JjJTNEJTIyaHR0cHMlM0ElMkYlMkZ3d3cuZ29vZ2xlLmNvbSUyRm1hcHMlMkZlbWJlZCUzRnBiJTNEJTIxMW0xOCUyMTFtMTIlMjExbTMlMjExZDI1NDcuOTgwNzAyNDY4NTg5JTIxMmQxOC43NTI1MTk5MTU4OTIzNjglMjEzZDUwLjMxMDk1MjIwNTI4NzM3JTIxMm0zJTIxMWYwJTIxMmYwJTIxM2YwJTIxM20yJTIxMWkxMDI0JTIxMmk3NjglMjE0ZjEzLjElMjEzbTMlMjExbTIlMjExczB4NDcxMTMyMWQ5YjhjYzk5ZiUyNTNBMHg3ZjMzMmI2ODZlZTM2Njc1JTIxMnNHcnVud2FsZHprYSUyNTIwOTElMjUyQyUyNTIwNDEtODAwJTI1MjBaYWJyemUlMjE1ZTAlMjEzbTIlMjExc3BsJTIxMnNwbCUyMTR2MTU4MTY4MTM4NjQ1MCUyMTVtMiUyMTFzcGwlMjEyc3BsJTIyJTIwd2lkdGglM0QlMjI2MDAlMjIlMjBoZWlnaHQlM0QlMjI0NTAlMjIlMjBmcmFtZWJvcmRlciUzRCUyMjAlMjIlMjBzdHlsZSUzRCUyMmJvcmRlciUzQTAlM0IlMjIlMjBhbGxvd2Z1bGxzY3JlZW4lM0QlMjIlMjIlM0UlM0MlMkZpZnJhbWUlM0U=&#8221;][\/vc_column][\/vc_row][vc_row][vc_column][vc_raw_js]JTNDc2NyaXB0JTNFJTBBY29uc3QlMjBwYXJhbXMlMjAlM0QlMjBuZXclMjBVUkxTZWFyY2hQYXJhbXMlMjh3aW5kb3cubG9jYXRpb24uc2VhcmNoJTI5JTNCJTBBbGV0JTIwbmV3VGl0bGUlMjAlM0QlMjBwYXJhbXMuZ2V0JTI4JTI3dGl0bGUlMjclMjklM0IlMEFpZiUyMCUyOG5ld1RpdGxlJTIwJTI2JTI2JTIwbmV3VGl0bGUubGVuZ3RoJTIwJTNFJTIwMCUyOSUyMCU3QiUwQSUyMG5ld1RpdGxlJTIwJTNEJTIwbmV3VGl0bGUucmVwbGFjZSUyOCUyRiU1Qy0lMkZnJTJDJTIwJTI3JTIwJTI3JTI5LnRvVXBwZXJDYXNlJTI4JTI5JTNCJTBBJTIwd2luZG93Lm9ubG9hZCUyOHNldFRpdGxlJTI4bmV3VGl0bGUlMjklMjklM0IlMEElN0QlMEElMEFmdW5jdGlvbiUyMHNldFRpdGxlJTI4dGl0bGUlMjklMjAlN0IlMEFkb2N1bWVudC5nZXRFbGVtZW50QnlJZCUyOCUyN2lucXVpcnktZm9ybSUyNyUyOS5zY3JvbGxJbnRvVmlldyUyOCU3QmJlaGF2aW9yJTNBJTIwJTIyc21vb3RoJTIyJTJDJTIwYmxvY2slM0ElMjAlMjJjZW50ZXIlMjIlN0QlMjklM0IlMEFkb2N1bWVudC5nZXRFbGVtZW50QnlJZCUyOCUyN3RpdGxlJTI3JTI5LnZhbHVlJTNEJTIwdGl0bGUlM0IlMEElN0QlMEElMEElM0MlMkZzY3JpcHQlM0UlMEE=[\/vc_raw_js][\/vc_column][\/vc_row][vc_row][vc_column][vc_raw_js]JTNDc2NyaXB0JTNFJTBBJTIwZG9jdW1lbnQuYWRkRXZlbnRMaXN0ZW5lciUyOCUyMCUyN3dwY2Y3bWFpbHNlbnQlMjclMkMlMjBmdW5jdGlvbiUyOCUyMGV2ZW50JTIwJTI5JTIwJTdCJTBBJTIwJTIwJTIwJTIwaWYlMjAlMjhldmVudCUwQSUyMCUyMCUyMCUyMCUyMCUyMCUyMCUyNiUyNiUyMGV2ZW50LmRldGFpbCUwQSUyMCUyMCUyMCUyMCUyMCUyMCUyMCUyNiUyNiUyMGV2ZW50LmRldGFpbC5hcGlSZXNwb25zZSUwQSUyMCUyMCUyMCUyMCUyMCUyMCUyMCUyNiUyNiUyMGV2ZW50LmRldGFpbC5hcGlSZXNwb25zZS5zdGF0dXMlMjAlM0QlM0QlM0QlMjAlMjdtYWlsX3NlbnQlMjclMjklMjAlN0IlMEElMjAlMjAlMjAlMjAlMjAlMjAlMjAlMjAlMjAlMjBsb2NhdGlvbi5wYXRobmFtZSUyMCUzRCUyMCUyNyUyRnBsJTJGY29udGFjdCUyRnRoYW5rLXlvdSUyRiUyNyUzQiUwQSUyMCUyMCUyMCUyMCUyMCUyMCUyMCU3RCUwQSU3RCUyQyUyMGZhbHNlJTIwJTI5JTNCJTBBJTNDJTJGc2NyaXB0JTNF[\/vc_raw_js][\/vc_column][\/vc_row]<\/p>\n<\/div>","protected":false},"excerpt":{"rendered":"<p>[vc_row row_content_width=&#8221;grid&#8221; content_text_aligment=&#8221;left&#8221; css=&#8221;.vc_custom_1672913879776{padding-top: 0px !important;padding-bottom: 61px !important;}&#8221;][vc_column offset=&#8221;vc_col-md-6&#8243;][vc_row_inner][vc_column_inner offset=&#8221;vc_col-lg-6 vc_col-md-12&#8243;][vc_column_text css=&#8221;&#8221;] Adres: DYSTEN Sp. z o.o. ul. Grunwaldzka 91, 41-800 Zabrze Polska[\/vc_column_text][vc_empty_space height=&#8221;12&#8243;][vc_column_text]Email: biuro@dysten.pl Telefon: +48 32 376 12 60 Godziny otwarcia: 8:00-16:00[\/vc_column_text][vc_empty_space height=&#8221;50&#8243;][\/vc_column_inner][vc_column_inner offset=&#8221;vc_col-lg-6 vc_col-md-12&#8243;][vc_column_text][\/vc_column_text][\/vc_column_inner][\/vc_row_inner][\/vc_column][vc_column offset=&#8221;vc_col-md-6&#8243;][vc_column_text css=&#8221;&#8221;] Dzia\u0142 Sprzeda\u017cy [\/vc_column_text][vc_empty_space height=&#8221;20&#8243;][vc_row_inner][vc_column_inner width=&#8221;1\/2&#8243;][vc_column_text css=&#8221;&#8221;]Joanna [&hellip;]<\/p>\n","protected":false},"author":5,"featured_media":0,"parent":0,"menu_order":0,"comment_status":"closed","ping_status":"closed","template":"full-width.php","meta":{"content-type":"","footnotes":""},"class_list":["post-6562","page","type-page","status-publish","hentry"],"yoast_head":"<!-- This site is optimized with the Yoast SEO plugin v27.1.1 - https:\/\/yoast.com\/product\/yoast-seo-wordpress\/ -->\n<title>KONTAKT - Smart City Displays<\/title>\n<meta name=\"robots\" content=\"index, follow, max-snippet:-1, max-image-preview:large, max-video-preview:-1\" \/>\n<link rel=\"canonical\" href=\"https:\/\/smartcitydisplays.com\/pl\/contact\/\" \/>\n<meta property=\"og:locale\" content=\"pl_PL\" \/>\n<meta property=\"og:type\" content=\"article\" \/>\n<meta property=\"og:title\" content=\"KONTAKT - Smart City Displays\" \/>\n<meta property=\"og:description\" content=\"[vc_row row_content_width=&#8221;grid&#8221; content_text_aligment=&#8221;left&#8221; css=&#8221;.vc_custom_1672913879776{padding-top: 0px !important;padding-bottom: 61px !important;}&#8221;][vc_column offset=&#8221;vc_col-md-6&#8243;][vc_row_inner][vc_column_inner offset=&#8221;vc_col-lg-6 vc_col-md-12&#8243;][vc_column_text css=&#8221;&#8221;] Adres: DYSTEN Sp. z o.o. ul. Grunwaldzka 91, 41-800 Zabrze Polska[\/vc_column_text][vc_empty_space height=&#8221;12&#8243;][vc_column_text]Email: biuro@dysten.pl Telefon: +48 32 376 12 60 Godziny otwarcia: 8:00-16:00[\/vc_column_text][vc_empty_space height=&#8221;50&#8243;][\/vc_column_inner][vc_column_inner offset=&#8221;vc_col-lg-6 vc_col-md-12&#8243;][vc_column_text][\/vc_column_text][\/vc_column_inner][\/vc_row_inner][\/vc_column][vc_column offset=&#8221;vc_col-md-6&#8243;][vc_column_text css=&#8221;&#8221;] Dzia\u0142 Sprzeda\u017cy [\/vc_column_text][vc_empty_space height=&#8221;20&#8243;][vc_row_inner][vc_column_inner width=&#8221;1\/2&#8243;][vc_column_text css=&#8221;&#8221;]Joanna [&hellip;]\" \/>\n<meta property=\"og:url\" content=\"https:\/\/smartcitydisplays.com\/pl\/contact\/\" \/>\n<meta property=\"og:site_name\" content=\"Smart City Displays\" \/>\n<meta property=\"article:publisher\" content=\"https:\/\/www.facebook.com\/dystenpl\/\" \/>\n<meta property=\"article:modified_time\" content=\"2026-02-10T14:00:34+00:00\" \/>\n<meta name=\"twitter:card\" content=\"summary_large_image\" \/>\n<meta name=\"twitter:site\" content=\"@Dysten3\" \/>\n<meta name=\"twitter:label1\" content=\"Szacowany czas czytania\" \/>\n\t<meta name=\"twitter:data1\" content=\"1 minuta\" \/>\n<script type=\"application\/ld+json\" class=\"yoast-schema-graph\">{\"@context\":\"https:\/\/schema.org\",\"@graph\":[{\"@type\":\"WebPage\",\"@id\":\"https:\/\/smartcitydisplays.com\/pl\/contact\/\",\"url\":\"https:\/\/smartcitydisplays.com\/pl\/contact\/\",\"name\":\"KONTAKT - Smart City Displays\",\"isPartOf\":{\"@id\":\"https:\/\/smartcitydisplays.com\/pl\/#website\"},\"datePublished\":\"2016-09-22T14:20:20+00:00\",\"dateModified\":\"2026-02-10T14:00:34+00:00\",\"breadcrumb\":{\"@id\":\"https:\/\/smartcitydisplays.com\/pl\/contact\/#breadcrumb\"},\"inLanguage\":\"pl-PL\",\"potentialAction\":[{\"@type\":\"ReadAction\",\"target\":[\"https:\/\/smartcitydisplays.com\/pl\/contact\/\"]}]},{\"@type\":\"BreadcrumbList\",\"@id\":\"https:\/\/smartcitydisplays.com\/pl\/contact\/#breadcrumb\",\"itemListElement\":[{\"@type\":\"ListItem\",\"position\":1,\"name\":\"Home\",\"item\":\"https:\/\/smartcitydisplays.com\/pl\/\"},{\"@type\":\"ListItem\",\"position\":2,\"name\":\"KONTAKT\"}]},{\"@type\":\"WebSite\",\"@id\":\"https:\/\/smartcitydisplays.com\/pl\/#website\",\"url\":\"https:\/\/smartcitydisplays.com\/pl\/\",\"name\":\"Smart City Displays\",\"description\":\"dysten\",\"potentialAction\":[{\"@type\":\"SearchAction\",\"target\":{\"@type\":\"EntryPoint\",\"urlTemplate\":\"https:\/\/smartcitydisplays.com\/pl\/?s={search_term_string}\"},\"query-input\":{\"@type\":\"PropertyValueSpecification\",\"valueRequired\":true,\"valueName\":\"search_term_string\"}}],\"inLanguage\":\"pl-PL\"}]}<\/script>\n<!-- \/ Yoast SEO plugin. -->","yoast_head_json":{"title":"KONTAKT - Smart City Displays","robots":{"index":"index","follow":"follow","max-snippet":"max-snippet:-1","max-image-preview":"max-image-preview:large","max-video-preview":"max-video-preview:-1"},"canonical":"https:\/\/smartcitydisplays.com\/pl\/contact\/","og_locale":"pl_PL","og_type":"article","og_title":"KONTAKT - Smart City Displays","og_description":"[vc_row row_content_width=&#8221;grid&#8221; content_text_aligment=&#8221;left&#8221; css=&#8221;.vc_custom_1672913879776{padding-top: 0px !important;padding-bottom: 61px !important;}&#8221;][vc_column offset=&#8221;vc_col-md-6&#8243;][vc_row_inner][vc_column_inner offset=&#8221;vc_col-lg-6 vc_col-md-12&#8243;][vc_column_text css=&#8221;&#8221;] Adres: DYSTEN Sp. z o.o. ul. Grunwaldzka 91, 41-800 Zabrze Polska[\/vc_column_text][vc_empty_space height=&#8221;12&#8243;][vc_column_text]Email: biuro@dysten.pl Telefon: +48 32 376 12 60 Godziny otwarcia: 8:00-16:00[\/vc_column_text][vc_empty_space height=&#8221;50&#8243;][\/vc_column_inner][vc_column_inner offset=&#8221;vc_col-lg-6 vc_col-md-12&#8243;][vc_column_text][\/vc_column_text][\/vc_column_inner][\/vc_row_inner][\/vc_column][vc_column offset=&#8221;vc_col-md-6&#8243;][vc_column_text css=&#8221;&#8221;] Dzia\u0142 Sprzeda\u017cy [\/vc_column_text][vc_empty_space height=&#8221;20&#8243;][vc_row_inner][vc_column_inner width=&#8221;1\/2&#8243;][vc_column_text css=&#8221;&#8221;]Joanna [&hellip;]","og_url":"https:\/\/smartcitydisplays.com\/pl\/contact\/","og_site_name":"Smart City Displays","article_publisher":"https:\/\/www.facebook.com\/dystenpl\/","article_modified_time":"2026-02-10T14:00:34+00:00","twitter_card":"summary_large_image","twitter_site":"@Dysten3","twitter_misc":{"Szacowany czas czytania":"1 minuta"},"schema":{"@context":"https:\/\/schema.org","@graph":[{"@type":"WebPage","@id":"https:\/\/smartcitydisplays.com\/pl\/contact\/","url":"https:\/\/smartcitydisplays.com\/pl\/contact\/","name":"KONTAKT - Smart City Displays","isPartOf":{"@id":"https:\/\/smartcitydisplays.com\/pl\/#website"},"datePublished":"2016-09-22T14:20:20+00:00","dateModified":"2026-02-10T14:00:34+00:00","breadcrumb":{"@id":"https:\/\/smartcitydisplays.com\/pl\/contact\/#breadcrumb"},"inLanguage":"pl-PL","potentialAction":[{"@type":"ReadAction","target":["https:\/\/smartcitydisplays.com\/pl\/contact\/"]}]},{"@type":"BreadcrumbList","@id":"https:\/\/smartcitydisplays.com\/pl\/contact\/#breadcrumb","itemListElement":[{"@type":"ListItem","position":1,"name":"Home","item":"https:\/\/smartcitydisplays.com\/pl\/"},{"@type":"ListItem","position":2,"name":"KONTAKT"}]},{"@type":"WebSite","@id":"https:\/\/smartcitydisplays.com\/pl\/#website","url":"https:\/\/smartcitydisplays.com\/pl\/","name":"Smart City Displays","description":"dysten","potentialAction":[{"@type":"SearchAction","target":{"@type":"EntryPoint","urlTemplate":"https:\/\/smartcitydisplays.com\/pl\/?s={search_term_string}"},"query-input":{"@type":"PropertyValueSpecification","valueRequired":true,"valueName":"search_term_string"}}],"inLanguage":"pl-PL"}]}},"_links":{"self":[{"href":"https:\/\/smartcitydisplays.com\/pl\/wp-json\/wp\/v2\/pages\/6562","targetHints":{"allow":["GET"]}}],"collection":[{"href":"https:\/\/smartcitydisplays.com\/pl\/wp-json\/wp\/v2\/pages"}],"about":[{"href":"https:\/\/smartcitydisplays.com\/pl\/wp-json\/wp\/v2\/types\/page"}],"author":[{"embeddable":true,"href":"https:\/\/smartcitydisplays.com\/pl\/wp-json\/wp\/v2\/users\/5"}],"replies":[{"embeddable":true,"href":"https:\/\/smartcitydisplays.com\/pl\/wp-json\/wp\/v2\/comments?post=6562"}],"version-history":[{"count":47,"href":"https:\/\/smartcitydisplays.com\/pl\/wp-json\/wp\/v2\/pages\/6562\/revisions"}],"predecessor-version":[{"id":26541,"href":"https:\/\/smartcitydisplays.com\/pl\/wp-json\/wp\/v2\/pages\/6562\/revisions\/26541"}],"wp:attachment":[{"href":"https:\/\/smartcitydisplays.com\/pl\/wp-json\/wp\/v2\/media?parent=6562"}],"curies":[{"name":"wp","href":"https:\/\/api.w.org\/{rel}","templated":true}]}}