{"id":6596,"date":"2016-09-21T13:50:21","date_gmt":"2016-09-21T13:50:21","guid":{"rendered":"http:\/\/smartcitydisplays.com\/?page_id=6596"},"modified":"2020-06-26T10:38:27","modified_gmt":"2020-06-26T10:38:27","slug":"thank-you","status":"publish","type":"page","link":"https:\/\/smartcitydisplays.com\/pl\/contact\/thank-you\/","title":{"rendered":"Dzi\u0119kujemy"},"content":{"rendered":"<div class=\"wpb-content-wrapper\"><p>[vc_row row_content_width=&#8221;grid&#8221;][vc_column][vc_column_text]<\/p>\n<h2>Dzi\u0119kujemy za Twoj\u0105 wiadomo\u015b\u0107. Przeka\u017cemy j\u0105 w\u0142a\u015bciwemu specjali\u015bcie, kt\u00f3ry przygotuje potrzebne informacje i skontaktuje si\u0119 w najbli\u017cszym mo\u017cliwym czasie.<\/h2>\n<p>[\/vc_column_text][vc_empty_space][vc_column_text]<\/p>\n<h3>Zesp\u00f3\u0142 DYSTEN<\/h3>\n<p>[\/vc_column_text][vc_empty_space height=&#8221;64px&#8221;][vc_column_text]<\/p>\n<h4><a href=\"http:\/\/smartcitydisplays.com\/pl\/about-us\/rodo\/?lang=pl\">DYSTEN Sp. z o.o. przetwarza dane osobowe zgodnie z przepisami RODO z dnia 25 maja 2018r. Niezb\u0119dne informacje znajd\u0105 Pa\u0144stwo na podstronie po\u015bwi\u0119conej przepisom GDPR-RODO. <\/a><\/h4>\n<p>[\/vc_column_text][vc_empty_space][vc_column_text]<strong>Dane Kontaktowe:<\/strong><br \/>\nGrunwaldzka 91, Zabrze 41-800<br \/>\nTel:+48 32 376 12 60<br \/>\nEmail: biuro@dysten.pl[\/vc_column_text][vc_empty_space][vc_column_text]<strong>Zapraszamy<\/strong><br \/>\nPoniedzia\u0142ek &#8211; Pi\u0105tek 8:00 &#8211; 16:00[\/vc_column_text][vc_empty_space][vc_column_text]<strong>Dane transakcyjne<\/strong><br \/>\nDYSTEN Sp. z o.o.<br \/>\nNIP: 648 249 75 73<br \/>\nREGON: 278 219 993<br \/>\nKRS: 0000208122[\/vc_column_text][\/vc_column][\/vc_row][vc_row][vc_column]<div class=\"eltdf-google-map-holder\">\n\t<div class=\"eltdf-google-map\" id=\"eltdf-map-2354449\" data-addresses='[\"\"]' data-custom-map-style=no data-color-overlay=#393939 data-saturation=-100 data-lightness=-60 data-zoom=12 data-pin=https:\/\/smartcitydisplays.com\/wp-content\/themes\/blu\/assets\/img\/pin.png data-unique-id=2354449 data-scroll-wheel=no data-height=600><\/div>\n\t\t\t<div class=\"eltdf-google-map-overlay\"><\/div>\n\t<\/div>\n[\/vc_column][\/vc_row]<\/p>\n<\/div>","protected":false},"excerpt":{"rendered":"<p>[vc_row row_content_width=&#8221;grid&#8221;][vc_column][vc_column_text] Dzi\u0119kujemy za Twoj\u0105 wiadomo\u015b\u0107. Przeka\u017cemy j\u0105 w\u0142a\u015bciwemu specjali\u015bcie, kt\u00f3ry przygotuje potrzebne informacje i skontaktuje si\u0119 w najbli\u017cszym mo\u017cliwym czasie. [\/vc_column_text][vc_empty_space][vc_column_text] Zesp\u00f3\u0142 DYSTEN [\/vc_column_text][vc_empty_space height=&#8221;64px&#8221;][vc_column_text] DYSTEN Sp. z o.o. przetwarza dane osobowe zgodnie z przepisami RODO z dnia 25 maja 2018r. Niezb\u0119dne informacje znajd\u0105 [&hellip;]<\/p>\n","protected":false},"author":5,"featured_media":0,"parent":6562,"menu_order":0,"comment_status":"closed","ping_status":"closed","template":"full-width.php","meta":{"content-type":"","footnotes":""},"class_list":["post-6596","page","type-page","status-publish","hentry"],"yoast_head":"<!-- This site is optimized with the Yoast SEO plugin v27.1.1 - https:\/\/yoast.com\/product\/yoast-seo-wordpress\/ -->\n<title>Dzi\u0119kujemy - Smart City Displays<\/title>\n<meta name=\"robots\" content=\"index, follow, max-snippet:-1, max-image-preview:large, max-video-preview:-1\" \/>\n<link rel=\"canonical\" href=\"https:\/\/smartcitydisplays.com\/pl\/contact\/thank-you\/\" \/>\n<meta property=\"og:locale\" content=\"pl_PL\" \/>\n<meta property=\"og:type\" content=\"article\" \/>\n<meta property=\"og:title\" content=\"Dzi\u0119kujemy - Smart City Displays\" \/>\n<meta property=\"og:description\" content=\"[vc_row row_content_width=&#8221;grid&#8221;][vc_column][vc_column_text] Dzi\u0119kujemy za Twoj\u0105 wiadomo\u015b\u0107. Przeka\u017cemy j\u0105 w\u0142a\u015bciwemu specjali\u015bcie, kt\u00f3ry przygotuje potrzebne informacje i skontaktuje si\u0119 w najbli\u017cszym mo\u017cliwym czasie. [\/vc_column_text][vc_empty_space][vc_column_text] Zesp\u00f3\u0142 DYSTEN [\/vc_column_text][vc_empty_space height=&#8221;64px&#8221;][vc_column_text] DYSTEN Sp. z o.o. przetwarza dane osobowe zgodnie z przepisami RODO z dnia 25 maja 2018r. Niezb\u0119dne informacje znajd\u0105 [&hellip;]\" \/>\n<meta property=\"og:url\" content=\"https:\/\/smartcitydisplays.com\/pl\/contact\/thank-you\/\" \/>\n<meta property=\"og:site_name\" content=\"Smart City Displays\" \/>\n<meta property=\"article:publisher\" content=\"https:\/\/www.facebook.com\/dystenpl\/\" \/>\n<meta property=\"article:modified_time\" content=\"2020-06-26T10:38:27+00:00\" \/>\n<meta name=\"twitter:card\" content=\"summary_large_image\" \/>\n<meta name=\"twitter:site\" content=\"@Dysten3\" \/>\n<meta name=\"twitter:label1\" content=\"Szacowany czas czytania\" \/>\n\t<meta name=\"twitter:data1\" content=\"1 minuta\" \/>\n<script type=\"application\/ld+json\" class=\"yoast-schema-graph\">{\"@context\":\"https:\/\/schema.org\",\"@graph\":[{\"@type\":\"WebPage\",\"@id\":\"https:\/\/smartcitydisplays.com\/pl\/contact\/thank-you\/\",\"url\":\"https:\/\/smartcitydisplays.com\/pl\/contact\/thank-you\/\",\"name\":\"Dzi\u0119kujemy - Smart City Displays\",\"isPartOf\":{\"@id\":\"https:\/\/smartcitydisplays.com\/pl\/#website\"},\"datePublished\":\"2016-09-21T13:50:21+00:00\",\"dateModified\":\"2020-06-26T10:38:27+00:00\",\"breadcrumb\":{\"@id\":\"https:\/\/smartcitydisplays.com\/pl\/contact\/thank-you\/#breadcrumb\"},\"inLanguage\":\"pl-PL\",\"potentialAction\":[{\"@type\":\"ReadAction\",\"target\":[\"https:\/\/smartcitydisplays.com\/pl\/contact\/thank-you\/\"]}]},{\"@type\":\"BreadcrumbList\",\"@id\":\"https:\/\/smartcitydisplays.com\/pl\/contact\/thank-you\/#breadcrumb\",\"itemListElement\":[{\"@type\":\"ListItem\",\"position\":1,\"name\":\"Home\",\"item\":\"https:\/\/smartcitydisplays.com\/pl\/\"},{\"@type\":\"ListItem\",\"position\":2,\"name\":\"KONTAKT\",\"item\":\"https:\/\/smartcitydisplays.com\/pl\/contact\/\"},{\"@type\":\"ListItem\",\"position\":3,\"name\":\"Dzi\u0119kujemy\"}]},{\"@type\":\"WebSite\",\"@id\":\"https:\/\/smartcitydisplays.com\/pl\/#website\",\"url\":\"https:\/\/smartcitydisplays.com\/pl\/\",\"name\":\"Smart City Displays\",\"description\":\"dysten\",\"potentialAction\":[{\"@type\":\"SearchAction\",\"target\":{\"@type\":\"EntryPoint\",\"urlTemplate\":\"https:\/\/smartcitydisplays.com\/pl\/?s={search_term_string}\"},\"query-input\":{\"@type\":\"PropertyValueSpecification\",\"valueRequired\":true,\"valueName\":\"search_term_string\"}}],\"inLanguage\":\"pl-PL\"}]}<\/script>\n<!-- \/ Yoast SEO plugin. -->","yoast_head_json":{"title":"Dzi\u0119kujemy - Smart City Displays","robots":{"index":"index","follow":"follow","max-snippet":"max-snippet:-1","max-image-preview":"max-image-preview:large","max-video-preview":"max-video-preview:-1"},"canonical":"https:\/\/smartcitydisplays.com\/pl\/contact\/thank-you\/","og_locale":"pl_PL","og_type":"article","og_title":"Dzi\u0119kujemy - Smart City Displays","og_description":"[vc_row row_content_width=&#8221;grid&#8221;][vc_column][vc_column_text] Dzi\u0119kujemy za Twoj\u0105 wiadomo\u015b\u0107. Przeka\u017cemy j\u0105 w\u0142a\u015bciwemu specjali\u015bcie, kt\u00f3ry przygotuje potrzebne informacje i skontaktuje si\u0119 w najbli\u017cszym mo\u017cliwym czasie. [\/vc_column_text][vc_empty_space][vc_column_text] Zesp\u00f3\u0142 DYSTEN [\/vc_column_text][vc_empty_space height=&#8221;64px&#8221;][vc_column_text] DYSTEN Sp. z o.o. przetwarza dane osobowe zgodnie z przepisami RODO z dnia 25 maja 2018r. Niezb\u0119dne informacje znajd\u0105 [&hellip;]","og_url":"https:\/\/smartcitydisplays.com\/pl\/contact\/thank-you\/","og_site_name":"Smart City Displays","article_publisher":"https:\/\/www.facebook.com\/dystenpl\/","article_modified_time":"2020-06-26T10:38:27+00:00","twitter_card":"summary_large_image","twitter_site":"@Dysten3","twitter_misc":{"Szacowany czas czytania":"1 minuta"},"schema":{"@context":"https:\/\/schema.org","@graph":[{"@type":"WebPage","@id":"https:\/\/smartcitydisplays.com\/pl\/contact\/thank-you\/","url":"https:\/\/smartcitydisplays.com\/pl\/contact\/thank-you\/","name":"Dzi\u0119kujemy - Smart City Displays","isPartOf":{"@id":"https:\/\/smartcitydisplays.com\/pl\/#website"},"datePublished":"2016-09-21T13:50:21+00:00","dateModified":"2020-06-26T10:38:27+00:00","breadcrumb":{"@id":"https:\/\/smartcitydisplays.com\/pl\/contact\/thank-you\/#breadcrumb"},"inLanguage":"pl-PL","potentialAction":[{"@type":"ReadAction","target":["https:\/\/smartcitydisplays.com\/pl\/contact\/thank-you\/"]}]},{"@type":"BreadcrumbList","@id":"https:\/\/smartcitydisplays.com\/pl\/contact\/thank-you\/#breadcrumb","itemListElement":[{"@type":"ListItem","position":1,"name":"Home","item":"https:\/\/smartcitydisplays.com\/pl\/"},{"@type":"ListItem","position":2,"name":"KONTAKT","item":"https:\/\/smartcitydisplays.com\/pl\/contact\/"},{"@type":"ListItem","position":3,"name":"Dzi\u0119kujemy"}]},{"@type":"WebSite","@id":"https:\/\/smartcitydisplays.com\/pl\/#website","url":"https:\/\/smartcitydisplays.com\/pl\/","name":"Smart City Displays","description":"dysten","potentialAction":[{"@type":"SearchAction","target":{"@type":"EntryPoint","urlTemplate":"https:\/\/smartcitydisplays.com\/pl\/?s={search_term_string}"},"query-input":{"@type":"PropertyValueSpecification","valueRequired":true,"valueName":"search_term_string"}}],"inLanguage":"pl-PL"}]}},"_links":{"self":[{"href":"https:\/\/smartcitydisplays.com\/pl\/wp-json\/wp\/v2\/pages\/6596","targetHints":{"allow":["GET"]}}],"collection":[{"href":"https:\/\/smartcitydisplays.com\/pl\/wp-json\/wp\/v2\/pages"}],"about":[{"href":"https:\/\/smartcitydisplays.com\/pl\/wp-json\/wp\/v2\/types\/page"}],"author":[{"embeddable":true,"href":"https:\/\/smartcitydisplays.com\/pl\/wp-json\/wp\/v2\/users\/5"}],"replies":[{"embeddable":true,"href":"https:\/\/smartcitydisplays.com\/pl\/wp-json\/wp\/v2\/comments?post=6596"}],"version-history":[{"count":6,"href":"https:\/\/smartcitydisplays.com\/pl\/wp-json\/wp\/v2\/pages\/6596\/revisions"}],"predecessor-version":[{"id":8644,"href":"https:\/\/smartcitydisplays.com\/pl\/wp-json\/wp\/v2\/pages\/6596\/revisions\/8644"}],"up":[{"embeddable":true,"href":"https:\/\/smartcitydisplays.com\/pl\/wp-json\/wp\/v2\/pages\/6562"}],"wp:attachment":[{"href":"https:\/\/smartcitydisplays.com\/pl\/wp-json\/wp\/v2\/media?parent=6596"}],"curies":[{"name":"wp","href":"https:\/\/api.w.org\/{rel}","templated":true}]}}