{"id":7614,"date":"2016-09-21T13:50:21","date_gmt":"2016-09-21T13:50:21","guid":{"rendered":"http:\/\/smartcitydisplays.com\/?page_id=7614\/"},"modified":"2023-05-17T09:22:36","modified_gmt":"2023-05-17T09:22:36","slug":"iso-9001","status":"publish","type":"page","link":"https:\/\/smartcitydisplays.com\/pl\/iso-9001\/","title":{"rendered":"ISO 9001"},"content":{"rendered":"<div class=\"wpb-content-wrapper\"><p>[vc_row row_content_width=&#8221;grid&#8221; css=&#8221;.vc_custom_1580204612825{padding-top: 111px !important;padding-bottom: 70px !important;}&#8221;][vc_column css=&#8221;.vc_custom_1474460664668{padding-top: 0px !important;}&#8221;]<div class=\"eltdf-section-title-holder\" >\n\t\t\t<h2 class=\"eltdf-st-title\" >\n\t\t\t<span>ISO 9001 \u2013 najbli\u017cej klienta i jego potrzeb<\/span>\n\t\t<\/h2>\n\t\t<\/div>[\/vc_column][\/vc_row][vc_row row_content_width=&#8221;grid&#8221;][vc_column][vc_column_text]Produkujemy najwy\u017cszej klasy urz\u0105dzenia w spos\u00f3b powtarzalny. Aby by\u0142o to mo\u017cliwe, u\u017cywamy r\u00f3wnie\u017c zaawansowanych metod\u00a0<strong>zarz\u0105dzania jako\u015bci\u0105<\/strong>\u00a0\u2013 na poziomie\u00a0<strong>kontroli jako\u015bci<\/strong>,\u00a0<strong>sterowania jako\u015bci\u0105<\/strong>,\u00a0<strong>zapewnienia jako\u015bci\u00a0<\/strong>oraz\u00a0<strong>zarz\u0105dzania przez jako\u015b\u0107<\/strong>.<\/p>\n<p>&nbsp;<\/p>\n<h3><strong>Jako\u015b\u0107 si\u0119 op\u0142aca<\/strong><\/h3>\n<p>Zgodnie z zasad\u0105 Waltera Shewharta:\u00a0<strong>wy\u017csza jako\u015b\u0107<\/strong>\u00a0zapewnia\u00a0<strong>ni\u017csze koszty<\/strong>, co szczeg\u00f3lnie wa\u017cne w post\u0119powaniach przetargowych.<\/p>\n<p>Norma PN-EN ISO 9001, kt\u00f3rej u\u017cywamy na co dzie\u0144, stawia kropk\u0119 na ko\u0144cu naszego motto:\u00a0<strong>Jeste\u015bmy bardzo silnie nastawieni na zrozumienie i spe\u0142nienie wymaga\u0144 klient\u00f3w<\/strong>.<\/p>\n<p>Dbamy o ci\u0105g\u0142\u0105 popraw\u0119 jako\u015bci w oparciu o regularne, obiektywne pomiary i obejmujemy ca\u0142o\u015b\u0107 proces\u00f3w w firmie\u00a0cyklem Deminga\u00a0(Plan \u2013 Do \u2013 Check \u2013 Act czyli Zaplanuj \u2013 Wykonaj \u2013 Sprawd\u017a \u2013 Popraw).<\/p>\n<h3><strong>Co PN-EN ISO 9001:2009 oznacza w firmie Dysten?<\/strong><\/h3>\n<ul>\n<li>nadz\u00f3r nad dokumentacj\u0105 i zapisami,<\/li>\n<li>zaanga\u017cowanie kierownictwa w budow\u0119 i utrzymanie systemu zarz\u0105dzania jako\u015bci\u0105,<\/li>\n<li>usystematyzowanie zarz\u0105dzania zasobami,<\/li>\n<li>okre\u015blenie proces\u00f3w realizacji wyrob\u00f3w,<\/li>\n<li>systematyczny pomiar: urz\u0105dze\u0144, proces\u00f3w, zadowolenia klienta.<\/li>\n<\/ul>\n<h3><strong>Osiem zasad jako\u015bci w przedsi\u0119biorstwie DYSTEN<\/strong><strong>:<\/strong><\/h3>\n<p>Kierujemy si\u0119 w pracy wieloma zasadami, w\u015br\u00f3d kt\u00f3rych kluczowe s\u0105:<\/p>\n<ul>\n<li>zorientowanie na klienta (rozumiemy, \u017ce nasza pozycja rynkowa zale\u017cy od naszych klient\u00f3w),<\/li>\n<li>przyw\u00f3dztwo kierownictwa (kierownictwo wypracowuje kierunki rozwoju),<\/li>\n<li>zaanga\u017cowanie ludzi (to najwarto\u015bciowsze, co mamy),<\/li>\n<li>praca w oparciu o procesy (jako\u015b\u0107 poszczeg\u00f3lnych proces\u00f3w pozwala firmie zachowa\u0107 efektywno\u015b\u0107),<\/li>\n<li>systemowo\u015b\u0107 w zarz\u0105dzaniu (w\u0142a\u015bciwa jako\u015b\u0107 wynika z rozumienia i sterowania wszystkimi oddzia\u0142uj\u0105cymi na siebie procesami),<\/li>\n<li>nieustaj\u0105ce doskonalenie,<\/li>\n<li>rzeczowe, analityczne podej\u015bcie do ka\u017cdej decyzji (podejmowanie decyzji wy\u0142\u0105cznie po analizie dost\u0119pnych informacji),<\/li>\n<li>wzajemne korzy\u015bci w stosunkach z dostawcami (tworzenie wzajemnie korzystnych stosunk\u00f3w z dostawcami materia\u0142\u00f3w i us\u0142ug stanowi dla organizacji gwarancj\u0119 wysokiej jako\u015bci).<\/li>\n<\/ul>\n<p>&nbsp;<\/p>\n<h3><strong>DYSTEN otrzyma\u0142 certyfikat T\u00dcV Nord w zakresie:<\/strong><\/h3>\n<ul>\n<li>projektowanie, produkcja oraz serwis instalacji system\u00f3w audiowizualnych,<\/li>\n<li>telebimy,<\/li>\n<li>wy\u015bwietlacze LED-SDIP,<\/li>\n<li>tablice wynik\u00f3w,<\/li>\n<li>nag\u0142o\u015bnienie,<\/li>\n<li>systemy pomiaru czasu.<\/li>\n<\/ul>\n<p>&nbsp;<\/p>\n<p>Proponujemy rozwi\u0105zania przysz\u0142o\u015bciowe i otwarte na rozw\u00f3j.[\/vc_column_text][vc_empty_space][\/vc_column][\/vc_row]<\/p>\n<\/div>","protected":false},"excerpt":{"rendered":"<p>[vc_row row_content_width=&#8221;grid&#8221; css=&#8221;.vc_custom_1580204612825{padding-top: 111px !important;padding-bottom: 70px !important;}&#8221;][vc_column css=&#8221;.vc_custom_1474460664668{padding-top: 0px !important;}&#8221;][\/vc_column][\/vc_row][vc_row row_content_width=&#8221;grid&#8221;][vc_column][vc_column_text]Produkujemy najwy\u017cszej klasy urz\u0105dzenia w spos\u00f3b powtarzalny. Aby by\u0142o to mo\u017cliwe, u\u017cywamy r\u00f3wnie\u017c zaawansowanych metod\u00a0zarz\u0105dzania jako\u015bci\u0105\u00a0\u2013 na poziomie\u00a0kontroli jako\u015bci,\u00a0sterowania jako\u015bci\u0105,\u00a0zapewnienia jako\u015bci\u00a0oraz\u00a0zarz\u0105dzania przez jako\u015b\u0107. &nbsp; Jako\u015b\u0107 si\u0119 op\u0142aca Zgodnie z zasad\u0105 Waltera Shewharta:\u00a0wy\u017csza jako\u015b\u0107\u00a0zapewnia\u00a0ni\u017csze koszty, co [&hellip;]<\/p>\n","protected":false},"author":5,"featured_media":0,"parent":0,"menu_order":0,"comment_status":"closed","ping_status":"closed","template":"full-width.php","meta":{"content-type":"","footnotes":""},"class_list":["post-7614","page","type-page","status-publish","hentry"],"yoast_head":"<!-- This site is optimized with the Yoast SEO plugin v27.1.1 - https:\/\/yoast.com\/product\/yoast-seo-wordpress\/ -->\n<title>ISO 9001 - Smart City Displays<\/title>\n<meta name=\"description\" content=\"Wy\u017csza jako\u015b\u0107 to ni\u017csze koszty dla przedsi\u0119biorstwa, lepsza relacja z zadowolonym klientem. DYSTEN opiera si\u0119 w swojej strategii na normach wynikaj\u0105cych z ISO 9001 oraz IRIS\" \/>\n<meta name=\"robots\" content=\"index, follow, max-snippet:-1, max-image-preview:large, max-video-preview:-1\" \/>\n<link rel=\"canonical\" href=\"https:\/\/smartcitydisplays.com\/pl\/iso-9001\/\" \/>\n<meta property=\"og:locale\" content=\"pl_PL\" \/>\n<meta property=\"og:type\" content=\"article\" \/>\n<meta property=\"og:title\" content=\"ISO 9001 - Smart City Displays\" \/>\n<meta property=\"og:description\" content=\"Wy\u017csza jako\u015b\u0107 to ni\u017csze koszty dla przedsi\u0119biorstwa, lepsza relacja z zadowolonym klientem. DYSTEN opiera si\u0119 w swojej strategii na normach wynikaj\u0105cych z ISO 9001 oraz IRIS\" \/>\n<meta property=\"og:url\" content=\"https:\/\/smartcitydisplays.com\/pl\/iso-9001\/\" \/>\n<meta property=\"og:site_name\" content=\"Smart City Displays\" \/>\n<meta property=\"article:publisher\" content=\"https:\/\/www.facebook.com\/dystenpl\/\" \/>\n<meta property=\"article:modified_time\" content=\"2023-05-17T09:22:36+00:00\" \/>\n<meta name=\"twitter:card\" content=\"summary_large_image\" \/>\n<meta name=\"twitter:site\" content=\"@Dysten3\" \/>\n<meta name=\"twitter:label1\" content=\"Szacowany czas czytania\" \/>\n\t<meta name=\"twitter:data1\" content=\"2 minuty\" \/>\n<script type=\"application\/ld+json\" class=\"yoast-schema-graph\">{\"@context\":\"https:\/\/schema.org\",\"@graph\":[{\"@type\":\"WebPage\",\"@id\":\"https:\/\/smartcitydisplays.com\/pl\/iso-9001\/\",\"url\":\"https:\/\/smartcitydisplays.com\/pl\/iso-9001\/\",\"name\":\"ISO 9001 - Smart City Displays\",\"isPartOf\":{\"@id\":\"https:\/\/smartcitydisplays.com\/pl\/#website\"},\"datePublished\":\"2016-09-21T13:50:21+00:00\",\"dateModified\":\"2023-05-17T09:22:36+00:00\",\"description\":\"Wy\u017csza jako\u015b\u0107 to ni\u017csze koszty dla przedsi\u0119biorstwa, lepsza relacja z zadowolonym klientem. DYSTEN opiera si\u0119 w swojej strategii na normach wynikaj\u0105cych z ISO 9001 oraz IRIS\",\"breadcrumb\":{\"@id\":\"https:\/\/smartcitydisplays.com\/pl\/iso-9001\/#breadcrumb\"},\"inLanguage\":\"pl-PL\",\"potentialAction\":[{\"@type\":\"ReadAction\",\"target\":[\"https:\/\/smartcitydisplays.com\/pl\/iso-9001\/\"]}]},{\"@type\":\"BreadcrumbList\",\"@id\":\"https:\/\/smartcitydisplays.com\/pl\/iso-9001\/#breadcrumb\",\"itemListElement\":[{\"@type\":\"ListItem\",\"position\":1,\"name\":\"Home\",\"item\":\"https:\/\/smartcitydisplays.com\/pl\/\"},{\"@type\":\"ListItem\",\"position\":2,\"name\":\"ISO 9001\"}]},{\"@type\":\"WebSite\",\"@id\":\"https:\/\/smartcitydisplays.com\/pl\/#website\",\"url\":\"https:\/\/smartcitydisplays.com\/pl\/\",\"name\":\"Smart City Displays\",\"description\":\"dysten\",\"potentialAction\":[{\"@type\":\"SearchAction\",\"target\":{\"@type\":\"EntryPoint\",\"urlTemplate\":\"https:\/\/smartcitydisplays.com\/pl\/?s={search_term_string}\"},\"query-input\":{\"@type\":\"PropertyValueSpecification\",\"valueRequired\":true,\"valueName\":\"search_term_string\"}}],\"inLanguage\":\"pl-PL\"}]}<\/script>\n<!-- \/ Yoast SEO plugin. -->","yoast_head_json":{"title":"ISO 9001 - Smart City Displays","description":"Wy\u017csza jako\u015b\u0107 to ni\u017csze koszty dla przedsi\u0119biorstwa, lepsza relacja z zadowolonym klientem. DYSTEN opiera si\u0119 w swojej strategii na normach wynikaj\u0105cych z ISO 9001 oraz IRIS","robots":{"index":"index","follow":"follow","max-snippet":"max-snippet:-1","max-image-preview":"max-image-preview:large","max-video-preview":"max-video-preview:-1"},"canonical":"https:\/\/smartcitydisplays.com\/pl\/iso-9001\/","og_locale":"pl_PL","og_type":"article","og_title":"ISO 9001 - Smart City Displays","og_description":"Wy\u017csza jako\u015b\u0107 to ni\u017csze koszty dla przedsi\u0119biorstwa, lepsza relacja z zadowolonym klientem. DYSTEN opiera si\u0119 w swojej strategii na normach wynikaj\u0105cych z ISO 9001 oraz IRIS","og_url":"https:\/\/smartcitydisplays.com\/pl\/iso-9001\/","og_site_name":"Smart City Displays","article_publisher":"https:\/\/www.facebook.com\/dystenpl\/","article_modified_time":"2023-05-17T09:22:36+00:00","twitter_card":"summary_large_image","twitter_site":"@Dysten3","twitter_misc":{"Szacowany czas czytania":"2 minuty"},"schema":{"@context":"https:\/\/schema.org","@graph":[{"@type":"WebPage","@id":"https:\/\/smartcitydisplays.com\/pl\/iso-9001\/","url":"https:\/\/smartcitydisplays.com\/pl\/iso-9001\/","name":"ISO 9001 - Smart City Displays","isPartOf":{"@id":"https:\/\/smartcitydisplays.com\/pl\/#website"},"datePublished":"2016-09-21T13:50:21+00:00","dateModified":"2023-05-17T09:22:36+00:00","description":"Wy\u017csza jako\u015b\u0107 to ni\u017csze koszty dla przedsi\u0119biorstwa, lepsza relacja z zadowolonym klientem. DYSTEN opiera si\u0119 w swojej strategii na normach wynikaj\u0105cych z ISO 9001 oraz IRIS","breadcrumb":{"@id":"https:\/\/smartcitydisplays.com\/pl\/iso-9001\/#breadcrumb"},"inLanguage":"pl-PL","potentialAction":[{"@type":"ReadAction","target":["https:\/\/smartcitydisplays.com\/pl\/iso-9001\/"]}]},{"@type":"BreadcrumbList","@id":"https:\/\/smartcitydisplays.com\/pl\/iso-9001\/#breadcrumb","itemListElement":[{"@type":"ListItem","position":1,"name":"Home","item":"https:\/\/smartcitydisplays.com\/pl\/"},{"@type":"ListItem","position":2,"name":"ISO 9001"}]},{"@type":"WebSite","@id":"https:\/\/smartcitydisplays.com\/pl\/#website","url":"https:\/\/smartcitydisplays.com\/pl\/","name":"Smart City Displays","description":"dysten","potentialAction":[{"@type":"SearchAction","target":{"@type":"EntryPoint","urlTemplate":"https:\/\/smartcitydisplays.com\/pl\/?s={search_term_string}"},"query-input":{"@type":"PropertyValueSpecification","valueRequired":true,"valueName":"search_term_string"}}],"inLanguage":"pl-PL"}]}},"_links":{"self":[{"href":"https:\/\/smartcitydisplays.com\/pl\/wp-json\/wp\/v2\/pages\/7614","targetHints":{"allow":["GET"]}}],"collection":[{"href":"https:\/\/smartcitydisplays.com\/pl\/wp-json\/wp\/v2\/pages"}],"about":[{"href":"https:\/\/smartcitydisplays.com\/pl\/wp-json\/wp\/v2\/types\/page"}],"author":[{"embeddable":true,"href":"https:\/\/smartcitydisplays.com\/pl\/wp-json\/wp\/v2\/users\/5"}],"replies":[{"embeddable":true,"href":"https:\/\/smartcitydisplays.com\/pl\/wp-json\/wp\/v2\/comments?post=7614"}],"version-history":[{"count":2,"href":"https:\/\/smartcitydisplays.com\/pl\/wp-json\/wp\/v2\/pages\/7614\/revisions"}],"predecessor-version":[{"id":7873,"href":"https:\/\/smartcitydisplays.com\/pl\/wp-json\/wp\/v2\/pages\/7614\/revisions\/7873"}],"wp:attachment":[{"href":"https:\/\/smartcitydisplays.com\/pl\/wp-json\/wp\/v2\/media?parent=7614"}],"curies":[{"name":"wp","href":"https:\/\/api.w.org\/{rel}","templated":true}]}}