{"id":20978,"date":"2023-08-04T07:48:04","date_gmt":"2023-08-04T07:48:04","guid":{"rendered":"https:\/\/smartcitydisplays.com\/?post_type=product&#038;p=20978"},"modified":"2024-11-08T09:44:05","modified_gmt":"2024-11-08T09:44:05","slug":"informacja-pasazerska-w-centrum-przesiadkowym-tablica-3w1","status":"publish","type":"product","link":"https:\/\/smartcitydisplays.com\/pl\/produkt\/informacja-pasazerska-w-centrum-przesiadkowym-tablica-3w1\/","title":{"rendered":"Tablica SDIP 3 w 1 | Informacja pasa\u017cerska w Centrum Przesiadkowym"},"content":{"rendered":"<div class=\"wpb-content-wrapper\"><p>[vc_row][vc_column][vc_raw_js]JTNDc2NyaXB0JTNFJTBBbGV0JTIwbmV3VGl0bGUlMjAlM0QlMjBkb2N1bWVudC5nZXRFbGVtZW50c0J5Q2xhc3NOYW1lJTI4JTI3ZWx0ZGYtc2luZ2xlLXByb2R1Y3QtdGl0bGUlMjclMjklM0IlMEFpZiUyMCUyOG5ld1RpdGxlJTIwJTI2JTI2JTIwbmV3VGl0bGUubGVuZ3RoJTIwJTNFJTIwMCUyOSUyMCU3QiUwQSUyMG5ld1RpdGxlJTIwJTNEJTIwbmV3VGl0bGUlNUIwJTVELmlubmVyVGV4dCUwQSUyMGlmJTI4ZG9jdW1lbnQucmVhZHlTdGF0ZSUyMCUzRCUzRCUzRCUyMCUyN3JlYWR5JTI3JTIwJTdDJTdDJTIwZG9jdW1lbnQucmVhZHlTdGF0ZSUyMCUzRCUzRCUzRCUyMCUyN2NvbXBsZXRlJTI3JTI5JTIwJTdCJTBBJTIwZ29Ub0Rvd25sb2FkcyUyOCUyOSUzQiUwQSU3RCUyMGVsc2UlMjAlN0IlMEElMjAlMjBkb2N1bWVudC5vbnJlYWR5c3RhdGVjaGFuZ2UlMjAlM0QlMjBmdW5jdGlvbiUyMCUyOCUyOSUyMCU3QiUwQSUyMCUyMCUyMCUyMGlmJTIwJTI4ZG9jdW1lbnQucmVhZHlTdGF0ZSUyMCUzRCUzRCUyMCUyMmNvbXBsZXRlJTIyJTI5JTIwJTdCJTBBJTIwJTIwJTIwJTIwJTIwJTIwZ29Ub0Rvd25sb2FkcyUyOCUyOSUzQiUwQSUyMCUyMCUyMCUyMCU3RCUwQSUyMCUyMCU3RCUwQSU3RCUwQSU3RCUwQSUwQWZ1bmN0aW9uJTIwZ29Ub0Rvd25sb2FkcyUyOCUyOSUyMCU3QiUwQWNvbnN0JTIwc2t1JTIwJTNEJTIwZG9jdW1lbnQuZ2V0RWxlbWVudHNCeUNsYXNzTmFtZSUyOCUyN3NrdSUyNyUyOSUzQiUwQSUwQUFycmF5LnByb3RvdHlwZS5mb3JFYWNoLmNhbGwlMjhza3UlMkMlMjBlbCUyMCUzRCUzRSUyMCU3QiUwQSUyMGVsLmFkZEV2ZW50TGlzdGVuZXIlMjglMjJjbGljayUyMiUyQyUyMCUyOCUyOSUyMCUzRCUzRSUyMCU3QiUwQSUyMGxvY2F0aW9uLnBhdGhuYW1lJTIwJTNEJTIwJTI3JTJGcGwlMkZkb3dubG9hZHMlMkYlMjclM0IlMEElN0QlMjklM0IlMEElN0QlMjklM0IlMEElN0QlMEElMEElM0MlMkZzY3JpcHQlM0UlMEE=[\/vc_raw_js][\/vc_column][\/vc_row][vc_row][vc_column][vc_column_text]Urz\u0105dzenie sk\u0142ada si\u0119 z trzech wydzielonych korpus\u00f3w \u2013 dw\u00f3ch wyposa\u017conych w matryce LED Amber\/RGB o rastrze 4mm i rozdzielczo\u015bci 192&#215;192 px, oraz monitora LCD TFT o rozdzielczo\u015bci 1920&#215;1080 zamontowanego w uk\u0142adzie pionowym. Zastosowane technologie zapewniaj\u0105 czytelno\u015b\u0107 i klarowno\u015b\u0107 wy\u015bwietlanych informacji zar\u00f3wno w ci\u0105gu dnia, jak i w nocy.<\/p>\n<p>Obudowa wykonana ze stali nierdzewnej, zgodna z klas\u0105 ochrony IP 54, zapewnia wysoki poziom ochrony przed niekorzystnymi czynnikami atmosferycznymi, takimi jak opady, kurz oraz zanieczyszczenia zewn\u0119trzne. Odporno\u015b\u0107 na akty wandalizmu zosta\u0142a potwierdzona stopniem ochrony IK09 zgodnie z norm\u0105 PN-EN 50102:2001.<\/p>\n<p>Wy\u015bwietlacz zaprojektowano w spos\u00f3b umo\u017cliwiaj\u0105cy prac\u0119 w trybie ci\u0105g\u0142ym, bez przerwy w funkcjonowaniu.[\/vc_column_text][\/vc_column][\/vc_row]<\/p>\n<\/div>","protected":false},"excerpt":{"rendered":"<p><b>Tablica informacyjna 3w1 <\/b>LED\/TFT LCD to urz\u0105dzenie s\u0142u\u017c\u0105ce do prezentacji najbli\u017cszych po\u0142\u0105cze\u0144 przyje\u017cdzaj\u0105cych i odje\u017cd\u017caj\u0105cych z danej lokalizacji. Wy\u015bwietlacz zaprojektowano z my\u015bl\u0105 o przekazywaniu kompleksowej informacji pasa\u017cerskiej w zintegrowanych centrach przesiadkowych, oferuj\u0105cych r\u00f3\u017cne formy transportu publicznego.<\/p>\n<p>Trzy tryby wy\u015bwietlania umo\u017cliwiaj\u0105 prezentacj\u0119 rozk\u0142ad\u00f3w jazdy <b>komunikacji miejskiej, dalekobie\u017cnej oraz kolejowej<\/b>. Zaleca si\u0119 monta\u017c tablicy w miejscach istotnych dla ruchu podr\u00f3\u017cnych, np. na peronach, w ci\u0105gach komunikacyjnych, poczekalniach lub holach kasowych.<\/p>\n","protected":false},"featured_media":25211,"template":"","meta":{"content-type":""},"product_brand":[],"product_cat":[314,312,310,311,309,313],"product_tag":[494,306],"class_list":{"0":"post-20978","1":"product","2":"type-product","3":"status-publish","4":"has-post-thumbnail","6":"product_cat-short-distance-pl","7":"product_cat-long-distance-pl","8":"product_cat-lcd-pl","9":"product_cat-led-pl","10":"product_cat-indoor-pl","11":"product_cat-outdoor-pl","12":"product_tag-system-dynamicznej-informacji-pasazerskiej","13":"product_tag-passenger-info-pl","15":"first","16":"instock","17":"shipping-taxable","18":"product-type-external"},"yoast_head":"<!-- This site is optimized with the Yoast SEO plugin v27.1.1 - https:\/\/yoast.com\/product\/yoast-seo-wordpress\/ -->\n<title>Informacja pasa\u017cerska w Centrum Przesiadkowym Tablica 3w1<\/title>\n<meta name=\"description\" content=\"Informacja pasa\u017cerska w Centrum Przesiadkowym - tablica SDIP 3w1 wy\u015bwietla aktualn\u0105 informacj\u0119 pasa\u017cersk\u0105 - kolejow\u0105 PKP PLK, miejsk\u0105, PKS\" \/>\n<meta name=\"robots\" content=\"index, follow, max-snippet:-1, max-image-preview:large, max-video-preview:-1\" \/>\n<link rel=\"canonical\" href=\"https:\/\/smartcitydisplays.com\/pl\/produkt\/informacja-pasazerska-w-centrum-przesiadkowym-tablica-3w1\/\" \/>\n<meta property=\"og:locale\" content=\"pl_PL\" \/>\n<meta property=\"og:type\" content=\"article\" \/>\n<meta property=\"og:title\" content=\"Informacja pasa\u017cerska w Centrum Przesiadkowym Tablica 3w1\" \/>\n<meta property=\"og:description\" content=\"Informacja pasa\u017cerska w Centrum Przesiadkowym - tablica SDIP 3w1 wy\u015bwietla aktualn\u0105 informacj\u0119 pasa\u017cersk\u0105 - kolejow\u0105 PKP PLK, miejsk\u0105, PKS\" \/>\n<meta property=\"og:url\" content=\"https:\/\/smartcitydisplays.com\/pl\/produkt\/informacja-pasazerska-w-centrum-przesiadkowym-tablica-3w1\/\" \/>\n<meta property=\"og:site_name\" content=\"Smart City Displays\" \/>\n<meta property=\"article:publisher\" content=\"https:\/\/www.facebook.com\/dystenpl\/\" \/>\n<meta property=\"article:modified_time\" content=\"2024-11-08T09:44:05+00:00\" \/>\n<meta property=\"og:image\" content=\"https:\/\/smartcitydisplays.com\/wp-content\/uploads\/2023\/08\/Tablica-informacji-pasazerskiej-3w1.jpg\" \/>\n\t<meta property=\"og:image:width\" content=\"1109\" \/>\n\t<meta property=\"og:image:height\" content=\"1109\" \/>\n\t<meta property=\"og:image:type\" content=\"image\/jpeg\" \/>\n<meta name=\"twitter:card\" content=\"summary_large_image\" \/>\n<meta name=\"twitter:site\" content=\"@Dysten3\" \/>\n<meta name=\"twitter:label1\" content=\"Szacowany czas czytania\" \/>\n\t<meta name=\"twitter:data1\" content=\"1 minuta\" \/>\n<script type=\"application\/ld+json\" class=\"yoast-schema-graph\">{\"@context\":\"https:\/\/schema.org\",\"@graph\":[{\"@type\":\"WebPage\",\"@id\":\"https:\/\/smartcitydisplays.com\/pl\/produkt\/informacja-pasazerska-w-centrum-przesiadkowym-tablica-3w1\/\",\"url\":\"https:\/\/smartcitydisplays.com\/pl\/produkt\/informacja-pasazerska-w-centrum-przesiadkowym-tablica-3w1\/\",\"name\":\"Informacja pasa\u017cerska w Centrum Przesiadkowym Tablica 3w1\",\"isPartOf\":{\"@id\":\"https:\/\/smartcitydisplays.com\/pl\/#website\"},\"primaryImageOfPage\":{\"@id\":\"https:\/\/smartcitydisplays.com\/pl\/produkt\/informacja-pasazerska-w-centrum-przesiadkowym-tablica-3w1\/#primaryimage\"},\"image\":{\"@id\":\"https:\/\/smartcitydisplays.com\/pl\/produkt\/informacja-pasazerska-w-centrum-przesiadkowym-tablica-3w1\/#primaryimage\"},\"thumbnailUrl\":\"https:\/\/smartcitydisplays.com\/wp-content\/uploads\/2023\/08\/Tablica-informacji-pasazerskiej-3w1.jpg\",\"datePublished\":\"2023-08-04T07:48:04+00:00\",\"dateModified\":\"2024-11-08T09:44:05+00:00\",\"description\":\"Informacja pasa\u017cerska w Centrum Przesiadkowym - tablica SDIP 3w1 wy\u015bwietla aktualn\u0105 informacj\u0119 pasa\u017cersk\u0105 - kolejow\u0105 PKP PLK, miejsk\u0105, PKS\",\"breadcrumb\":{\"@id\":\"https:\/\/smartcitydisplays.com\/pl\/produkt\/informacja-pasazerska-w-centrum-przesiadkowym-tablica-3w1\/#breadcrumb\"},\"inLanguage\":\"pl-PL\",\"potentialAction\":[{\"@type\":\"ReadAction\",\"target\":[\"https:\/\/smartcitydisplays.com\/pl\/produkt\/informacja-pasazerska-w-centrum-przesiadkowym-tablica-3w1\/\"]}]},{\"@type\":\"ImageObject\",\"inLanguage\":\"pl-PL\",\"@id\":\"https:\/\/smartcitydisplays.com\/pl\/produkt\/informacja-pasazerska-w-centrum-przesiadkowym-tablica-3w1\/#primaryimage\",\"url\":\"https:\/\/smartcitydisplays.com\/wp-content\/uploads\/2023\/08\/Tablica-informacji-pasazerskiej-3w1.jpg\",\"contentUrl\":\"https:\/\/smartcitydisplays.com\/wp-content\/uploads\/2023\/08\/Tablica-informacji-pasazerskiej-3w1.jpg\",\"width\":1109,\"height\":1109,\"caption\":\"Tablica 3w1 - dynamiczna informacja pasa\u017cerska kolejowa, miejska i dalekobie\u017cna autobusowa w jednym rozwi\u0105zaniu\"},{\"@type\":\"BreadcrumbList\",\"@id\":\"https:\/\/smartcitydisplays.com\/pl\/produkt\/informacja-pasazerska-w-centrum-przesiadkowym-tablica-3w1\/#breadcrumb\",\"itemListElement\":[{\"@type\":\"ListItem\",\"position\":1,\"name\":\"Home\",\"item\":\"https:\/\/smartcitydisplays.com\/pl\/\"},{\"@type\":\"ListItem\",\"position\":2,\"name\":\"Produkty\",\"item\":\"https:\/\/smartcitydisplays.com\/pl\/shop\/\"},{\"@type\":\"ListItem\",\"position\":3,\"name\":\"Tablica SDIP 3 w 1 | Informacja pasa\u017cerska w Centrum Przesiadkowym\"}]},{\"@type\":\"WebSite\",\"@id\":\"https:\/\/smartcitydisplays.com\/pl\/#website\",\"url\":\"https:\/\/smartcitydisplays.com\/pl\/\",\"name\":\"Smart City Displays\",\"description\":\"dysten\",\"potentialAction\":[{\"@type\":\"SearchAction\",\"target\":{\"@type\":\"EntryPoint\",\"urlTemplate\":\"https:\/\/smartcitydisplays.com\/pl\/?s={search_term_string}\"},\"query-input\":{\"@type\":\"PropertyValueSpecification\",\"valueRequired\":true,\"valueName\":\"search_term_string\"}}],\"inLanguage\":\"pl-PL\"}]}<\/script>\n<!-- \/ Yoast SEO plugin. -->","yoast_head_json":{"title":"Informacja pasa\u017cerska w Centrum Przesiadkowym Tablica 3w1","description":"Informacja pasa\u017cerska w Centrum Przesiadkowym - tablica SDIP 3w1 wy\u015bwietla aktualn\u0105 informacj\u0119 pasa\u017cersk\u0105 - kolejow\u0105 PKP PLK, miejsk\u0105, PKS","robots":{"index":"index","follow":"follow","max-snippet":"max-snippet:-1","max-image-preview":"max-image-preview:large","max-video-preview":"max-video-preview:-1"},"canonical":"https:\/\/smartcitydisplays.com\/pl\/produkt\/informacja-pasazerska-w-centrum-przesiadkowym-tablica-3w1\/","og_locale":"pl_PL","og_type":"article","og_title":"Informacja pasa\u017cerska w Centrum Przesiadkowym Tablica 3w1","og_description":"Informacja pasa\u017cerska w Centrum Przesiadkowym - tablica SDIP 3w1 wy\u015bwietla aktualn\u0105 informacj\u0119 pasa\u017cersk\u0105 - kolejow\u0105 PKP PLK, miejsk\u0105, PKS","og_url":"https:\/\/smartcitydisplays.com\/pl\/produkt\/informacja-pasazerska-w-centrum-przesiadkowym-tablica-3w1\/","og_site_name":"Smart City Displays","article_publisher":"https:\/\/www.facebook.com\/dystenpl\/","article_modified_time":"2024-11-08T09:44:05+00:00","og_image":[{"width":1109,"height":1109,"url":"https:\/\/smartcitydisplays.com\/wp-content\/uploads\/2023\/08\/Tablica-informacji-pasazerskiej-3w1.jpg","type":"image\/jpeg"}],"twitter_card":"summary_large_image","twitter_site":"@Dysten3","twitter_misc":{"Szacowany czas czytania":"1 minuta"},"schema":{"@context":"https:\/\/schema.org","@graph":[{"@type":"WebPage","@id":"https:\/\/smartcitydisplays.com\/pl\/produkt\/informacja-pasazerska-w-centrum-przesiadkowym-tablica-3w1\/","url":"https:\/\/smartcitydisplays.com\/pl\/produkt\/informacja-pasazerska-w-centrum-przesiadkowym-tablica-3w1\/","name":"Informacja pasa\u017cerska w Centrum Przesiadkowym Tablica 3w1","isPartOf":{"@id":"https:\/\/smartcitydisplays.com\/pl\/#website"},"primaryImageOfPage":{"@id":"https:\/\/smartcitydisplays.com\/pl\/produkt\/informacja-pasazerska-w-centrum-przesiadkowym-tablica-3w1\/#primaryimage"},"image":{"@id":"https:\/\/smartcitydisplays.com\/pl\/produkt\/informacja-pasazerska-w-centrum-przesiadkowym-tablica-3w1\/#primaryimage"},"thumbnailUrl":"https:\/\/smartcitydisplays.com\/wp-content\/uploads\/2023\/08\/Tablica-informacji-pasazerskiej-3w1.jpg","datePublished":"2023-08-04T07:48:04+00:00","dateModified":"2024-11-08T09:44:05+00:00","description":"Informacja pasa\u017cerska w Centrum Przesiadkowym - tablica SDIP 3w1 wy\u015bwietla aktualn\u0105 informacj\u0119 pasa\u017cersk\u0105 - kolejow\u0105 PKP PLK, miejsk\u0105, PKS","breadcrumb":{"@id":"https:\/\/smartcitydisplays.com\/pl\/produkt\/informacja-pasazerska-w-centrum-przesiadkowym-tablica-3w1\/#breadcrumb"},"inLanguage":"pl-PL","potentialAction":[{"@type":"ReadAction","target":["https:\/\/smartcitydisplays.com\/pl\/produkt\/informacja-pasazerska-w-centrum-przesiadkowym-tablica-3w1\/"]}]},{"@type":"ImageObject","inLanguage":"pl-PL","@id":"https:\/\/smartcitydisplays.com\/pl\/produkt\/informacja-pasazerska-w-centrum-przesiadkowym-tablica-3w1\/#primaryimage","url":"https:\/\/smartcitydisplays.com\/wp-content\/uploads\/2023\/08\/Tablica-informacji-pasazerskiej-3w1.jpg","contentUrl":"https:\/\/smartcitydisplays.com\/wp-content\/uploads\/2023\/08\/Tablica-informacji-pasazerskiej-3w1.jpg","width":1109,"height":1109,"caption":"Tablica 3w1 - dynamiczna informacja pasa\u017cerska kolejowa, miejska i dalekobie\u017cna autobusowa w jednym rozwi\u0105zaniu"},{"@type":"BreadcrumbList","@id":"https:\/\/smartcitydisplays.com\/pl\/produkt\/informacja-pasazerska-w-centrum-przesiadkowym-tablica-3w1\/#breadcrumb","itemListElement":[{"@type":"ListItem","position":1,"name":"Home","item":"https:\/\/smartcitydisplays.com\/pl\/"},{"@type":"ListItem","position":2,"name":"Produkty","item":"https:\/\/smartcitydisplays.com\/pl\/shop\/"},{"@type":"ListItem","position":3,"name":"Tablica SDIP 3 w 1 | Informacja pasa\u017cerska w Centrum Przesiadkowym"}]},{"@type":"WebSite","@id":"https:\/\/smartcitydisplays.com\/pl\/#website","url":"https:\/\/smartcitydisplays.com\/pl\/","name":"Smart City Displays","description":"dysten","potentialAction":[{"@type":"SearchAction","target":{"@type":"EntryPoint","urlTemplate":"https:\/\/smartcitydisplays.com\/pl\/?s={search_term_string}"},"query-input":{"@type":"PropertyValueSpecification","valueRequired":true,"valueName":"search_term_string"}}],"inLanguage":"pl-PL"}]}},"_links":{"self":[{"href":"https:\/\/smartcitydisplays.com\/pl\/wp-json\/wp\/v2\/product\/20978","targetHints":{"allow":["GET"]}}],"collection":[{"href":"https:\/\/smartcitydisplays.com\/pl\/wp-json\/wp\/v2\/product"}],"about":[{"href":"https:\/\/smartcitydisplays.com\/pl\/wp-json\/wp\/v2\/types\/product"}],"wp:featuredmedia":[{"embeddable":true,"href":"https:\/\/smartcitydisplays.com\/pl\/wp-json\/wp\/v2\/media\/25211"}],"wp:attachment":[{"href":"https:\/\/smartcitydisplays.com\/pl\/wp-json\/wp\/v2\/media?parent=20978"}],"wp:term":[{"taxonomy":"product_brand","embeddable":true,"href":"https:\/\/smartcitydisplays.com\/pl\/wp-json\/wp\/v2\/product_brand?post=20978"},{"taxonomy":"product_cat","embeddable":true,"href":"https:\/\/smartcitydisplays.com\/pl\/wp-json\/wp\/v2\/product_cat?post=20978"},{"taxonomy":"product_tag","embeddable":true,"href":"https:\/\/smartcitydisplays.com\/pl\/wp-json\/wp\/v2\/product_tag?post=20978"}],"curies":[{"name":"wp","href":"https:\/\/api.w.org\/{rel}","templated":true}]}}