{"id":6824,"date":"2016-09-19T13:02:17","date_gmt":"2016-09-19T13:02:17","guid":{"rendered":"http:\/\/smartcitydisplays.com\/product\/main-station-display-lcd-tft\/"},"modified":"2024-11-08T10:09:58","modified_gmt":"2024-11-08T10:09:58","slug":"full-colour-led-rgb","status":"publish","type":"product","link":"https:\/\/smartcitydisplays.com\/pl\/produkt\/full-colour-led-rgb\/","title":{"rendered":"Wy\u015bwietlacze informacji pasa\u017cerskiej LED RGB &#8211; pe\u0142nokolorowe"},"content":{"rendered":"<div class=\"wpb-content-wrapper\"><p>[vc_row][vc_column][vc_raw_js]JTNDc2NyaXB0JTNFJTBBbGV0JTIwbmV3VGl0bGUlMjAlM0QlMjBkb2N1bWVudC5nZXRFbGVtZW50c0J5Q2xhc3NOYW1lJTI4JTI3ZWx0ZGYtc2luZ2xlLXByb2R1Y3QtdGl0bGUlMjclMjklM0IlMEFpZiUyMCUyOG5ld1RpdGxlJTIwJTI2JTI2JTIwbmV3VGl0bGUubGVuZ3RoJTIwJTNFJTIwMCUyOSUyMCU3QiUwQSUyMG5ld1RpdGxlJTIwJTNEJTIwbmV3VGl0bGUlNUIwJTVELmlubmVyVGV4dCUwQSUyMGlmJTI4ZG9jdW1lbnQucmVhZHlTdGF0ZSUyMCUzRCUzRCUzRCUyMCUyN3JlYWR5JTI3JTIwJTdDJTdDJTIwZG9jdW1lbnQucmVhZHlTdGF0ZSUyMCUzRCUzRCUzRCUyMCUyN2NvbXBsZXRlJTI3JTI5JTIwJTdCJTBBJTIwZ29Ub0Rvd25sb2FkcyUyOCUyOSUzQiUwQSU3RCUyMGVsc2UlMjAlN0IlMEElMjAlMjBkb2N1bWVudC5vbnJlYWR5c3RhdGVjaGFuZ2UlMjAlM0QlMjBmdW5jdGlvbiUyMCUyOCUyOSUyMCU3QiUwQSUyMCUyMCUyMCUyMGlmJTIwJTI4ZG9jdW1lbnQucmVhZHlTdGF0ZSUyMCUzRCUzRCUyMCUyMmNvbXBsZXRlJTIyJTI5JTIwJTdCJTBBJTIwJTIwJTIwJTIwJTIwJTIwZ29Ub0Rvd25sb2FkcyUyOCUyOSUzQiUwQSUyMCUyMCUyMCUyMCU3RCUwQSUyMCUyMCU3RCUwQSU3RCUwQSU3RCUwQSUwQWZ1bmN0aW9uJTIwZ29Ub0Rvd25sb2FkcyUyOCUyOSUyMCU3QiUwQWNvbnN0JTIwc2t1JTIwJTNEJTIwZG9jdW1lbnQuZ2V0RWxlbWVudHNCeUNsYXNzTmFtZSUyOCUyN3NrdSUyNyUyOSUzQiUwQSUwQUFycmF5LnByb3RvdHlwZS5mb3JFYWNoLmNhbGwlMjhza3UlMkMlMjBlbCUyMCUzRCUzRSUyMCU3QiUwQSUyMGVsLmFkZEV2ZW50TGlzdGVuZXIlMjglMjJjbGljayUyMiUyQyUyMCUyOCUyOSUyMCUzRCUzRSUyMCU3QiUwQSUyMGxvY2F0aW9uLnBhdGhuYW1lJTIwJTNEJTIwJTI3JTJGZG93bmxvYWRzJTJGJTI3JTNCJTBBJTdEJTI5JTNCJTBBJTdEJTI5JTNCJTBBJTdEJTBBJTBBJTNDJTJGc2NyaXB0JTNFJTBB[\/vc_raw_js][\/vc_column][\/vc_row][vc_row][vc_column][vc_column_text]<\/p>\n<div>Dowolno\u015b\u0107 wy\u015bwietlania tre\u015bci:<\/div>\n<ul>\n<li>Dowolny kolor<\/li>\n<li>Dowolny szablon wy\u015bwietlania rozk\u0142adu jazdy<\/li>\n<li>Dowolny rodzaj i rozmiar czcionki<\/li>\n<li>Mo\u017cliwo\u015b\u0107 wy\u015bwietlania pe\u0142no kolorowych animacji i film\u00f3w<\/li>\n<li>Sterowanie przez sygna\u0142 cyfrowy HDMI lub DVI<\/li>\n<li>Otwarty protok\u00f3\u0142 komunikacyjny<\/li>\n<\/ul>\n<p>[\/vc_column_text][\/vc_column][\/vc_row]<\/p>\n<\/div>","protected":false},"excerpt":{"rendered":"<p>Wy\u015bwietlacze LED s\u0105 dobrym wyborem w\u015br\u00f3d wy\u015bwietlaczy informacji pasa\u017cerskiej ze wzgl\u0119du na najwy\u017csz\u0105 jasno\u015b\u0107 (do 4000 nit), najd\u0142u\u017csz\u0105 \u017cywotno\u015b\u0107 (do 15 lat) i energooszcz\u0119dno\u015b\u0107.<\/p>\n","protected":false},"featured_media":21450,"template":"","meta":{"content-type":""},"product_brand":[],"product_cat":[312,311,309,313],"product_tag":[306],"class_list":{"0":"post-6824","1":"product","2":"type-product","3":"status-publish","4":"has-post-thumbnail","6":"product_cat-long-distance-pl","7":"product_cat-led-pl","8":"product_cat-indoor-pl","9":"product_cat-outdoor-pl","10":"product_tag-passenger-info-pl","12":"first","13":"instock","14":"featured","15":"shipping-taxable","16":"product-type-external"},"yoast_head":"<!-- This site is optimized with the Yoast SEO plugin v27.1.1 - https:\/\/yoast.com\/product\/yoast-seo-wordpress\/ -->\n<title>Wy\u015bwietlacze informacji pasa\u017cerskiej LED RGB - pe\u0142nokolorowe - Smart City Displays<\/title>\n<meta name=\"description\" content=\"Tablice LED RGB dynamicznej informacji pasa\u017cerskiej dla system\u00f3w SDIP prezentuj\u0105 informacje w dowolnej kolorystyce, wyst\u0119puj\u0105 w wielu dost\u0119pnych wersjach\" \/>\n<meta name=\"robots\" content=\"index, follow, max-snippet:-1, max-image-preview:large, max-video-preview:-1\" \/>\n<link rel=\"canonical\" href=\"https:\/\/smartcitydisplays.com\/pl\/produkt\/full-colour-led-rgb\/\" \/>\n<meta property=\"og:locale\" content=\"pl_PL\" \/>\n<meta property=\"og:type\" content=\"article\" \/>\n<meta property=\"og:title\" content=\"Wy\u015bwietlacze informacji pasa\u017cerskiej LED RGB - pe\u0142nokolorowe - Smart City Displays\" \/>\n<meta property=\"og:description\" content=\"Tablice LED RGB dynamicznej informacji pasa\u017cerskiej dla system\u00f3w SDIP prezentuj\u0105 informacje w dowolnej kolorystyce, wyst\u0119puj\u0105 w wielu dost\u0119pnych wersjach\" \/>\n<meta property=\"og:url\" content=\"https:\/\/smartcitydisplays.com\/pl\/produkt\/full-colour-led-rgb\/\" \/>\n<meta property=\"og:site_name\" content=\"Smart City Displays\" \/>\n<meta property=\"article:publisher\" content=\"https:\/\/www.facebook.com\/dystenpl\/\" \/>\n<meta property=\"article:modified_time\" content=\"2024-11-08T10:09:58+00:00\" \/>\n<meta property=\"og:image\" content=\"https:\/\/smartcitydisplays.com\/wp-content\/uploads\/2023\/08\/1280x1280-tablice-sdip-jaworzno.jpg\" \/>\n\t<meta property=\"og:image:width\" content=\"1280\" \/>\n\t<meta property=\"og:image:height\" content=\"1280\" \/>\n\t<meta property=\"og:image:type\" content=\"image\/jpeg\" \/>\n<meta name=\"twitter:card\" content=\"summary_large_image\" \/>\n<meta name=\"twitter:site\" content=\"@Dysten3\" \/>\n<meta name=\"twitter:label1\" content=\"Szacowany czas czytania\" \/>\n\t<meta name=\"twitter:data1\" content=\"1 minuta\" \/>\n<script type=\"application\/ld+json\" class=\"yoast-schema-graph\">{\"@context\":\"https:\/\/schema.org\",\"@graph\":[{\"@type\":\"WebPage\",\"@id\":\"https:\/\/smartcitydisplays.com\/pl\/produkt\/full-colour-led-rgb\/\",\"url\":\"https:\/\/smartcitydisplays.com\/pl\/produkt\/full-colour-led-rgb\/\",\"name\":\"Wy\u015bwietlacze informacji pasa\u017cerskiej LED RGB - pe\u0142nokolorowe - Smart City Displays\",\"isPartOf\":{\"@id\":\"https:\/\/smartcitydisplays.com\/pl\/#website\"},\"primaryImageOfPage\":{\"@id\":\"https:\/\/smartcitydisplays.com\/pl\/produkt\/full-colour-led-rgb\/#primaryimage\"},\"image\":{\"@id\":\"https:\/\/smartcitydisplays.com\/pl\/produkt\/full-colour-led-rgb\/#primaryimage\"},\"thumbnailUrl\":\"https:\/\/smartcitydisplays.com\/wp-content\/uploads\/2023\/08\/1280x1280-tablice-sdip-jaworzno.jpg\",\"datePublished\":\"2016-09-19T13:02:17+00:00\",\"dateModified\":\"2024-11-08T10:09:58+00:00\",\"description\":\"Tablice LED RGB dynamicznej informacji pasa\u017cerskiej dla system\u00f3w SDIP prezentuj\u0105 informacje w dowolnej kolorystyce, wyst\u0119puj\u0105 w wielu dost\u0119pnych wersjach\",\"breadcrumb\":{\"@id\":\"https:\/\/smartcitydisplays.com\/pl\/produkt\/full-colour-led-rgb\/#breadcrumb\"},\"inLanguage\":\"pl-PL\",\"potentialAction\":[{\"@type\":\"ReadAction\",\"target\":[\"https:\/\/smartcitydisplays.com\/pl\/produkt\/full-colour-led-rgb\/\"]}]},{\"@type\":\"ImageObject\",\"inLanguage\":\"pl-PL\",\"@id\":\"https:\/\/smartcitydisplays.com\/pl\/produkt\/full-colour-led-rgb\/#primaryimage\",\"url\":\"https:\/\/smartcitydisplays.com\/wp-content\/uploads\/2023\/08\/1280x1280-tablice-sdip-jaworzno.jpg\",\"contentUrl\":\"https:\/\/smartcitydisplays.com\/wp-content\/uploads\/2023\/08\/1280x1280-tablice-sdip-jaworzno.jpg\",\"width\":1280,\"height\":1280,\"caption\":\"Wy\u015bwietlacz, tablica SDIP dynamicznej informacji pasa\u017cerskiej w technologii LED RGB\"},{\"@type\":\"BreadcrumbList\",\"@id\":\"https:\/\/smartcitydisplays.com\/pl\/produkt\/full-colour-led-rgb\/#breadcrumb\",\"itemListElement\":[{\"@type\":\"ListItem\",\"position\":1,\"name\":\"Home\",\"item\":\"https:\/\/smartcitydisplays.com\/pl\/\"},{\"@type\":\"ListItem\",\"position\":2,\"name\":\"Produkty\",\"item\":\"https:\/\/smartcitydisplays.com\/pl\/shop\/\"},{\"@type\":\"ListItem\",\"position\":3,\"name\":\"Wy\u015bwietlacze informacji pasa\u017cerskiej LED RGB &#8211; pe\u0142nokolorowe\"}]},{\"@type\":\"WebSite\",\"@id\":\"https:\/\/smartcitydisplays.com\/pl\/#website\",\"url\":\"https:\/\/smartcitydisplays.com\/pl\/\",\"name\":\"Smart City Displays\",\"description\":\"dysten\",\"potentialAction\":[{\"@type\":\"SearchAction\",\"target\":{\"@type\":\"EntryPoint\",\"urlTemplate\":\"https:\/\/smartcitydisplays.com\/pl\/?s={search_term_string}\"},\"query-input\":{\"@type\":\"PropertyValueSpecification\",\"valueRequired\":true,\"valueName\":\"search_term_string\"}}],\"inLanguage\":\"pl-PL\"}]}<\/script>\n<!-- \/ Yoast SEO plugin. -->","yoast_head_json":{"title":"Wy\u015bwietlacze informacji pasa\u017cerskiej LED RGB - pe\u0142nokolorowe - Smart City Displays","description":"Tablice LED RGB dynamicznej informacji pasa\u017cerskiej dla system\u00f3w SDIP prezentuj\u0105 informacje w dowolnej kolorystyce, wyst\u0119puj\u0105 w wielu dost\u0119pnych wersjach","robots":{"index":"index","follow":"follow","max-snippet":"max-snippet:-1","max-image-preview":"max-image-preview:large","max-video-preview":"max-video-preview:-1"},"canonical":"https:\/\/smartcitydisplays.com\/pl\/produkt\/full-colour-led-rgb\/","og_locale":"pl_PL","og_type":"article","og_title":"Wy\u015bwietlacze informacji pasa\u017cerskiej LED RGB - pe\u0142nokolorowe - Smart City Displays","og_description":"Tablice LED RGB dynamicznej informacji pasa\u017cerskiej dla system\u00f3w SDIP prezentuj\u0105 informacje w dowolnej kolorystyce, wyst\u0119puj\u0105 w wielu dost\u0119pnych wersjach","og_url":"https:\/\/smartcitydisplays.com\/pl\/produkt\/full-colour-led-rgb\/","og_site_name":"Smart City Displays","article_publisher":"https:\/\/www.facebook.com\/dystenpl\/","article_modified_time":"2024-11-08T10:09:58+00:00","og_image":[{"width":1280,"height":1280,"url":"https:\/\/smartcitydisplays.com\/wp-content\/uploads\/2023\/08\/1280x1280-tablice-sdip-jaworzno.jpg","type":"image\/jpeg"}],"twitter_card":"summary_large_image","twitter_site":"@Dysten3","twitter_misc":{"Szacowany czas czytania":"1 minuta"},"schema":{"@context":"https:\/\/schema.org","@graph":[{"@type":"WebPage","@id":"https:\/\/smartcitydisplays.com\/pl\/produkt\/full-colour-led-rgb\/","url":"https:\/\/smartcitydisplays.com\/pl\/produkt\/full-colour-led-rgb\/","name":"Wy\u015bwietlacze informacji pasa\u017cerskiej LED RGB - pe\u0142nokolorowe - Smart City Displays","isPartOf":{"@id":"https:\/\/smartcitydisplays.com\/pl\/#website"},"primaryImageOfPage":{"@id":"https:\/\/smartcitydisplays.com\/pl\/produkt\/full-colour-led-rgb\/#primaryimage"},"image":{"@id":"https:\/\/smartcitydisplays.com\/pl\/produkt\/full-colour-led-rgb\/#primaryimage"},"thumbnailUrl":"https:\/\/smartcitydisplays.com\/wp-content\/uploads\/2023\/08\/1280x1280-tablice-sdip-jaworzno.jpg","datePublished":"2016-09-19T13:02:17+00:00","dateModified":"2024-11-08T10:09:58+00:00","description":"Tablice LED RGB dynamicznej informacji pasa\u017cerskiej dla system\u00f3w SDIP prezentuj\u0105 informacje w dowolnej kolorystyce, wyst\u0119puj\u0105 w wielu dost\u0119pnych wersjach","breadcrumb":{"@id":"https:\/\/smartcitydisplays.com\/pl\/produkt\/full-colour-led-rgb\/#breadcrumb"},"inLanguage":"pl-PL","potentialAction":[{"@type":"ReadAction","target":["https:\/\/smartcitydisplays.com\/pl\/produkt\/full-colour-led-rgb\/"]}]},{"@type":"ImageObject","inLanguage":"pl-PL","@id":"https:\/\/smartcitydisplays.com\/pl\/produkt\/full-colour-led-rgb\/#primaryimage","url":"https:\/\/smartcitydisplays.com\/wp-content\/uploads\/2023\/08\/1280x1280-tablice-sdip-jaworzno.jpg","contentUrl":"https:\/\/smartcitydisplays.com\/wp-content\/uploads\/2023\/08\/1280x1280-tablice-sdip-jaworzno.jpg","width":1280,"height":1280,"caption":"Wy\u015bwietlacz, tablica SDIP dynamicznej informacji pasa\u017cerskiej w technologii LED RGB"},{"@type":"BreadcrumbList","@id":"https:\/\/smartcitydisplays.com\/pl\/produkt\/full-colour-led-rgb\/#breadcrumb","itemListElement":[{"@type":"ListItem","position":1,"name":"Home","item":"https:\/\/smartcitydisplays.com\/pl\/"},{"@type":"ListItem","position":2,"name":"Produkty","item":"https:\/\/smartcitydisplays.com\/pl\/shop\/"},{"@type":"ListItem","position":3,"name":"Wy\u015bwietlacze informacji pasa\u017cerskiej LED RGB &#8211; pe\u0142nokolorowe"}]},{"@type":"WebSite","@id":"https:\/\/smartcitydisplays.com\/pl\/#website","url":"https:\/\/smartcitydisplays.com\/pl\/","name":"Smart City Displays","description":"dysten","potentialAction":[{"@type":"SearchAction","target":{"@type":"EntryPoint","urlTemplate":"https:\/\/smartcitydisplays.com\/pl\/?s={search_term_string}"},"query-input":{"@type":"PropertyValueSpecification","valueRequired":true,"valueName":"search_term_string"}}],"inLanguage":"pl-PL"}]}},"_links":{"self":[{"href":"https:\/\/smartcitydisplays.com\/pl\/wp-json\/wp\/v2\/product\/6824","targetHints":{"allow":["GET"]}}],"collection":[{"href":"https:\/\/smartcitydisplays.com\/pl\/wp-json\/wp\/v2\/product"}],"about":[{"href":"https:\/\/smartcitydisplays.com\/pl\/wp-json\/wp\/v2\/types\/product"}],"wp:featuredmedia":[{"embeddable":true,"href":"https:\/\/smartcitydisplays.com\/pl\/wp-json\/wp\/v2\/media\/21450"}],"wp:attachment":[{"href":"https:\/\/smartcitydisplays.com\/pl\/wp-json\/wp\/v2\/media?parent=6824"}],"wp:term":[{"taxonomy":"product_brand","embeddable":true,"href":"https:\/\/smartcitydisplays.com\/pl\/wp-json\/wp\/v2\/product_brand?post=6824"},{"taxonomy":"product_cat","embeddable":true,"href":"https:\/\/smartcitydisplays.com\/pl\/wp-json\/wp\/v2\/product_cat?post=6824"},{"taxonomy":"product_tag","embeddable":true,"href":"https:\/\/smartcitydisplays.com\/pl\/wp-json\/wp\/v2\/product_tag?post=6824"}],"curies":[{"name":"wp","href":"https:\/\/api.w.org\/{rel}","templated":true}]}}