{"id":7806,"date":"2020-02-21T13:27:28","date_gmt":"2020-02-21T13:27:28","guid":{"rendered":"http:\/\/smartcitydisplays.com\/product\/passenger-information-displays-lcd\/"},"modified":"2020-03-30T10:23:07","modified_gmt":"2020-03-30T10:23:07","slug":"passenger-information-displays-lcd","status":"publish","type":"product","link":"https:\/\/smartcitydisplays.com\/pl\/produkt\/passenger-information-displays-lcd\/","title":{"rendered":"Wy\u015bwietlacze informacji pasa\u017cerskiej LCD"},"content":{"rendered":"<div class=\"wpb-content-wrapper\"><p>[vc_row][vc_column][vc_raw_js]JTNDc2NyaXB0JTNFJTBBbGV0JTIwbmV3VGl0bGUlMjAlM0QlMjBkb2N1bWVudC5nZXRFbGVtZW50c0J5Q2xhc3NOYW1lJTI4JTI3ZWx0ZGYtc2luZ2xlLXByb2R1Y3QtdGl0bGUlMjclMjklM0IlMEFpZiUyMCUyOG5ld1RpdGxlJTIwJTI2JTI2JTIwbmV3VGl0bGUubGVuZ3RoJTIwJTNFJTIwMCUyOSUyMCU3QiUwQSUyMG5ld1RpdGxlJTIwJTNEJTIwbmV3VGl0bGUlNUIwJTVELmlubmVyVGV4dCUwQSUyMGlmJTI4ZG9jdW1lbnQucmVhZHlTdGF0ZSUyMCUzRCUzRCUzRCUyMCUyN3JlYWR5JTI3JTIwJTdDJTdDJTIwZG9jdW1lbnQucmVhZHlTdGF0ZSUyMCUzRCUzRCUzRCUyMCUyN2NvbXBsZXRlJTI3JTI5JTIwJTdCJTBBJTIwZ29Ub0Rvd25sb2FkcyUyOCUyOSUzQiUwQSU3RCUyMGVsc2UlMjAlN0IlMEElMjAlMjBkb2N1bWVudC5vbnJlYWR5c3RhdGVjaGFuZ2UlMjAlM0QlMjBmdW5jdGlvbiUyMCUyOCUyOSUyMCU3QiUwQSUyMCUyMCUyMCUyMGlmJTIwJTI4ZG9jdW1lbnQucmVhZHlTdGF0ZSUyMCUzRCUzRCUyMCUyMmNvbXBsZXRlJTIyJTI5JTIwJTdCJTBBJTIwJTIwJTIwJTIwJTIwJTIwZ29Ub0Rvd25sb2FkcyUyOCUyOSUzQiUwQSUyMCUyMCUyMCUyMCU3RCUwQSUyMCUyMCU3RCUwQSU3RCUwQSU3RCUwQSUwQWZ1bmN0aW9uJTIwZ29Ub0Rvd25sb2FkcyUyOCUyOSUyMCU3QiUwQWNvbnN0JTIwc2t1JTIwJTNEJTIwZG9jdW1lbnQuZ2V0RWxlbWVudHNCeUNsYXNzTmFtZSUyOCUyN3NrdSUyNyUyOSUzQiUwQSUwQUFycmF5LnByb3RvdHlwZS5mb3JFYWNoLmNhbGwlMjhza3UlMkMlMjBlbCUyMCUzRCUzRSUyMCU3QiUwQSUyMGVsLmFkZEV2ZW50TGlzdGVuZXIlMjglMjJjbGljayUyMiUyQyUyMCUyOCUyOSUyMCUzRCUzRSUyMCU3QiUwQSUyMGxvY2F0aW9uLnBhdGhuYW1lJTIwJTNEJTIwJTI3JTJGcGwlMkZkb3dubG9hZHMlMkYlMjclM0IlMEElN0QlMjklM0IlMEElN0QlMjklM0IlMEElN0QlMEElMEElM0MlMkZzY3JpcHQlM0UlMEE=[\/vc_raw_js][\/vc_column][\/vc_row][vc_row][vc_column][vc_column_text]<\/p>\n<div><strong>Tablica informacji pasa\u017cerskiej LCD:<\/strong><\/div>\n<ul>\n<li>Wy\u015bwietla statyczne tre\u015bci<\/li>\n<li>Obraz dwukolorowy<\/li>\n<li>Zastosowanie zewn\u0119trzne \/ wewn\u0119trzne<\/li>\n<li>Tablice jednostronne \/ dwustronne<\/li>\n<li>Jasno\u015b\u0107 500 \u2013 2500 nit<\/li>\n<li>Otwarty protok\u00f3\u0142 komunikacyjny \u2013 \u0142atwy do zintegrowania<\/li>\n<li>Zgodne z TSI PRM<\/li>\n<li>Zgodno\u015b\u0107 z europejskimi normami<\/li>\n<li>Sterowanie przez sygna\u0142 cyfrowy HDMI lub DVI<\/li>\n<li>Czujnik jasno\u015bci<\/li>\n<li>Indywidualny projekt obudowy<\/li>\n<\/ul>\n<p>[\/vc_column_text][\/vc_column][\/vc_row]<\/p>\n<\/div>","protected":false},"excerpt":{"rendered":"<p>Wy\u015bwietlacz zbudowany z pod\u015bwietlonych matryc LCD prezentuje dwukolorow\u0105 informacj\u0119 pasa\u017cersk\u0105. Wy\u015bwietla statyczne tre\u015bci, rozk\u0142ad jazdy i grafiki. Technologia ta jest obecnie zast\u0119powana przez LED RGB ze wzgl\u0119du na wy\u017csz\u0105 niezawodno\u015b\u0107 i jasno\u015b\u0107 LED RGB.<\/p>\n","protected":false},"featured_media":22470,"template":"","meta":{"content-type":""},"product_brand":[],"product_cat":[312,310,313],"product_tag":[306],"class_list":{"0":"post-7806","1":"product","2":"type-product","3":"status-publish","4":"has-post-thumbnail","6":"product_cat-long-distance-pl","7":"product_cat-lcd-pl","8":"product_cat-outdoor-pl","9":"product_tag-passenger-info-pl","11":"first","12":"instock","13":"shipping-taxable","14":"product-type-external"},"yoast_head":"<!-- This site is optimized with the Yoast SEO plugin v27.1.1 - https:\/\/yoast.com\/product\/yoast-seo-wordpress\/ -->\n<title>Wy\u015bwietlacze informacji pasa\u017cerskiej LCD - Smart City Displays<\/title>\n<meta name=\"robots\" content=\"index, follow, max-snippet:-1, max-image-preview:large, max-video-preview:-1\" \/>\n<link rel=\"canonical\" href=\"https:\/\/smartcitydisplays.com\/pl\/produkt\/passenger-information-displays-lcd\/\" \/>\n<meta property=\"og:locale\" content=\"pl_PL\" \/>\n<meta property=\"og:type\" content=\"article\" \/>\n<meta property=\"og:title\" content=\"Wy\u015bwietlacze informacji pasa\u017cerskiej LCD - Smart City Displays\" \/>\n<meta property=\"og:description\" content=\"Wy\u015bwietlacz zbudowany z pod\u015bwietlonych matryc LCD prezentuje dwukolorow\u0105 informacj\u0119 pasa\u017cersk\u0105. Wy\u015bwietla statyczne tre\u015bci, rozk\u0142ad jazdy i grafiki. Technologia ta jest obecnie zast\u0119powana przez LED RGB ze wzgl\u0119du na wy\u017csz\u0105 niezawodno\u015b\u0107 i jasno\u015b\u0107 LED RGB.\" \/>\n<meta property=\"og:url\" content=\"https:\/\/smartcitydisplays.com\/pl\/produkt\/passenger-information-displays-lcd\/\" \/>\n<meta property=\"og:site_name\" content=\"Smart City Displays\" \/>\n<meta property=\"article:publisher\" content=\"https:\/\/www.facebook.com\/dystenpl\/\" \/>\n<meta property=\"article:modified_time\" content=\"2020-03-30T10:23:07+00:00\" \/>\n<meta property=\"og:image\" content=\"https:\/\/smartcitydisplays.com\/wp-content\/uploads\/2020\/02\/LCD-PID.jpeg\" \/>\n\t<meta property=\"og:image:width\" content=\"284\" \/>\n\t<meta property=\"og:image:height\" content=\"284\" \/>\n\t<meta property=\"og:image:type\" content=\"image\/jpeg\" \/>\n<meta name=\"twitter:card\" content=\"summary_large_image\" \/>\n<meta name=\"twitter:site\" content=\"@Dysten3\" \/>\n<meta name=\"twitter:label1\" content=\"Szacowany czas czytania\" \/>\n\t<meta name=\"twitter:data1\" content=\"1 minuta\" \/>\n<script type=\"application\/ld+json\" class=\"yoast-schema-graph\">{\"@context\":\"https:\/\/schema.org\",\"@graph\":[{\"@type\":\"WebPage\",\"@id\":\"https:\/\/smartcitydisplays.com\/pl\/produkt\/passenger-information-displays-lcd\/\",\"url\":\"https:\/\/smartcitydisplays.com\/pl\/produkt\/passenger-information-displays-lcd\/\",\"name\":\"Wy\u015bwietlacze informacji pasa\u017cerskiej LCD - Smart City Displays\",\"isPartOf\":{\"@id\":\"https:\/\/smartcitydisplays.com\/pl\/#website\"},\"primaryImageOfPage\":{\"@id\":\"https:\/\/smartcitydisplays.com\/pl\/produkt\/passenger-information-displays-lcd\/#primaryimage\"},\"image\":{\"@id\":\"https:\/\/smartcitydisplays.com\/pl\/produkt\/passenger-information-displays-lcd\/#primaryimage\"},\"thumbnailUrl\":\"https:\/\/smartcitydisplays.com\/wp-content\/uploads\/2020\/02\/LCD-PID.jpeg\",\"datePublished\":\"2020-02-21T13:27:28+00:00\",\"dateModified\":\"2020-03-30T10:23:07+00:00\",\"breadcrumb\":{\"@id\":\"https:\/\/smartcitydisplays.com\/pl\/produkt\/passenger-information-displays-lcd\/#breadcrumb\"},\"inLanguage\":\"pl-PL\",\"potentialAction\":[{\"@type\":\"ReadAction\",\"target\":[\"https:\/\/smartcitydisplays.com\/pl\/produkt\/passenger-information-displays-lcd\/\"]}]},{\"@type\":\"ImageObject\",\"inLanguage\":\"pl-PL\",\"@id\":\"https:\/\/smartcitydisplays.com\/pl\/produkt\/passenger-information-displays-lcd\/#primaryimage\",\"url\":\"https:\/\/smartcitydisplays.com\/wp-content\/uploads\/2020\/02\/LCD-PID.jpeg\",\"contentUrl\":\"https:\/\/smartcitydisplays.com\/wp-content\/uploads\/2020\/02\/LCD-PID.jpeg\",\"width\":284,\"height\":284},{\"@type\":\"BreadcrumbList\",\"@id\":\"https:\/\/smartcitydisplays.com\/pl\/produkt\/passenger-information-displays-lcd\/#breadcrumb\",\"itemListElement\":[{\"@type\":\"ListItem\",\"position\":1,\"name\":\"Home\",\"item\":\"https:\/\/smartcitydisplays.com\/pl\/\"},{\"@type\":\"ListItem\",\"position\":2,\"name\":\"Produkty\",\"item\":\"https:\/\/smartcitydisplays.com\/pl\/shop\/\"},{\"@type\":\"ListItem\",\"position\":3,\"name\":\"Wy\u015bwietlacze informacji pasa\u017cerskiej LCD\"}]},{\"@type\":\"WebSite\",\"@id\":\"https:\/\/smartcitydisplays.com\/pl\/#website\",\"url\":\"https:\/\/smartcitydisplays.com\/pl\/\",\"name\":\"Smart City Displays\",\"description\":\"dysten\",\"potentialAction\":[{\"@type\":\"SearchAction\",\"target\":{\"@type\":\"EntryPoint\",\"urlTemplate\":\"https:\/\/smartcitydisplays.com\/pl\/?s={search_term_string}\"},\"query-input\":{\"@type\":\"PropertyValueSpecification\",\"valueRequired\":true,\"valueName\":\"search_term_string\"}}],\"inLanguage\":\"pl-PL\"}]}<\/script>\n<!-- \/ Yoast SEO plugin. -->","yoast_head_json":{"title":"Wy\u015bwietlacze informacji pasa\u017cerskiej LCD - Smart City Displays","robots":{"index":"index","follow":"follow","max-snippet":"max-snippet:-1","max-image-preview":"max-image-preview:large","max-video-preview":"max-video-preview:-1"},"canonical":"https:\/\/smartcitydisplays.com\/pl\/produkt\/passenger-information-displays-lcd\/","og_locale":"pl_PL","og_type":"article","og_title":"Wy\u015bwietlacze informacji pasa\u017cerskiej LCD - Smart City Displays","og_description":"Wy\u015bwietlacz zbudowany z pod\u015bwietlonych matryc LCD prezentuje dwukolorow\u0105 informacj\u0119 pasa\u017cersk\u0105. Wy\u015bwietla statyczne tre\u015bci, rozk\u0142ad jazdy i grafiki. Technologia ta jest obecnie zast\u0119powana przez LED RGB ze wzgl\u0119du na wy\u017csz\u0105 niezawodno\u015b\u0107 i jasno\u015b\u0107 LED RGB.","og_url":"https:\/\/smartcitydisplays.com\/pl\/produkt\/passenger-information-displays-lcd\/","og_site_name":"Smart City Displays","article_publisher":"https:\/\/www.facebook.com\/dystenpl\/","article_modified_time":"2020-03-30T10:23:07+00:00","og_image":[{"width":284,"height":284,"url":"https:\/\/smartcitydisplays.com\/wp-content\/uploads\/2020\/02\/LCD-PID.jpeg","type":"image\/jpeg"}],"twitter_card":"summary_large_image","twitter_site":"@Dysten3","twitter_misc":{"Szacowany czas czytania":"1 minuta"},"schema":{"@context":"https:\/\/schema.org","@graph":[{"@type":"WebPage","@id":"https:\/\/smartcitydisplays.com\/pl\/produkt\/passenger-information-displays-lcd\/","url":"https:\/\/smartcitydisplays.com\/pl\/produkt\/passenger-information-displays-lcd\/","name":"Wy\u015bwietlacze informacji pasa\u017cerskiej LCD - Smart City Displays","isPartOf":{"@id":"https:\/\/smartcitydisplays.com\/pl\/#website"},"primaryImageOfPage":{"@id":"https:\/\/smartcitydisplays.com\/pl\/produkt\/passenger-information-displays-lcd\/#primaryimage"},"image":{"@id":"https:\/\/smartcitydisplays.com\/pl\/produkt\/passenger-information-displays-lcd\/#primaryimage"},"thumbnailUrl":"https:\/\/smartcitydisplays.com\/wp-content\/uploads\/2020\/02\/LCD-PID.jpeg","datePublished":"2020-02-21T13:27:28+00:00","dateModified":"2020-03-30T10:23:07+00:00","breadcrumb":{"@id":"https:\/\/smartcitydisplays.com\/pl\/produkt\/passenger-information-displays-lcd\/#breadcrumb"},"inLanguage":"pl-PL","potentialAction":[{"@type":"ReadAction","target":["https:\/\/smartcitydisplays.com\/pl\/produkt\/passenger-information-displays-lcd\/"]}]},{"@type":"ImageObject","inLanguage":"pl-PL","@id":"https:\/\/smartcitydisplays.com\/pl\/produkt\/passenger-information-displays-lcd\/#primaryimage","url":"https:\/\/smartcitydisplays.com\/wp-content\/uploads\/2020\/02\/LCD-PID.jpeg","contentUrl":"https:\/\/smartcitydisplays.com\/wp-content\/uploads\/2020\/02\/LCD-PID.jpeg","width":284,"height":284},{"@type":"BreadcrumbList","@id":"https:\/\/smartcitydisplays.com\/pl\/produkt\/passenger-information-displays-lcd\/#breadcrumb","itemListElement":[{"@type":"ListItem","position":1,"name":"Home","item":"https:\/\/smartcitydisplays.com\/pl\/"},{"@type":"ListItem","position":2,"name":"Produkty","item":"https:\/\/smartcitydisplays.com\/pl\/shop\/"},{"@type":"ListItem","position":3,"name":"Wy\u015bwietlacze informacji pasa\u017cerskiej LCD"}]},{"@type":"WebSite","@id":"https:\/\/smartcitydisplays.com\/pl\/#website","url":"https:\/\/smartcitydisplays.com\/pl\/","name":"Smart City Displays","description":"dysten","potentialAction":[{"@type":"SearchAction","target":{"@type":"EntryPoint","urlTemplate":"https:\/\/smartcitydisplays.com\/pl\/?s={search_term_string}"},"query-input":{"@type":"PropertyValueSpecification","valueRequired":true,"valueName":"search_term_string"}}],"inLanguage":"pl-PL"}]}},"_links":{"self":[{"href":"https:\/\/smartcitydisplays.com\/pl\/wp-json\/wp\/v2\/product\/7806","targetHints":{"allow":["GET"]}}],"collection":[{"href":"https:\/\/smartcitydisplays.com\/pl\/wp-json\/wp\/v2\/product"}],"about":[{"href":"https:\/\/smartcitydisplays.com\/pl\/wp-json\/wp\/v2\/types\/product"}],"wp:featuredmedia":[{"embeddable":true,"href":"https:\/\/smartcitydisplays.com\/pl\/wp-json\/wp\/v2\/media\/22470"}],"wp:attachment":[{"href":"https:\/\/smartcitydisplays.com\/pl\/wp-json\/wp\/v2\/media?parent=7806"}],"wp:term":[{"taxonomy":"product_brand","embeddable":true,"href":"https:\/\/smartcitydisplays.com\/pl\/wp-json\/wp\/v2\/product_brand?post=7806"},{"taxonomy":"product_cat","embeddable":true,"href":"https:\/\/smartcitydisplays.com\/pl\/wp-json\/wp\/v2\/product_cat?post=7806"},{"taxonomy":"product_tag","embeddable":true,"href":"https:\/\/smartcitydisplays.com\/pl\/wp-json\/wp\/v2\/product_tag?post=7806"}],"curies":[{"name":"wp","href":"https:\/\/api.w.org\/{rel}","templated":true}]}}