{"id":7807,"date":"2020-02-21T13:50:51","date_gmt":"2020-02-21T13:50:51","guid":{"rendered":"http:\/\/smartcitydisplays.com\/product\/passenger-information-displays-tft-lcd\/"},"modified":"2020-03-30T10:17:18","modified_gmt":"2020-03-30T10:17:18","slug":"passenger-information-displays-tft-lcd","status":"publish","type":"product","link":"https:\/\/smartcitydisplays.com\/pl\/produkt\/passenger-information-displays-tft-lcd\/","title":{"rendered":"Wy\u015bwietlacze dynamicznej informacji pasa\u017cerskiej LCD TFT"},"content":{"rendered":"<div class=\"wpb-content-wrapper\"><p>[vc_row][vc_column][vc_raw_js]JTNDc2NyaXB0JTNFJTBBbGV0JTIwbmV3VGl0bGUlMjAlM0QlMjBkb2N1bWVudC5nZXRFbGVtZW50c0J5Q2xhc3NOYW1lJTI4JTI3ZWx0ZGYtc2luZ2xlLXByb2R1Y3QtdGl0bGUlMjclMjklM0IlMEFpZiUyMCUyOG5ld1RpdGxlJTIwJTI2JTI2JTIwbmV3VGl0bGUubGVuZ3RoJTIwJTNFJTIwMCUyOSUyMCU3QiUwQSUyMG5ld1RpdGxlJTIwJTNEJTIwbmV3VGl0bGUlNUIwJTVELmlubmVyVGV4dCUwQSUyMGlmJTI4ZG9jdW1lbnQucmVhZHlTdGF0ZSUyMCUzRCUzRCUzRCUyMCUyN3JlYWR5JTI3JTIwJTdDJTdDJTIwZG9jdW1lbnQucmVhZHlTdGF0ZSUyMCUzRCUzRCUzRCUyMCUyN2NvbXBsZXRlJTI3JTI5JTIwJTdCJTBBJTIwZ29Ub0Rvd25sb2FkcyUyOCUyOSUzQiUwQSU3RCUyMGVsc2UlMjAlN0IlMEElMjAlMjBkb2N1bWVudC5vbnJlYWR5c3RhdGVjaGFuZ2UlMjAlM0QlMjBmdW5jdGlvbiUyMCUyOCUyOSUyMCU3QiUwQSUyMCUyMCUyMCUyMGlmJTIwJTI4ZG9jdW1lbnQucmVhZHlTdGF0ZSUyMCUzRCUzRCUyMCUyMmNvbXBsZXRlJTIyJTI5JTIwJTdCJTBBJTIwJTIwJTIwJTIwJTIwJTIwZ29Ub0Rvd25sb2FkcyUyOCUyOSUzQiUwQSUyMCUyMCUyMCUyMCU3RCUwQSUyMCUyMCU3RCUwQSU3RCUwQSU3RCUwQSUwQWZ1bmN0aW9uJTIwZ29Ub0Rvd25sb2FkcyUyOCUyOSUyMCU3QiUwQWNvbnN0JTIwc2t1JTIwJTNEJTIwZG9jdW1lbnQuZ2V0RWxlbWVudHNCeUNsYXNzTmFtZSUyOCUyN3NrdSUyNyUyOSUzQiUwQSUwQUFycmF5LnByb3RvdHlwZS5mb3JFYWNoLmNhbGwlMjhza3UlMkMlMjBlbCUyMCUzRCUzRSUyMCU3QiUwQSUyMGVsLmFkZEV2ZW50TGlzdGVuZXIlMjglMjJjbGljayUyMiUyQyUyMCUyOCUyOSUyMCUzRCUzRSUyMCU3QiUwQSUyMGxvY2F0aW9uLnBhdGhuYW1lJTIwJTNEJTIwJTI3JTJGcGwlMkZkb3dubG9hZHMlMkYlMjclM0IlMEElN0QlMjklM0IlMEElN0QlMjklM0IlMEElN0QlMEElMEElM0MlMkZzY3JpcHQlM0UlMEE=[\/vc_raw_js][\/vc_column][\/vc_row][vc_row][vc_column][vc_column_text]<\/p>\n<div>\n<div>Tablica informacji pasa\u017cerskiej TFT LCD:<\/div>\n<ul>\n<li>Wy\u015bwietla statyczne i dynamiczne tre\u015bci jak animacje i filmy<\/li>\n<li>Obraz w pe\u0142nym kolorze<\/li>\n<li>Zastosowanie zewn\u0119trzne \/ wewn\u0119trzne<\/li>\n<li>Tablice jednostronne \/ dwustronne<\/li>\n<li>Technologia TFT LCD<\/li>\n<li>Jasno\u015b\u0107 500 \u2013 3000 nit<\/li>\n<li>Rozdzielczo\u015b\u0107 Full HD<\/li>\n<li>Otwarty protok\u00f3\u0142 komunikacyjny \u2013 \u0142atwy do zintegrowania<\/li>\n<li>Zgodne z TSI PRM<\/li>\n<li>Zgodno\u015b\u0107 z europejskimi normami<\/li>\n<li>Sterowanie przez sygna\u0142 cyfrowy HDMI lub DVI<\/li>\n<li>Czujnik jasno\u015bci<\/li>\n<li>Indywidualny projekt obudowy urz\u0105dzenia<\/li>\n<li>Wy\u015bwietla statyczne i dynamiczne tre\u015bci jak animacje i filmy<\/li>\n<li>Obraz w pe\u0142nym kolorze<\/li>\n<li>Zastosowanie zewn\u0119trzne \/ wewn\u0119trzne<\/li>\n<li>Tablice jednostronne \/ dwustronne<\/li>\n<li>Technologia TFT LCD<\/li>\n<li>Jasno\u015b\u0107 500 \u2013 3000 nit<\/li>\n<li>Rozdzielczo\u015b\u0107 Full HD<\/li>\n<li>Otwarty protok\u00f3\u0142 komunikacyjny \u2013 \u0142atwy do zintegrowania<\/li>\n<li>Zgodne z TSI PRM<\/li>\n<li>Zgodno\u015b\u0107 z europejskimi normami<\/li>\n<li>Sterowanie przez sygna\u0142 cyfrowy HDMI lub DVI<\/li>\n<li>Czujnik jasno\u015bci<\/li>\n<li>Indywidualny projekt obudowy urz\u0105dzenia<\/li>\n<\/ul>\n<\/div>\n<p>[\/vc_column_text][\/vc_column][\/vc_row]<\/p>\n<\/div>","protected":false},"excerpt":{"rendered":"<p>Wy\u015bwietlacz zbudowany z wysokiej rozdzielczo\u015bci matryc wy\u015bwietla grafiki, animacje i filmy w pe\u0142nym kolorze. Szeroka paleta monitor\u00f3w o r\u00f3\u017cnej jasno\u015bci, pozwala dopasowa\u0107 rozwi\u0105zanie zar\u00f3wno do instalacji zewn\u0119trznych jak i wewn\u0119trznych.<\/p>\n","protected":false},"featured_media":8405,"template":"","meta":{"content-type":""},"product_brand":[],"product_cat":[314,312,310,313],"product_tag":[306],"class_list":{"0":"post-7807","1":"product","2":"type-product","3":"status-publish","4":"has-post-thumbnail","6":"product_cat-short-distance-pl","7":"product_cat-long-distance-pl","8":"product_cat-lcd-pl","9":"product_cat-outdoor-pl","10":"product_tag-passenger-info-pl","12":"first","13":"instock","14":"shipping-taxable","15":"product-type-external"},"yoast_head":"<!-- This site is optimized with the Yoast SEO plugin v27.1.1 - https:\/\/yoast.com\/product\/yoast-seo-wordpress\/ -->\n<title>Wy\u015bwietlacze dynamicznej informacji pasa\u017cerskiej LCD TFT - Smart City Displays<\/title>\n<meta name=\"robots\" content=\"index, follow, max-snippet:-1, max-image-preview:large, max-video-preview:-1\" \/>\n<link rel=\"canonical\" href=\"https:\/\/smartcitydisplays.com\/pl\/produkt\/passenger-information-displays-tft-lcd\/\" \/>\n<meta property=\"og:locale\" content=\"pl_PL\" \/>\n<meta property=\"og:type\" content=\"article\" \/>\n<meta property=\"og:title\" content=\"Wy\u015bwietlacze dynamicznej informacji pasa\u017cerskiej LCD TFT - Smart City Displays\" \/>\n<meta property=\"og:description\" content=\"Wy\u015bwietlacz zbudowany z wysokiej rozdzielczo\u015bci matryc wy\u015bwietla grafiki, animacje i filmy w pe\u0142nym kolorze. Szeroka paleta monitor\u00f3w o r\u00f3\u017cnej jasno\u015bci, pozwala dopasowa\u0107 rozwi\u0105zanie zar\u00f3wno do instalacji zewn\u0119trznych jak i wewn\u0119trznych.\" \/>\n<meta property=\"og:url\" content=\"https:\/\/smartcitydisplays.com\/pl\/produkt\/passenger-information-displays-tft-lcd\/\" \/>\n<meta property=\"og:site_name\" content=\"Smart City Displays\" \/>\n<meta property=\"article:publisher\" content=\"https:\/\/www.facebook.com\/dystenpl\/\" \/>\n<meta property=\"article:modified_time\" content=\"2020-03-30T10:17:18+00:00\" \/>\n<meta property=\"og:image\" content=\"https:\/\/smartcitydisplays.com\/wp-content\/uploads\/2020\/03\/TFTLCD-display.jpg\" \/>\n\t<meta property=\"og:image:width\" content=\"1886\" \/>\n\t<meta property=\"og:image:height\" content=\"1886\" \/>\n\t<meta property=\"og:image:type\" content=\"image\/jpeg\" \/>\n<meta name=\"twitter:card\" content=\"summary_large_image\" \/>\n<meta name=\"twitter:site\" content=\"@Dysten3\" \/>\n<meta name=\"twitter:label1\" content=\"Szacowany czas czytania\" \/>\n\t<meta name=\"twitter:data1\" content=\"1 minuta\" \/>\n<script type=\"application\/ld+json\" class=\"yoast-schema-graph\">{\"@context\":\"https:\/\/schema.org\",\"@graph\":[{\"@type\":\"WebPage\",\"@id\":\"https:\/\/smartcitydisplays.com\/pl\/produkt\/passenger-information-displays-tft-lcd\/\",\"url\":\"https:\/\/smartcitydisplays.com\/pl\/produkt\/passenger-information-displays-tft-lcd\/\",\"name\":\"Wy\u015bwietlacze dynamicznej informacji pasa\u017cerskiej LCD TFT - Smart City Displays\",\"isPartOf\":{\"@id\":\"https:\/\/smartcitydisplays.com\/pl\/#website\"},\"primaryImageOfPage\":{\"@id\":\"https:\/\/smartcitydisplays.com\/pl\/produkt\/passenger-information-displays-tft-lcd\/#primaryimage\"},\"image\":{\"@id\":\"https:\/\/smartcitydisplays.com\/pl\/produkt\/passenger-information-displays-tft-lcd\/#primaryimage\"},\"thumbnailUrl\":\"https:\/\/smartcitydisplays.com\/wp-content\/uploads\/2020\/03\/TFTLCD-display.jpg\",\"datePublished\":\"2020-02-21T13:50:51+00:00\",\"dateModified\":\"2020-03-30T10:17:18+00:00\",\"breadcrumb\":{\"@id\":\"https:\/\/smartcitydisplays.com\/pl\/produkt\/passenger-information-displays-tft-lcd\/#breadcrumb\"},\"inLanguage\":\"pl-PL\",\"potentialAction\":[{\"@type\":\"ReadAction\",\"target\":[\"https:\/\/smartcitydisplays.com\/pl\/produkt\/passenger-information-displays-tft-lcd\/\"]}]},{\"@type\":\"ImageObject\",\"inLanguage\":\"pl-PL\",\"@id\":\"https:\/\/smartcitydisplays.com\/pl\/produkt\/passenger-information-displays-tft-lcd\/#primaryimage\",\"url\":\"https:\/\/smartcitydisplays.com\/wp-content\/uploads\/2020\/03\/TFTLCD-display.jpg\",\"contentUrl\":\"https:\/\/smartcitydisplays.com\/wp-content\/uploads\/2020\/03\/TFTLCD-display.jpg\",\"width\":1886,\"height\":1886,\"caption\":\"real-time LCD TFT Passenger Information Display Board. Full-colour screen, 24\/7 operation, easy to integrate\"},{\"@type\":\"BreadcrumbList\",\"@id\":\"https:\/\/smartcitydisplays.com\/pl\/produkt\/passenger-information-displays-tft-lcd\/#breadcrumb\",\"itemListElement\":[{\"@type\":\"ListItem\",\"position\":1,\"name\":\"Home\",\"item\":\"https:\/\/smartcitydisplays.com\/pl\/\"},{\"@type\":\"ListItem\",\"position\":2,\"name\":\"Produkty\",\"item\":\"https:\/\/smartcitydisplays.com\/pl\/shop\/\"},{\"@type\":\"ListItem\",\"position\":3,\"name\":\"Wy\u015bwietlacze dynamicznej informacji pasa\u017cerskiej LCD TFT\"}]},{\"@type\":\"WebSite\",\"@id\":\"https:\/\/smartcitydisplays.com\/pl\/#website\",\"url\":\"https:\/\/smartcitydisplays.com\/pl\/\",\"name\":\"Smart City Displays\",\"description\":\"dysten\",\"potentialAction\":[{\"@type\":\"SearchAction\",\"target\":{\"@type\":\"EntryPoint\",\"urlTemplate\":\"https:\/\/smartcitydisplays.com\/pl\/?s={search_term_string}\"},\"query-input\":{\"@type\":\"PropertyValueSpecification\",\"valueRequired\":true,\"valueName\":\"search_term_string\"}}],\"inLanguage\":\"pl-PL\"}]}<\/script>\n<!-- \/ Yoast SEO plugin. -->","yoast_head_json":{"title":"Wy\u015bwietlacze dynamicznej informacji pasa\u017cerskiej LCD TFT - Smart City Displays","robots":{"index":"index","follow":"follow","max-snippet":"max-snippet:-1","max-image-preview":"max-image-preview:large","max-video-preview":"max-video-preview:-1"},"canonical":"https:\/\/smartcitydisplays.com\/pl\/produkt\/passenger-information-displays-tft-lcd\/","og_locale":"pl_PL","og_type":"article","og_title":"Wy\u015bwietlacze dynamicznej informacji pasa\u017cerskiej LCD TFT - Smart City Displays","og_description":"Wy\u015bwietlacz zbudowany z wysokiej rozdzielczo\u015bci matryc wy\u015bwietla grafiki, animacje i filmy w pe\u0142nym kolorze. Szeroka paleta monitor\u00f3w o r\u00f3\u017cnej jasno\u015bci, pozwala dopasowa\u0107 rozwi\u0105zanie zar\u00f3wno do instalacji zewn\u0119trznych jak i wewn\u0119trznych.","og_url":"https:\/\/smartcitydisplays.com\/pl\/produkt\/passenger-information-displays-tft-lcd\/","og_site_name":"Smart City Displays","article_publisher":"https:\/\/www.facebook.com\/dystenpl\/","article_modified_time":"2020-03-30T10:17:18+00:00","og_image":[{"width":1886,"height":1886,"url":"https:\/\/smartcitydisplays.com\/wp-content\/uploads\/2020\/03\/TFTLCD-display.jpg","type":"image\/jpeg"}],"twitter_card":"summary_large_image","twitter_site":"@Dysten3","twitter_misc":{"Szacowany czas czytania":"1 minuta"},"schema":{"@context":"https:\/\/schema.org","@graph":[{"@type":"WebPage","@id":"https:\/\/smartcitydisplays.com\/pl\/produkt\/passenger-information-displays-tft-lcd\/","url":"https:\/\/smartcitydisplays.com\/pl\/produkt\/passenger-information-displays-tft-lcd\/","name":"Wy\u015bwietlacze dynamicznej informacji pasa\u017cerskiej LCD TFT - Smart City Displays","isPartOf":{"@id":"https:\/\/smartcitydisplays.com\/pl\/#website"},"primaryImageOfPage":{"@id":"https:\/\/smartcitydisplays.com\/pl\/produkt\/passenger-information-displays-tft-lcd\/#primaryimage"},"image":{"@id":"https:\/\/smartcitydisplays.com\/pl\/produkt\/passenger-information-displays-tft-lcd\/#primaryimage"},"thumbnailUrl":"https:\/\/smartcitydisplays.com\/wp-content\/uploads\/2020\/03\/TFTLCD-display.jpg","datePublished":"2020-02-21T13:50:51+00:00","dateModified":"2020-03-30T10:17:18+00:00","breadcrumb":{"@id":"https:\/\/smartcitydisplays.com\/pl\/produkt\/passenger-information-displays-tft-lcd\/#breadcrumb"},"inLanguage":"pl-PL","potentialAction":[{"@type":"ReadAction","target":["https:\/\/smartcitydisplays.com\/pl\/produkt\/passenger-information-displays-tft-lcd\/"]}]},{"@type":"ImageObject","inLanguage":"pl-PL","@id":"https:\/\/smartcitydisplays.com\/pl\/produkt\/passenger-information-displays-tft-lcd\/#primaryimage","url":"https:\/\/smartcitydisplays.com\/wp-content\/uploads\/2020\/03\/TFTLCD-display.jpg","contentUrl":"https:\/\/smartcitydisplays.com\/wp-content\/uploads\/2020\/03\/TFTLCD-display.jpg","width":1886,"height":1886,"caption":"real-time LCD TFT Passenger Information Display Board. Full-colour screen, 24\/7 operation, easy to integrate"},{"@type":"BreadcrumbList","@id":"https:\/\/smartcitydisplays.com\/pl\/produkt\/passenger-information-displays-tft-lcd\/#breadcrumb","itemListElement":[{"@type":"ListItem","position":1,"name":"Home","item":"https:\/\/smartcitydisplays.com\/pl\/"},{"@type":"ListItem","position":2,"name":"Produkty","item":"https:\/\/smartcitydisplays.com\/pl\/shop\/"},{"@type":"ListItem","position":3,"name":"Wy\u015bwietlacze dynamicznej informacji pasa\u017cerskiej LCD TFT"}]},{"@type":"WebSite","@id":"https:\/\/smartcitydisplays.com\/pl\/#website","url":"https:\/\/smartcitydisplays.com\/pl\/","name":"Smart City Displays","description":"dysten","potentialAction":[{"@type":"SearchAction","target":{"@type":"EntryPoint","urlTemplate":"https:\/\/smartcitydisplays.com\/pl\/?s={search_term_string}"},"query-input":{"@type":"PropertyValueSpecification","valueRequired":true,"valueName":"search_term_string"}}],"inLanguage":"pl-PL"}]}},"_links":{"self":[{"href":"https:\/\/smartcitydisplays.com\/pl\/wp-json\/wp\/v2\/product\/7807","targetHints":{"allow":["GET"]}}],"collection":[{"href":"https:\/\/smartcitydisplays.com\/pl\/wp-json\/wp\/v2\/product"}],"about":[{"href":"https:\/\/smartcitydisplays.com\/pl\/wp-json\/wp\/v2\/types\/product"}],"wp:featuredmedia":[{"embeddable":true,"href":"https:\/\/smartcitydisplays.com\/pl\/wp-json\/wp\/v2\/media\/8405"}],"wp:attachment":[{"href":"https:\/\/smartcitydisplays.com\/pl\/wp-json\/wp\/v2\/media?parent=7807"}],"wp:term":[{"taxonomy":"product_brand","embeddable":true,"href":"https:\/\/smartcitydisplays.com\/pl\/wp-json\/wp\/v2\/product_brand?post=7807"},{"taxonomy":"product_cat","embeddable":true,"href":"https:\/\/smartcitydisplays.com\/pl\/wp-json\/wp\/v2\/product_cat?post=7807"},{"taxonomy":"product_tag","embeddable":true,"href":"https:\/\/smartcitydisplays.com\/pl\/wp-json\/wp\/v2\/product_tag?post=7807"}],"curies":[{"name":"wp","href":"https:\/\/api.w.org\/{rel}","templated":true}]}}