{"id":7808,"date":"2020-02-21T14:08:27","date_gmt":"2020-02-21T14:08:27","guid":{"rendered":"http:\/\/smartcitydisplays.com\/product\/e-paper-dynamic-passenger-information\/"},"modified":"2024-11-08T09:55:52","modified_gmt":"2024-11-08T09:55:52","slug":"e-paper-dynamic-passenger-information","status":"publish","type":"product","link":"https:\/\/smartcitydisplays.com\/pl\/produkt\/e-paper-dynamic-passenger-information\/","title":{"rendered":"E-papierowy rozk\u0142ad jazdy"},"content":{"rendered":"<div class=\"wpb-content-wrapper\"><p>[vc_row][vc_column][vc_raw_js]JTNDc2NyaXB0JTNFJTBBbGV0JTIwbmV3VGl0bGUlMjAlM0QlMjBkb2N1bWVudC5nZXRFbGVtZW50c0J5Q2xhc3NOYW1lJTI4JTI3ZWx0ZGYtc2luZ2xlLXByb2R1Y3QtdGl0bGUlMjclMjklM0IlMEFpZiUyMCUyOG5ld1RpdGxlJTIwJTI2JTI2JTIwbmV3VGl0bGUubGVuZ3RoJTIwJTNFJTIwMCUyOSUyMCU3QiUwQSUyMG5ld1RpdGxlJTIwJTNEJTIwbmV3VGl0bGUlNUIwJTVELmlubmVyVGV4dCUwQSUyMGlmJTI4ZG9jdW1lbnQucmVhZHlTdGF0ZSUyMCUzRCUzRCUzRCUyMCUyN3JlYWR5JTI3JTIwJTdDJTdDJTIwZG9jdW1lbnQucmVhZHlTdGF0ZSUyMCUzRCUzRCUzRCUyMCUyN2NvbXBsZXRlJTI3JTI5JTIwJTdCJTBBJTIwZ29Ub0Rvd25sb2FkcyUyOCUyOSUzQiUwQSU3RCUyMGVsc2UlMjAlN0IlMEElMjAlMjBkb2N1bWVudC5vbnJlYWR5c3RhdGVjaGFuZ2UlMjAlM0QlMjBmdW5jdGlvbiUyMCUyOCUyOSUyMCU3QiUwQSUyMCUyMCUyMCUyMGlmJTIwJTI4ZG9jdW1lbnQucmVhZHlTdGF0ZSUyMCUzRCUzRCUyMCUyMmNvbXBsZXRlJTIyJTI5JTIwJTdCJTBBJTIwJTIwJTIwJTIwJTIwJTIwZ29Ub0Rvd25sb2FkcyUyOCUyOSUzQiUwQSUyMCUyMCUyMCUyMCU3RCUwQSUyMCUyMCU3RCUwQSU3RCUwQSU3RCUwQSUwQWZ1bmN0aW9uJTIwZ29Ub0Rvd25sb2FkcyUyOCUyOSUyMCU3QiUwQWNvbnN0JTIwc2t1JTIwJTNEJTIwZG9jdW1lbnQuZ2V0RWxlbWVudHNCeUNsYXNzTmFtZSUyOCUyN3NrdSUyNyUyOSUzQiUwQSUwQUFycmF5LnByb3RvdHlwZS5mb3JFYWNoLmNhbGwlMjhza3UlMkMlMjBlbCUyMCUzRCUzRSUyMCU3QiUwQSUyMGVsLmFkZEV2ZW50TGlzdGVuZXIlMjglMjJjbGljayUyMiUyQyUyMCUyOCUyOSUyMCUzRCUzRSUyMCU3QiUwQSUyMGxvY2F0aW9uLnBhdGhuYW1lJTIwJTNEJTIwJTI3JTJGcGwlMkZkb3dubG9hZHMtcGwlMkZlLXBhcGllcm93eS1yb3prbGFkLWphemR5JTJGJTI3JTNCJTBBJTdEJTI5JTNCJTBBJTdEJTI5JTNCJTBBJTdEJTBBJTBBJTNDJTJGc2NyaXB0JTNFJTBB[\/vc_raw_js][\/vc_column][\/vc_row][vc_row][vc_column][vc_column_text]<\/p>\n<div>Zalety rozwi\u0105za\u0144 e-papier Dysten:<\/div>\n<ul>\n<li>Oszcz\u0119dno\u015b\u0107 energii<\/li>\n<li>Niezale\u017cno\u015b\u0107 od przy\u0142\u0105czy energetycznych &#8211; nie s\u0105 potrzebne (wymaga paneli solarnych)<\/li>\n<li>Zupe\u0142nie inna ni\u017c LCD technologia daje stabilny ostry obraz podobny do drukowanego<\/li>\n<li>Brak migotania &#8211; nie m\u0119czy wzroku<\/li>\n<li>Nie potrzebuje zasilania z wyj\u0105tkiem chwili zmiany tre\u015bci<\/li>\n<li>Energia mo\u017ce pochodzi\u0107 z solara lub zwyk\u0142ej sieci elektrycznej<\/li>\n<li>Podstawowe urz\u0105dzenie jest lekkie, p\u0142askie, \u0142atwe do monta\u017cu na s\u0142upie, latarni, wiacie, \u015bcianie<\/li>\n<li>Szybka integracja<\/li>\n<li>Mo\u017cliwe s\u0105 rozbudowane, autonomiczne wiaty z wieloma ekranami i udogodnieniami dla podr\u00f3\u017cnych<\/li>\n<li>Opcjonalne \u2013 urz\u0105dzenia z wieloma ekranami i przyciskami (do 3 sztuk)<\/li>\n<li>Kilka podstawowych specyfikacji urz\u0105dzenia, wielko\u015bci<\/li>\n<li>Zdalny system zarz\u0105dzania tre\u015bci\u0105<\/li>\n<\/ul>\n<p>[\/vc_column_text][\/vc_column][\/vc_row]<\/p>\n<\/div>","protected":false},"excerpt":{"rendered":"<p>Informacja pasa\u017cerska w technologii E-papier wy\u015bwietla ostry, czytelny obraz, kt\u00f3ry nie miga, mo\u017cna go odczyta\u0107 pod szerokimi k\u0105tami, a tre\u015bci s\u0105 dobrze widoczne nawet w pe\u0142nym s\u0142o\u0144cu. Elektroniczny papier jest energooszcz\u0119dny \u2013 energia jest potrzebna g\u0142\u00f3wnie podczas aktualizacji rozk\u0142adu jazdy i mo\u017ce pochodzi\u0107 np. z panelu solarnego. To dobre rozwi\u0105zanie w miejscach z trudnym dost\u0119pem do sieci energetycznej. Na e-papierze mo\u017cna wy\u015bwietla\u0107 grafik\u0119, zdj\u0119cia, tekst, statyczn\u0105 lub dynamiczn\u0105 informacj\u0119 pasa\u017cersk\u0105. Obraz sk\u0142ada si\u0119 z czerni, bieli i szaro\u015bci. Obudowa mo\u017ce by\u0107 wykonana ze stali, aluminium lub specjalnego niepalnego materia\u0142u o du\u017cej odporno\u015bci na wandali. Urz\u0105dzenie pracuje 24h na dob\u0119, 360 dni w roku. Aktualizacja informacji pasa\u017cerskiej przebiega za po\u015brednictwem sieci 3G i jest centralnie zarz\u0105dzana, mo\u017ce odbywa\u0107 si\u0119 automatycznie w ustalonych przez operatora godzinach. E-papierowa informacja pasa\u017cerska sprawdzi si\u0119 zar\u00f3wno w ma\u0142ym, autonomicznym urz\u0105dzeniu daleko od centrum miasta, jak i w totemie informacyjnym z rozbudowanymi funkcjami w du\u017cym centrum przesiadkowym. Najcz\u0119\u015bciej wykonujemy urz\u0105dzenia w technologii e-papier u\u017cywaj\u0105c wy\u015bwietlaczy 13 calowych, inne opcje to 31 cali i 42 cale.<\/p>\n<p>Firma Dysten by\u0142a wielokrotnie nagradzana jako innowacyjny producent urz\u0105dze\u0144 informacyjnych w technologii e-papier, zdobywaj\u0105c tytu\u0142y: Best Customer Initiative (Global Light Rail Awards, London), Technical Innovation of the Year (Global Light Rail Awards, London), Smart City Poland Award.<\/p>\n<p><img loading=\"lazy\" decoding=\"async\" width=\"300\" height=\"60\" class=\"alignnone size-medium wp-image-7545 fullimage\" src=\"https:\/\/smartcitydisplays.com\/wp-content\/uploads\/2020\/02\/e-paper-layouts-300x60.png\" alt=\"\" srcset=\"https:\/\/smartcitydisplays.com\/wp-content\/uploads\/2020\/02\/e-paper-layouts-300x60.png 300w, https:\/\/smartcitydisplays.com\/wp-content\/uploads\/2020\/02\/e-paper-layouts-1024x205.png 1024w, https:\/\/smartcitydisplays.com\/wp-content\/uploads\/2020\/02\/e-paper-layouts-768x153.png 768w, https:\/\/smartcitydisplays.com\/wp-content\/uploads\/2020\/02\/e-paper-layouts-600x120.png 600w, https:\/\/smartcitydisplays.com\/wp-content\/uploads\/2020\/02\/e-paper-layouts.png 1417w\" sizes=\"auto, (max-width: 300px) 100vw, 300px\" \/><\/p>\n","protected":false},"featured_media":25217,"template":"","meta":{"content-type":""},"product_brand":[],"product_cat":[314,312,308,309,313],"product_tag":[306],"class_list":{"0":"post-7808","1":"product","2":"type-product","3":"status-publish","4":"has-post-thumbnail","6":"product_cat-short-distance-pl","7":"product_cat-long-distance-pl","8":"product_cat-e-paper-pl","9":"product_cat-indoor-pl","10":"product_cat-outdoor-pl","11":"product_tag-passenger-info-pl","13":"first","14":"instock","15":"shipping-taxable","16":"product-type-external"},"yoast_head":"<!-- This site is optimized with the Yoast SEO plugin v27.1.1 - https:\/\/yoast.com\/product\/yoast-seo-wordpress\/ -->\n<title>E-papierowy rozk\u0142ad jazdy - Smart City Displays<\/title>\n<meta name=\"robots\" content=\"index, follow, max-snippet:-1, max-image-preview:large, max-video-preview:-1\" \/>\n<link rel=\"canonical\" href=\"https:\/\/smartcitydisplays.com\/pl\/produkt\/e-paper-dynamic-passenger-information\/\" \/>\n<meta property=\"og:locale\" content=\"pl_PL\" \/>\n<meta property=\"og:type\" content=\"article\" \/>\n<meta property=\"og:title\" content=\"E-papierowy rozk\u0142ad jazdy - Smart City Displays\" \/>\n<meta property=\"og:description\" content=\"Informacja pasa\u017cerska w technologii E-papier wy\u015bwietla ostry, czytelny obraz, kt\u00f3ry nie miga, mo\u017cna go odczyta\u0107 pod szerokimi k\u0105tami, a tre\u015bci s\u0105 dobrze widoczne nawet w pe\u0142nym s\u0142o\u0144cu. Elektroniczny papier jest energooszcz\u0119dny \u2013 energia jest potrzebna g\u0142\u00f3wnie podczas aktualizacji rozk\u0142adu jazdy i mo\u017ce pochodzi\u0107 np. z panelu solarnego. To dobre rozwi\u0105zanie w miejscach z trudnym dost\u0119pem do sieci energetycznej. Na e-papierze mo\u017cna wy\u015bwietla\u0107 grafik\u0119, zdj\u0119cia, tekst, statyczn\u0105 lub dynamiczn\u0105 informacj\u0119 pasa\u017cersk\u0105. Obraz sk\u0142ada si\u0119 z czerni, bieli i szaro\u015bci. Obudowa mo\u017ce by\u0107 wykonana ze stali, aluminium lub specjalnego niepalnego materia\u0142u o du\u017cej odporno\u015bci na wandali. Urz\u0105dzenie pracuje 24h na dob\u0119, 360 dni w roku. Aktualizacja informacji pasa\u017cerskiej przebiega za po\u015brednictwem sieci 3G i jest centralnie zarz\u0105dzana, mo\u017ce odbywa\u0107 si\u0119 automatycznie w ustalonych przez operatora godzinach. E-papierowa informacja pasa\u017cerska sprawdzi si\u0119 zar\u00f3wno w ma\u0142ym, autonomicznym urz\u0105dzeniu daleko od centrum miasta, jak i w totemie informacyjnym z rozbudowanymi funkcjami w du\u017cym centrum przesiadkowym. Najcz\u0119\u015bciej wykonujemy urz\u0105dzenia w technologii e-papier u\u017cywaj\u0105c wy\u015bwietlaczy 13 calowych, inne opcje to 31 cali i 42 cale.  Firma Dysten by\u0142a wielokrotnie nagradzana jako innowacyjny producent urz\u0105dze\u0144 informacyjnych w technologii e-papier, zdobywaj\u0105c tytu\u0142y: Best Customer Initiative (Global Light Rail Awards, London), Technical Innovation of the Year (Global Light Rail Awards, London), Smart City Poland Award.\" \/>\n<meta property=\"og:url\" content=\"https:\/\/smartcitydisplays.com\/pl\/produkt\/e-paper-dynamic-passenger-information\/\" \/>\n<meta property=\"og:site_name\" content=\"Smart City Displays\" \/>\n<meta property=\"article:publisher\" content=\"https:\/\/www.facebook.com\/dystenpl\/\" \/>\n<meta property=\"article:modified_time\" content=\"2024-11-08T09:55:52+00:00\" \/>\n<meta property=\"og:image\" content=\"https:\/\/smartcitydisplays.com\/wp-content\/uploads\/2020\/02\/e-papier-3-pylon-z-dachem-solarnym.jpg\" \/>\n\t<meta property=\"og:image:width\" content=\"1367\" \/>\n\t<meta property=\"og:image:height\" content=\"1367\" \/>\n\t<meta property=\"og:image:type\" content=\"image\/jpeg\" \/>\n<meta name=\"twitter:card\" content=\"summary_large_image\" \/>\n<meta name=\"twitter:site\" content=\"@Dysten3\" \/>\n<meta name=\"twitter:label1\" content=\"Szacowany czas czytania\" \/>\n\t<meta name=\"twitter:data1\" content=\"1 minuta\" \/>\n<script type=\"application\/ld+json\" class=\"yoast-schema-graph\">{\"@context\":\"https:\/\/schema.org\",\"@graph\":[{\"@type\":\"WebPage\",\"@id\":\"https:\/\/smartcitydisplays.com\/pl\/produkt\/e-paper-dynamic-passenger-information\/\",\"url\":\"https:\/\/smartcitydisplays.com\/pl\/produkt\/e-paper-dynamic-passenger-information\/\",\"name\":\"E-papierowy rozk\u0142ad jazdy - Smart City Displays\",\"isPartOf\":{\"@id\":\"https:\/\/smartcitydisplays.com\/pl\/#website\"},\"primaryImageOfPage\":{\"@id\":\"https:\/\/smartcitydisplays.com\/pl\/produkt\/e-paper-dynamic-passenger-information\/#primaryimage\"},\"image\":{\"@id\":\"https:\/\/smartcitydisplays.com\/pl\/produkt\/e-paper-dynamic-passenger-information\/#primaryimage\"},\"thumbnailUrl\":\"https:\/\/smartcitydisplays.com\/wp-content\/uploads\/2020\/02\/e-papier-3-pylon-z-dachem-solarnym.jpg\",\"datePublished\":\"2020-02-21T14:08:27+00:00\",\"dateModified\":\"2024-11-08T09:55:52+00:00\",\"breadcrumb\":{\"@id\":\"https:\/\/smartcitydisplays.com\/pl\/produkt\/e-paper-dynamic-passenger-information\/#breadcrumb\"},\"inLanguage\":\"pl-PL\",\"potentialAction\":[{\"@type\":\"ReadAction\",\"target\":[\"https:\/\/smartcitydisplays.com\/pl\/produkt\/e-paper-dynamic-passenger-information\/\"]}]},{\"@type\":\"ImageObject\",\"inLanguage\":\"pl-PL\",\"@id\":\"https:\/\/smartcitydisplays.com\/pl\/produkt\/e-paper-dynamic-passenger-information\/#primaryimage\",\"url\":\"https:\/\/smartcitydisplays.com\/wp-content\/uploads\/2020\/02\/e-papier-3-pylon-z-dachem-solarnym.jpg\",\"contentUrl\":\"https:\/\/smartcitydisplays.com\/wp-content\/uploads\/2020\/02\/e-papier-3-pylon-z-dachem-solarnym.jpg\",\"width\":1367,\"height\":1367,\"caption\":\"E-papier - pylon z dachem solarnym\"},{\"@type\":\"BreadcrumbList\",\"@id\":\"https:\/\/smartcitydisplays.com\/pl\/produkt\/e-paper-dynamic-passenger-information\/#breadcrumb\",\"itemListElement\":[{\"@type\":\"ListItem\",\"position\":1,\"name\":\"Home\",\"item\":\"https:\/\/smartcitydisplays.com\/pl\/\"},{\"@type\":\"ListItem\",\"position\":2,\"name\":\"Produkty\",\"item\":\"https:\/\/smartcitydisplays.com\/pl\/shop\/\"},{\"@type\":\"ListItem\",\"position\":3,\"name\":\"E-papierowy rozk\u0142ad jazdy\"}]},{\"@type\":\"WebSite\",\"@id\":\"https:\/\/smartcitydisplays.com\/pl\/#website\",\"url\":\"https:\/\/smartcitydisplays.com\/pl\/\",\"name\":\"Smart City Displays\",\"description\":\"dysten\",\"potentialAction\":[{\"@type\":\"SearchAction\",\"target\":{\"@type\":\"EntryPoint\",\"urlTemplate\":\"https:\/\/smartcitydisplays.com\/pl\/?s={search_term_string}\"},\"query-input\":{\"@type\":\"PropertyValueSpecification\",\"valueRequired\":true,\"valueName\":\"search_term_string\"}}],\"inLanguage\":\"pl-PL\"}]}<\/script>\n<!-- \/ Yoast SEO plugin. -->","yoast_head_json":{"title":"E-papierowy rozk\u0142ad jazdy - Smart City Displays","robots":{"index":"index","follow":"follow","max-snippet":"max-snippet:-1","max-image-preview":"max-image-preview:large","max-video-preview":"max-video-preview:-1"},"canonical":"https:\/\/smartcitydisplays.com\/pl\/produkt\/e-paper-dynamic-passenger-information\/","og_locale":"pl_PL","og_type":"article","og_title":"E-papierowy rozk\u0142ad jazdy - Smart City Displays","og_description":"Informacja pasa\u017cerska w technologii E-papier wy\u015bwietla ostry, czytelny obraz, kt\u00f3ry nie miga, mo\u017cna go odczyta\u0107 pod szerokimi k\u0105tami, a tre\u015bci s\u0105 dobrze widoczne nawet w pe\u0142nym s\u0142o\u0144cu. Elektroniczny papier jest energooszcz\u0119dny \u2013 energia jest potrzebna g\u0142\u00f3wnie podczas aktualizacji rozk\u0142adu jazdy i mo\u017ce pochodzi\u0107 np. z panelu solarnego. To dobre rozwi\u0105zanie w miejscach z trudnym dost\u0119pem do sieci energetycznej. Na e-papierze mo\u017cna wy\u015bwietla\u0107 grafik\u0119, zdj\u0119cia, tekst, statyczn\u0105 lub dynamiczn\u0105 informacj\u0119 pasa\u017cersk\u0105. Obraz sk\u0142ada si\u0119 z czerni, bieli i szaro\u015bci. Obudowa mo\u017ce by\u0107 wykonana ze stali, aluminium lub specjalnego niepalnego materia\u0142u o du\u017cej odporno\u015bci na wandali. Urz\u0105dzenie pracuje 24h na dob\u0119, 360 dni w roku. Aktualizacja informacji pasa\u017cerskiej przebiega za po\u015brednictwem sieci 3G i jest centralnie zarz\u0105dzana, mo\u017ce odbywa\u0107 si\u0119 automatycznie w ustalonych przez operatora godzinach. E-papierowa informacja pasa\u017cerska sprawdzi si\u0119 zar\u00f3wno w ma\u0142ym, autonomicznym urz\u0105dzeniu daleko od centrum miasta, jak i w totemie informacyjnym z rozbudowanymi funkcjami w du\u017cym centrum przesiadkowym. Najcz\u0119\u015bciej wykonujemy urz\u0105dzenia w technologii e-papier u\u017cywaj\u0105c wy\u015bwietlaczy 13 calowych, inne opcje to 31 cali i 42 cale.  Firma Dysten by\u0142a wielokrotnie nagradzana jako innowacyjny producent urz\u0105dze\u0144 informacyjnych w technologii e-papier, zdobywaj\u0105c tytu\u0142y: Best Customer Initiative (Global Light Rail Awards, London), Technical Innovation of the Year (Global Light Rail Awards, London), Smart City Poland Award.","og_url":"https:\/\/smartcitydisplays.com\/pl\/produkt\/e-paper-dynamic-passenger-information\/","og_site_name":"Smart City Displays","article_publisher":"https:\/\/www.facebook.com\/dystenpl\/","article_modified_time":"2024-11-08T09:55:52+00:00","og_image":[{"width":1367,"height":1367,"url":"https:\/\/smartcitydisplays.com\/wp-content\/uploads\/2020\/02\/e-papier-3-pylon-z-dachem-solarnym.jpg","type":"image\/jpeg"}],"twitter_card":"summary_large_image","twitter_site":"@Dysten3","twitter_misc":{"Szacowany czas czytania":"1 minuta"},"schema":{"@context":"https:\/\/schema.org","@graph":[{"@type":"WebPage","@id":"https:\/\/smartcitydisplays.com\/pl\/produkt\/e-paper-dynamic-passenger-information\/","url":"https:\/\/smartcitydisplays.com\/pl\/produkt\/e-paper-dynamic-passenger-information\/","name":"E-papierowy rozk\u0142ad jazdy - Smart City Displays","isPartOf":{"@id":"https:\/\/smartcitydisplays.com\/pl\/#website"},"primaryImageOfPage":{"@id":"https:\/\/smartcitydisplays.com\/pl\/produkt\/e-paper-dynamic-passenger-information\/#primaryimage"},"image":{"@id":"https:\/\/smartcitydisplays.com\/pl\/produkt\/e-paper-dynamic-passenger-information\/#primaryimage"},"thumbnailUrl":"https:\/\/smartcitydisplays.com\/wp-content\/uploads\/2020\/02\/e-papier-3-pylon-z-dachem-solarnym.jpg","datePublished":"2020-02-21T14:08:27+00:00","dateModified":"2024-11-08T09:55:52+00:00","breadcrumb":{"@id":"https:\/\/smartcitydisplays.com\/pl\/produkt\/e-paper-dynamic-passenger-information\/#breadcrumb"},"inLanguage":"pl-PL","potentialAction":[{"@type":"ReadAction","target":["https:\/\/smartcitydisplays.com\/pl\/produkt\/e-paper-dynamic-passenger-information\/"]}]},{"@type":"ImageObject","inLanguage":"pl-PL","@id":"https:\/\/smartcitydisplays.com\/pl\/produkt\/e-paper-dynamic-passenger-information\/#primaryimage","url":"https:\/\/smartcitydisplays.com\/wp-content\/uploads\/2020\/02\/e-papier-3-pylon-z-dachem-solarnym.jpg","contentUrl":"https:\/\/smartcitydisplays.com\/wp-content\/uploads\/2020\/02\/e-papier-3-pylon-z-dachem-solarnym.jpg","width":1367,"height":1367,"caption":"E-papier - pylon z dachem solarnym"},{"@type":"BreadcrumbList","@id":"https:\/\/smartcitydisplays.com\/pl\/produkt\/e-paper-dynamic-passenger-information\/#breadcrumb","itemListElement":[{"@type":"ListItem","position":1,"name":"Home","item":"https:\/\/smartcitydisplays.com\/pl\/"},{"@type":"ListItem","position":2,"name":"Produkty","item":"https:\/\/smartcitydisplays.com\/pl\/shop\/"},{"@type":"ListItem","position":3,"name":"E-papierowy rozk\u0142ad jazdy"}]},{"@type":"WebSite","@id":"https:\/\/smartcitydisplays.com\/pl\/#website","url":"https:\/\/smartcitydisplays.com\/pl\/","name":"Smart City Displays","description":"dysten","potentialAction":[{"@type":"SearchAction","target":{"@type":"EntryPoint","urlTemplate":"https:\/\/smartcitydisplays.com\/pl\/?s={search_term_string}"},"query-input":{"@type":"PropertyValueSpecification","valueRequired":true,"valueName":"search_term_string"}}],"inLanguage":"pl-PL"}]}},"_links":{"self":[{"href":"https:\/\/smartcitydisplays.com\/pl\/wp-json\/wp\/v2\/product\/7808","targetHints":{"allow":["GET"]}}],"collection":[{"href":"https:\/\/smartcitydisplays.com\/pl\/wp-json\/wp\/v2\/product"}],"about":[{"href":"https:\/\/smartcitydisplays.com\/pl\/wp-json\/wp\/v2\/types\/product"}],"wp:featuredmedia":[{"embeddable":true,"href":"https:\/\/smartcitydisplays.com\/pl\/wp-json\/wp\/v2\/media\/25217"}],"wp:attachment":[{"href":"https:\/\/smartcitydisplays.com\/pl\/wp-json\/wp\/v2\/media?parent=7808"}],"wp:term":[{"taxonomy":"product_brand","embeddable":true,"href":"https:\/\/smartcitydisplays.com\/pl\/wp-json\/wp\/v2\/product_brand?post=7808"},{"taxonomy":"product_cat","embeddable":true,"href":"https:\/\/smartcitydisplays.com\/pl\/wp-json\/wp\/v2\/product_cat?post=7808"},{"taxonomy":"product_tag","embeddable":true,"href":"https:\/\/smartcitydisplays.com\/pl\/wp-json\/wp\/v2\/product_tag?post=7808"}],"curies":[{"name":"wp","href":"https:\/\/api.w.org\/{rel}","templated":true}]}}