{"id":7809,"date":"2020-02-21T15:23:39","date_gmt":"2020-02-21T15:23:39","guid":{"rendered":"http:\/\/smartcitydisplays.com\/product\/low-power-lcd-passenger-information-display\/"},"modified":"2020-03-04T12:39:34","modified_gmt":"2020-03-04T12:39:34","slug":"low-power-lcd-passenger-information-display","status":"publish","type":"product","link":"https:\/\/smartcitydisplays.com\/pl\/produkt\/low-power-lcd-passenger-information-display\/","title":{"rendered":"Wy\u015bwietlacz informacji pasa\u017cerskiej Low Power LCD"},"content":{"rendered":"<div class=\"wpb-content-wrapper\"><p>[vc_row][vc_column][vc_raw_js]JTNDc2NyaXB0JTNFJTBBbGV0JTIwbmV3VGl0bGUlMjAlM0QlMjBkb2N1bWVudC5nZXRFbGVtZW50c0J5Q2xhc3NOYW1lJTI4JTI3ZWx0ZGYtc2luZ2xlLXByb2R1Y3QtdGl0bGUlMjclMjklM0IlMEFpZiUyMCUyOG5ld1RpdGxlJTIwJTI2JTI2JTIwbmV3VGl0bGUubGVuZ3RoJTIwJTNFJTIwMCUyOSUyMCU3QiUwQSUyMG5ld1RpdGxlJTIwJTNEJTIwbmV3VGl0bGUlNUIwJTVELmlubmVyVGV4dCUwQSUyMGlmJTI4ZG9jdW1lbnQucmVhZHlTdGF0ZSUyMCUzRCUzRCUzRCUyMCUyN3JlYWR5JTI3JTIwJTdDJTdDJTIwZG9jdW1lbnQucmVhZHlTdGF0ZSUyMCUzRCUzRCUzRCUyMCUyN2NvbXBsZXRlJTI3JTI5JTIwJTdCJTBBJTIwZ29Ub0Rvd25sb2FkcyUyOCUyOSUzQiUwQSU3RCUyMGVsc2UlMjAlN0IlMEElMjAlMjBkb2N1bWVudC5vbnJlYWR5c3RhdGVjaGFuZ2UlMjAlM0QlMjBmdW5jdGlvbiUyMCUyOCUyOSUyMCU3QiUwQSUyMCUyMCUyMCUyMGlmJTIwJTI4ZG9jdW1lbnQucmVhZHlTdGF0ZSUyMCUzRCUzRCUyMCUyMmNvbXBsZXRlJTIyJTI5JTIwJTdCJTBBJTIwJTIwJTIwJTIwJTIwJTIwZ29Ub0Rvd25sb2FkcyUyOCUyOSUzQiUwQSUyMCUyMCUyMCUyMCU3RCUwQSUyMCUyMCU3RCUwQSU3RCUwQSU3RCUwQSUwQWZ1bmN0aW9uJTIwZ29Ub0Rvd25sb2FkcyUyOCUyOSUyMCU3QiUwQWNvbnN0JTIwc2t1JTIwJTNEJTIwZG9jdW1lbnQuZ2V0RWxlbWVudHNCeUNsYXNzTmFtZSUyOCUyN3NrdSUyNyUyOSUzQiUwQSUwQUFycmF5LnByb3RvdHlwZS5mb3JFYWNoLmNhbGwlMjhza3UlMkMlMjBlbCUyMCUzRCUzRSUyMCU3QiUwQSUyMGVsLmFkZEV2ZW50TGlzdGVuZXIlMjglMjJjbGljayUyMiUyQyUyMCUyOCUyOSUyMCUzRCUzRSUyMCU3QiUwQSUyMGxvY2F0aW9uLnBhdGhuYW1lJTIwJTNEJTIwJTI3JTJGcGwlMkZkb3dubG9hZHMlMkYlMjclM0IlMEElN0QlMjklM0IlMEElN0QlMjklM0IlMEElN0QlMEElMEElM0MlMkZzY3JpcHQlM0UlMEE=[\/vc_raw_js][\/vc_column][\/vc_row][vc_row][vc_column][vc_column_text]Wy\u015bwietlacz informacji pasa\u017cerskiej LOW POWER LCD wykonany jest w techno logii, kt\u00f3ra pobiera niewielk\u0105 ilo\u015b\u0107 energii. Dzi\u0119ki zasilaniu bateryjnemu urz\u0105dzenie mo\u017cna \u0142atwo umie\u015bci\u0107 w dowolnym miejscu, gdy\u017c nie jest konieczne doprowadzenie infrastruktury zasilaj\u0105cej. Monochromatyczny wy\u015bwietlacz LCD prezentuje numer linii, przystanek docelowy oraz rzeczywisty czas przyjazdu pojazdu. Wy\u015bwietlane tre\u015bci s\u0105 czytelne w ka\u017cdych warunkach o\u015bwietleniowych i pogodowych.[\/vc_column_text][\/vc_column][\/vc_row]<\/p>\n<\/div>","protected":false},"excerpt":{"rendered":"<p>Monochromatyczny wy\u015bwietlacz pokazuje nr linii, kierunek oraz aktualny czas odjazdu pojazdu u\u017cywaj\u0105c przy tym minimaln\u0105 ilo\u015b\u0107 mocy \u2013 energii.<\/p>\n","protected":false},"featured_media":22451,"template":"","meta":{"content-type":""},"product_brand":[],"product_cat":[314,312,310,309,313],"product_tag":[306],"class_list":{"0":"post-7809","1":"product","2":"type-product","3":"status-publish","4":"has-post-thumbnail","6":"product_cat-short-distance-pl","7":"product_cat-long-distance-pl","8":"product_cat-lcd-pl","9":"product_cat-indoor-pl","10":"product_cat-outdoor-pl","11":"product_tag-passenger-info-pl","13":"first","14":"instock","15":"shipping-taxable","16":"product-type-external"},"yoast_head":"<!-- This site is optimized with the Yoast SEO plugin v27.1.1 - https:\/\/yoast.com\/product\/yoast-seo-wordpress\/ -->\n<title>Wy\u015bwietlacz informacji pasa\u017cerskiej Low Power LCD - Smart City Displays<\/title>\n<meta name=\"robots\" content=\"index, follow, max-snippet:-1, max-image-preview:large, max-video-preview:-1\" \/>\n<link rel=\"canonical\" href=\"https:\/\/smartcitydisplays.com\/pl\/produkt\/low-power-lcd-passenger-information-display\/\" \/>\n<meta property=\"og:locale\" content=\"pl_PL\" \/>\n<meta property=\"og:type\" content=\"article\" \/>\n<meta property=\"og:title\" content=\"Wy\u015bwietlacz informacji pasa\u017cerskiej Low Power LCD - Smart City Displays\" \/>\n<meta property=\"og:description\" content=\"Monochromatyczny wy\u015bwietlacz pokazuje nr linii, kierunek oraz aktualny czas odjazdu pojazdu u\u017cywaj\u0105c przy tym minimaln\u0105 ilo\u015b\u0107 mocy \u2013 energii.\" \/>\n<meta property=\"og:url\" content=\"https:\/\/smartcitydisplays.com\/pl\/produkt\/low-power-lcd-passenger-information-display\/\" \/>\n<meta property=\"og:site_name\" content=\"Smart City Displays\" \/>\n<meta property=\"article:publisher\" content=\"https:\/\/www.facebook.com\/dystenpl\/\" \/>\n<meta property=\"article:modified_time\" content=\"2020-03-04T12:39:34+00:00\" \/>\n<meta property=\"og:image\" content=\"https:\/\/smartcitydisplays.com\/wp-content\/uploads\/2020\/01\/LOW_POWER.png\" \/>\n\t<meta property=\"og:image:width\" content=\"800\" \/>\n\t<meta property=\"og:image:height\" content=\"370\" \/>\n\t<meta property=\"og:image:type\" content=\"image\/png\" \/>\n<meta name=\"twitter:card\" content=\"summary_large_image\" \/>\n<meta name=\"twitter:site\" content=\"@Dysten3\" \/>\n<meta name=\"twitter:label1\" content=\"Szacowany czas czytania\" \/>\n\t<meta name=\"twitter:data1\" content=\"1 minuta\" \/>\n<script type=\"application\/ld+json\" class=\"yoast-schema-graph\">{\"@context\":\"https:\/\/schema.org\",\"@graph\":[{\"@type\":\"WebPage\",\"@id\":\"https:\/\/smartcitydisplays.com\/pl\/produkt\/low-power-lcd-passenger-information-display\/\",\"url\":\"https:\/\/smartcitydisplays.com\/pl\/produkt\/low-power-lcd-passenger-information-display\/\",\"name\":\"Wy\u015bwietlacz informacji pasa\u017cerskiej Low Power LCD - Smart City Displays\",\"isPartOf\":{\"@id\":\"https:\/\/smartcitydisplays.com\/pl\/#website\"},\"primaryImageOfPage\":{\"@id\":\"https:\/\/smartcitydisplays.com\/pl\/produkt\/low-power-lcd-passenger-information-display\/#primaryimage\"},\"image\":{\"@id\":\"https:\/\/smartcitydisplays.com\/pl\/produkt\/low-power-lcd-passenger-information-display\/#primaryimage\"},\"thumbnailUrl\":\"https:\/\/smartcitydisplays.com\/wp-content\/uploads\/2020\/01\/LOW_POWER.png\",\"datePublished\":\"2020-02-21T15:23:39+00:00\",\"dateModified\":\"2020-03-04T12:39:34+00:00\",\"breadcrumb\":{\"@id\":\"https:\/\/smartcitydisplays.com\/pl\/produkt\/low-power-lcd-passenger-information-display\/#breadcrumb\"},\"inLanguage\":\"pl-PL\",\"potentialAction\":[{\"@type\":\"ReadAction\",\"target\":[\"https:\/\/smartcitydisplays.com\/pl\/produkt\/low-power-lcd-passenger-information-display\/\"]}]},{\"@type\":\"ImageObject\",\"inLanguage\":\"pl-PL\",\"@id\":\"https:\/\/smartcitydisplays.com\/pl\/produkt\/low-power-lcd-passenger-information-display\/#primaryimage\",\"url\":\"https:\/\/smartcitydisplays.com\/wp-content\/uploads\/2020\/01\/LOW_POWER.png\",\"contentUrl\":\"https:\/\/smartcitydisplays.com\/wp-content\/uploads\/2020\/01\/LOW_POWER.png\",\"width\":800,\"height\":370},{\"@type\":\"BreadcrumbList\",\"@id\":\"https:\/\/smartcitydisplays.com\/pl\/produkt\/low-power-lcd-passenger-information-display\/#breadcrumb\",\"itemListElement\":[{\"@type\":\"ListItem\",\"position\":1,\"name\":\"Home\",\"item\":\"https:\/\/smartcitydisplays.com\/pl\/\"},{\"@type\":\"ListItem\",\"position\":2,\"name\":\"Produkty\",\"item\":\"https:\/\/smartcitydisplays.com\/pl\/shop\/\"},{\"@type\":\"ListItem\",\"position\":3,\"name\":\"Wy\u015bwietlacz informacji pasa\u017cerskiej Low Power LCD\"}]},{\"@type\":\"WebSite\",\"@id\":\"https:\/\/smartcitydisplays.com\/pl\/#website\",\"url\":\"https:\/\/smartcitydisplays.com\/pl\/\",\"name\":\"Smart City Displays\",\"description\":\"dysten\",\"potentialAction\":[{\"@type\":\"SearchAction\",\"target\":{\"@type\":\"EntryPoint\",\"urlTemplate\":\"https:\/\/smartcitydisplays.com\/pl\/?s={search_term_string}\"},\"query-input\":{\"@type\":\"PropertyValueSpecification\",\"valueRequired\":true,\"valueName\":\"search_term_string\"}}],\"inLanguage\":\"pl-PL\"}]}<\/script>\n<!-- \/ Yoast SEO plugin. -->","yoast_head_json":{"title":"Wy\u015bwietlacz informacji pasa\u017cerskiej Low Power LCD - Smart City Displays","robots":{"index":"index","follow":"follow","max-snippet":"max-snippet:-1","max-image-preview":"max-image-preview:large","max-video-preview":"max-video-preview:-1"},"canonical":"https:\/\/smartcitydisplays.com\/pl\/produkt\/low-power-lcd-passenger-information-display\/","og_locale":"pl_PL","og_type":"article","og_title":"Wy\u015bwietlacz informacji pasa\u017cerskiej Low Power LCD - Smart City Displays","og_description":"Monochromatyczny wy\u015bwietlacz pokazuje nr linii, kierunek oraz aktualny czas odjazdu pojazdu u\u017cywaj\u0105c przy tym minimaln\u0105 ilo\u015b\u0107 mocy \u2013 energii.","og_url":"https:\/\/smartcitydisplays.com\/pl\/produkt\/low-power-lcd-passenger-information-display\/","og_site_name":"Smart City Displays","article_publisher":"https:\/\/www.facebook.com\/dystenpl\/","article_modified_time":"2020-03-04T12:39:34+00:00","og_image":[{"width":800,"height":370,"url":"https:\/\/smartcitydisplays.com\/wp-content\/uploads\/2020\/01\/LOW_POWER.png","type":"image\/png"}],"twitter_card":"summary_large_image","twitter_site":"@Dysten3","twitter_misc":{"Szacowany czas czytania":"1 minuta"},"schema":{"@context":"https:\/\/schema.org","@graph":[{"@type":"WebPage","@id":"https:\/\/smartcitydisplays.com\/pl\/produkt\/low-power-lcd-passenger-information-display\/","url":"https:\/\/smartcitydisplays.com\/pl\/produkt\/low-power-lcd-passenger-information-display\/","name":"Wy\u015bwietlacz informacji pasa\u017cerskiej Low Power LCD - Smart City Displays","isPartOf":{"@id":"https:\/\/smartcitydisplays.com\/pl\/#website"},"primaryImageOfPage":{"@id":"https:\/\/smartcitydisplays.com\/pl\/produkt\/low-power-lcd-passenger-information-display\/#primaryimage"},"image":{"@id":"https:\/\/smartcitydisplays.com\/pl\/produkt\/low-power-lcd-passenger-information-display\/#primaryimage"},"thumbnailUrl":"https:\/\/smartcitydisplays.com\/wp-content\/uploads\/2020\/01\/LOW_POWER.png","datePublished":"2020-02-21T15:23:39+00:00","dateModified":"2020-03-04T12:39:34+00:00","breadcrumb":{"@id":"https:\/\/smartcitydisplays.com\/pl\/produkt\/low-power-lcd-passenger-information-display\/#breadcrumb"},"inLanguage":"pl-PL","potentialAction":[{"@type":"ReadAction","target":["https:\/\/smartcitydisplays.com\/pl\/produkt\/low-power-lcd-passenger-information-display\/"]}]},{"@type":"ImageObject","inLanguage":"pl-PL","@id":"https:\/\/smartcitydisplays.com\/pl\/produkt\/low-power-lcd-passenger-information-display\/#primaryimage","url":"https:\/\/smartcitydisplays.com\/wp-content\/uploads\/2020\/01\/LOW_POWER.png","contentUrl":"https:\/\/smartcitydisplays.com\/wp-content\/uploads\/2020\/01\/LOW_POWER.png","width":800,"height":370},{"@type":"BreadcrumbList","@id":"https:\/\/smartcitydisplays.com\/pl\/produkt\/low-power-lcd-passenger-information-display\/#breadcrumb","itemListElement":[{"@type":"ListItem","position":1,"name":"Home","item":"https:\/\/smartcitydisplays.com\/pl\/"},{"@type":"ListItem","position":2,"name":"Produkty","item":"https:\/\/smartcitydisplays.com\/pl\/shop\/"},{"@type":"ListItem","position":3,"name":"Wy\u015bwietlacz informacji pasa\u017cerskiej Low Power LCD"}]},{"@type":"WebSite","@id":"https:\/\/smartcitydisplays.com\/pl\/#website","url":"https:\/\/smartcitydisplays.com\/pl\/","name":"Smart City Displays","description":"dysten","potentialAction":[{"@type":"SearchAction","target":{"@type":"EntryPoint","urlTemplate":"https:\/\/smartcitydisplays.com\/pl\/?s={search_term_string}"},"query-input":{"@type":"PropertyValueSpecification","valueRequired":true,"valueName":"search_term_string"}}],"inLanguage":"pl-PL"}]}},"_links":{"self":[{"href":"https:\/\/smartcitydisplays.com\/pl\/wp-json\/wp\/v2\/product\/7809","targetHints":{"allow":["GET"]}}],"collection":[{"href":"https:\/\/smartcitydisplays.com\/pl\/wp-json\/wp\/v2\/product"}],"about":[{"href":"https:\/\/smartcitydisplays.com\/pl\/wp-json\/wp\/v2\/types\/product"}],"wp:featuredmedia":[{"embeddable":true,"href":"https:\/\/smartcitydisplays.com\/pl\/wp-json\/wp\/v2\/media\/22451"}],"wp:attachment":[{"href":"https:\/\/smartcitydisplays.com\/pl\/wp-json\/wp\/v2\/media?parent=7809"}],"wp:term":[{"taxonomy":"product_brand","embeddable":true,"href":"https:\/\/smartcitydisplays.com\/pl\/wp-json\/wp\/v2\/product_brand?post=7809"},{"taxonomy":"product_cat","embeddable":true,"href":"https:\/\/smartcitydisplays.com\/pl\/wp-json\/wp\/v2\/product_cat?post=7809"},{"taxonomy":"product_tag","embeddable":true,"href":"https:\/\/smartcitydisplays.com\/pl\/wp-json\/wp\/v2\/product_tag?post=7809"}],"curies":[{"name":"wp","href":"https:\/\/api.w.org\/{rel}","templated":true}]}}