{"id":7810,"date":"2020-02-21T15:50:25","date_gmt":"2020-02-21T15:50:25","guid":{"rendered":"http:\/\/smartcitydisplays.com\/product\/smartcity-led-parking-displays\/"},"modified":"2023-08-17T15:57:37","modified_gmt":"2023-08-17T15:57:37","slug":"smartcity-led-parking-displays","status":"publish","type":"product","link":"https:\/\/smartcitydisplays.com\/pl\/produkt\/smartcity-led-parking-displays\/","title":{"rendered":"Wy\u015bwietlacze parkingowe LED"},"content":{"rendered":"<div class=\"wpb-content-wrapper\"><p>[vc_row][vc_column][vc_raw_js]JTNDc2NyaXB0JTNFJTBBbGV0JTIwbmV3VGl0bGUlMjAlM0QlMjBkb2N1bWVudC5nZXRFbGVtZW50c0J5Q2xhc3NOYW1lJTI4JTI3ZWx0ZGYtc2luZ2xlLXByb2R1Y3QtdGl0bGUlMjclMjklM0IlMEFpZiUyMCUyOG5ld1RpdGxlJTIwJTI2JTI2JTIwbmV3VGl0bGUubGVuZ3RoJTIwJTNFJTIwMCUyOSUyMCU3QiUwQSUyMG5ld1RpdGxlJTIwJTNEJTIwbmV3VGl0bGUlNUIwJTVELmlubmVyVGV4dCUwQSUyMGlmJTI4ZG9jdW1lbnQucmVhZHlTdGF0ZSUyMCUzRCUzRCUzRCUyMCUyN3JlYWR5JTI3JTIwJTdDJTdDJTIwZG9jdW1lbnQucmVhZHlTdGF0ZSUyMCUzRCUzRCUzRCUyMCUyN2NvbXBsZXRlJTI3JTI5JTIwJTdCJTBBJTIwZ29Ub0Rvd25sb2FkcyUyOCUyOSUzQiUwQSU3RCUyMGVsc2UlMjAlN0IlMEElMjAlMjBkb2N1bWVudC5vbnJlYWR5c3RhdGVjaGFuZ2UlMjAlM0QlMjBmdW5jdGlvbiUyMCUyOCUyOSUyMCU3QiUwQSUyMCUyMCUyMCUyMGlmJTIwJTI4ZG9jdW1lbnQucmVhZHlTdGF0ZSUyMCUzRCUzRCUyMCUyMmNvbXBsZXRlJTIyJTI5JTIwJTdCJTBBJTIwJTIwJTIwJTIwJTIwJTIwZ29Ub0Rvd25sb2FkcyUyOCUyOSUzQiUwQSUyMCUyMCUyMCUyMCU3RCUwQSUyMCUyMCU3RCUwQSU3RCUwQSU3RCUwQSUwQWZ1bmN0aW9uJTIwZ29Ub0Rvd25sb2FkcyUyOCUyOSUyMCU3QiUwQWNvbnN0JTIwc2t1JTIwJTNEJTIwZG9jdW1lbnQuZ2V0RWxlbWVudHNCeUNsYXNzTmFtZSUyOCUyN3NrdSUyNyUyOSUzQiUwQSUwQUFycmF5LnByb3RvdHlwZS5mb3JFYWNoLmNhbGwlMjhza3UlMkMlMjBlbCUyMCUzRCUzRSUyMCU3QiUwQSUyMGVsLmFkZEV2ZW50TGlzdGVuZXIlMjglMjJjbGljayUyMiUyQyUyMCUyOCUyOSUyMCUzRCUzRSUyMCU3QiUwQSUyMGxvY2F0aW9uLnBhdGhuYW1lJTIwJTNEJTIwJTI3JTJGZG93bmxvYWRzJTJGbGVkLXBhcmtpbmctZGlzcGxheXMlMkYlMjclM0IlMEElN0QlMjklM0IlMEElN0QlMjklM0IlMEElN0QlMEElMEElM0MlMkZzY3JpcHQlM0UlMEE=[\/vc_raw_js][\/vc_column][\/vc_row][vc_row][vc_column][vc_column_text]<\/p>\n<div>\n<p><strong>Tablica Dynamicznej Informacji Parkingowej TDIP-Tx Dysten wy\u015bwietla<\/strong><strong>:<\/strong><\/p>\n<\/div>\n<ul>\n<li>Nazw\u0119 \/ lokalizacj\u0119 parkingu<\/li>\n<li>Liczb\u0119 wolnych miejsc parkingowych, w tym dla niepe\u0142nosprawnych<\/li>\n<li>Kierunek jazdy<\/li>\n<\/ul>\n<div>\n<p><strong>Monta\u017c elektronicznej tablicy informacji parkingowej:<\/strong><\/p>\n<ul>\n<li>na\u00a0istniej\u0105cych konstrukcjach, np latarnia uliczna, znak informacyjny<\/li>\n<li>nad drog\u0105<\/li>\n<li>na s\u0142upie dostarczanym wraz z urz\u0105dzeniem<\/li>\n<li>na innej konstrukcji no\u015bnej dopasowanej do miejskiej architektury<\/li>\n<\/ul>\n<p>DYSTEN jest producentem tablic dynamicznej informacji parkingowej, dlatego mo\u017ce zaprojektowa\u0107 i wykona\u0107 wy\u015bwietlacz parkingowy w dowolnym kszta\u0142cie, kolorystyce, zamie\u015bci\u0107 informacje dotycz\u0105ce zaj\u0119to\u015bci miejsc parkingowych wg potrzeb Zamawiaj\u0105cego<\/p>\n<p>&nbsp;<\/p>\n<\/div>\n<div>\n<p><strong>Zalety wy\u015bwietlaczy parkingowych LED<\/strong><strong>:<\/strong><\/p>\n<\/div>\n<ul>\n<li>Doskona\u0142a widoczno\u015b\u0107 zar\u00f3wno w dzie\u0144 i w nocy dzi\u0119ki diodom LED<\/li>\n<li>Praca w ka\u017cdych warunkach atmosferycznych w minusowych i dodatnich temperaturach, w deszczu, \u015bniegu i upale<\/li>\n<li>Dodatkowe zabezpieczenie przeciw wandalizmowi, ze wzgl\u0119du na monta\u017c zewn\u0119trzny w ruchliwych miejscach np. centrach miast<\/li>\n<li>Energooszcz\u0119dno\u015b\u0107, niski pob\u00f3r mocy<\/li>\n<li>\u0141atwo czyszcz\u0105ca obudowa<\/li>\n<li>Urz\u0105dzenie jest zgodne z europejskimi normami i wytycznymi<\/li>\n<\/ul>\n<p>[\/vc_column_text][\/vc_column][\/vc_row]<\/p>\n<\/div>","protected":false},"excerpt":{"rendered":"<p>Tablice Informacji Parkingowej LED wskazuj\u0105 kierowcom parkingi dysponuj\u0105ce wolnymi miejscami. Po\u015brednio redukuj\u0105 w smartcity ruch ko\u0142owy i zmniejszaj\u0105 zanieczyszczenie powietrza. Informuj\u0105 o rzeczywistej liczbie wolnych miejsc postojowych na r\u00f3\u017cnych parkingach np. w centrum miasta, na bocznych alejkach, przy galeriach handlowych, jednostkach kultury i sztuki, biurowcach lub na r\u00f3\u017cnych poziomach pi\u0119trowych parking\u00f3w. Badania Stanforda wskazuj\u0105, \u017ce to jedno z najwa\u017cniejszych udogodnie\u0144 w centrum aglomeracji, bo wi\u0119kszo\u015b\u0107 z nas nie chce za\u0142atwia\u0107 wa\u017cnych spraw i przemieszcza\u0107 si\u0119 autobusem lub tramwajem. Dysten wytwarza wy\u015bwietlacze parkingowe LED w wielu konfiguracjach.<\/p>\n","protected":false},"featured_media":21383,"template":"","meta":{"content-type":""},"product_brand":[],"product_cat":[312,311,313],"product_tag":[305],"class_list":{"0":"post-7810","1":"product","2":"type-product","3":"status-publish","4":"has-post-thumbnail","6":"product_cat-long-distance-pl","7":"product_cat-led-pl","8":"product_cat-outdoor-pl","9":"product_tag-others-pl","11":"first","12":"instock","13":"shipping-taxable","14":"product-type-external"},"yoast_head":"<!-- This site is optimized with the Yoast SEO plugin v27.1.1 - https:\/\/yoast.com\/product\/yoast-seo-wordpress\/ -->\n<title>Wy\u015bwietlacze parkingowe LED - Smart City Displays<\/title>\n<meta name=\"description\" content=\"Elektroniczne tablice parkingowe RGB LED pozwalaj\u0105 znale\u017a\u0107 wolne miejsce do parkowania kierowcom, z uwzgl\u0119dnieniem miejsc dla niepe\u0142nosprawnych.\" \/>\n<meta name=\"robots\" content=\"index, follow, max-snippet:-1, max-image-preview:large, max-video-preview:-1\" \/>\n<link rel=\"canonical\" href=\"https:\/\/smartcitydisplays.com\/pl\/produkt\/smartcity-led-parking-displays\/\" \/>\n<meta property=\"og:locale\" content=\"pl_PL\" \/>\n<meta property=\"og:type\" content=\"article\" \/>\n<meta property=\"og:title\" content=\"Wy\u015bwietlacze parkingowe LED - Smart City Displays\" \/>\n<meta property=\"og:description\" content=\"Elektroniczne tablice parkingowe RGB LED pozwalaj\u0105 znale\u017a\u0107 wolne miejsce do parkowania kierowcom, z uwzgl\u0119dnieniem miejsc dla niepe\u0142nosprawnych.\" \/>\n<meta property=\"og:url\" content=\"https:\/\/smartcitydisplays.com\/pl\/produkt\/smartcity-led-parking-displays\/\" \/>\n<meta property=\"og:site_name\" content=\"Smart City Displays\" \/>\n<meta property=\"article:publisher\" content=\"https:\/\/www.facebook.com\/dystenpl\/\" \/>\n<meta property=\"article:modified_time\" content=\"2023-08-17T15:57:37+00:00\" \/>\n<meta property=\"og:image\" content=\"https:\/\/smartcitydisplays.com\/wp-content\/uploads\/2023\/08\/300x300-tablice-parkingowe-gliwice.jpg\" \/>\n\t<meta property=\"og:image:width\" content=\"1680\" \/>\n\t<meta property=\"og:image:height\" content=\"1680\" \/>\n\t<meta property=\"og:image:type\" content=\"image\/jpeg\" \/>\n<meta name=\"twitter:card\" content=\"summary_large_image\" \/>\n<meta name=\"twitter:site\" content=\"@Dysten3\" \/>\n<meta name=\"twitter:label1\" content=\"Szacowany czas czytania\" \/>\n\t<meta name=\"twitter:data1\" content=\"2 minuty\" \/>\n<script type=\"application\/ld+json\" class=\"yoast-schema-graph\">{\"@context\":\"https:\/\/schema.org\",\"@graph\":[{\"@type\":\"WebPage\",\"@id\":\"https:\/\/smartcitydisplays.com\/pl\/produkt\/smartcity-led-parking-displays\/\",\"url\":\"https:\/\/smartcitydisplays.com\/pl\/produkt\/smartcity-led-parking-displays\/\",\"name\":\"Wy\u015bwietlacze parkingowe LED - Smart City Displays\",\"isPartOf\":{\"@id\":\"https:\/\/smartcitydisplays.com\/pl\/#website\"},\"primaryImageOfPage\":{\"@id\":\"https:\/\/smartcitydisplays.com\/pl\/produkt\/smartcity-led-parking-displays\/#primaryimage\"},\"image\":{\"@id\":\"https:\/\/smartcitydisplays.com\/pl\/produkt\/smartcity-led-parking-displays\/#primaryimage\"},\"thumbnailUrl\":\"https:\/\/smartcitydisplays.com\/wp-content\/uploads\/2023\/08\/300x300-tablice-parkingowe-gliwice.jpg\",\"datePublished\":\"2020-02-21T15:50:25+00:00\",\"dateModified\":\"2023-08-17T15:57:37+00:00\",\"description\":\"Elektroniczne tablice parkingowe RGB LED pozwalaj\u0105 znale\u017a\u0107 wolne miejsce do parkowania kierowcom, z uwzgl\u0119dnieniem miejsc dla niepe\u0142nosprawnych.\",\"breadcrumb\":{\"@id\":\"https:\/\/smartcitydisplays.com\/pl\/produkt\/smartcity-led-parking-displays\/#breadcrumb\"},\"inLanguage\":\"pl-PL\",\"potentialAction\":[{\"@type\":\"ReadAction\",\"target\":[\"https:\/\/smartcitydisplays.com\/pl\/produkt\/smartcity-led-parking-displays\/\"]}]},{\"@type\":\"ImageObject\",\"inLanguage\":\"pl-PL\",\"@id\":\"https:\/\/smartcitydisplays.com\/pl\/produkt\/smartcity-led-parking-displays\/#primaryimage\",\"url\":\"https:\/\/smartcitydisplays.com\/wp-content\/uploads\/2023\/08\/300x300-tablice-parkingowe-gliwice.jpg\",\"contentUrl\":\"https:\/\/smartcitydisplays.com\/wp-content\/uploads\/2023\/08\/300x300-tablice-parkingowe-gliwice.jpg\",\"width\":1680,\"height\":1680},{\"@type\":\"BreadcrumbList\",\"@id\":\"https:\/\/smartcitydisplays.com\/pl\/produkt\/smartcity-led-parking-displays\/#breadcrumb\",\"itemListElement\":[{\"@type\":\"ListItem\",\"position\":1,\"name\":\"Home\",\"item\":\"https:\/\/smartcitydisplays.com\/pl\/\"},{\"@type\":\"ListItem\",\"position\":2,\"name\":\"Produkty\",\"item\":\"https:\/\/smartcitydisplays.com\/pl\/shop\/\"},{\"@type\":\"ListItem\",\"position\":3,\"name\":\"Wy\u015bwietlacze parkingowe LED\"}]},{\"@type\":\"WebSite\",\"@id\":\"https:\/\/smartcitydisplays.com\/pl\/#website\",\"url\":\"https:\/\/smartcitydisplays.com\/pl\/\",\"name\":\"Smart City Displays\",\"description\":\"dysten\",\"potentialAction\":[{\"@type\":\"SearchAction\",\"target\":{\"@type\":\"EntryPoint\",\"urlTemplate\":\"https:\/\/smartcitydisplays.com\/pl\/?s={search_term_string}\"},\"query-input\":{\"@type\":\"PropertyValueSpecification\",\"valueRequired\":true,\"valueName\":\"search_term_string\"}}],\"inLanguage\":\"pl-PL\"}]}<\/script>\n<!-- \/ Yoast SEO plugin. -->","yoast_head_json":{"title":"Wy\u015bwietlacze parkingowe LED - Smart City Displays","description":"Elektroniczne tablice parkingowe RGB LED pozwalaj\u0105 znale\u017a\u0107 wolne miejsce do parkowania kierowcom, z uwzgl\u0119dnieniem miejsc dla niepe\u0142nosprawnych.","robots":{"index":"index","follow":"follow","max-snippet":"max-snippet:-1","max-image-preview":"max-image-preview:large","max-video-preview":"max-video-preview:-1"},"canonical":"https:\/\/smartcitydisplays.com\/pl\/produkt\/smartcity-led-parking-displays\/","og_locale":"pl_PL","og_type":"article","og_title":"Wy\u015bwietlacze parkingowe LED - Smart City Displays","og_description":"Elektroniczne tablice parkingowe RGB LED pozwalaj\u0105 znale\u017a\u0107 wolne miejsce do parkowania kierowcom, z uwzgl\u0119dnieniem miejsc dla niepe\u0142nosprawnych.","og_url":"https:\/\/smartcitydisplays.com\/pl\/produkt\/smartcity-led-parking-displays\/","og_site_name":"Smart City Displays","article_publisher":"https:\/\/www.facebook.com\/dystenpl\/","article_modified_time":"2023-08-17T15:57:37+00:00","og_image":[{"width":1680,"height":1680,"url":"https:\/\/smartcitydisplays.com\/wp-content\/uploads\/2023\/08\/300x300-tablice-parkingowe-gliwice.jpg","type":"image\/jpeg"}],"twitter_card":"summary_large_image","twitter_site":"@Dysten3","twitter_misc":{"Szacowany czas czytania":"2 minuty"},"schema":{"@context":"https:\/\/schema.org","@graph":[{"@type":"WebPage","@id":"https:\/\/smartcitydisplays.com\/pl\/produkt\/smartcity-led-parking-displays\/","url":"https:\/\/smartcitydisplays.com\/pl\/produkt\/smartcity-led-parking-displays\/","name":"Wy\u015bwietlacze parkingowe LED - Smart City Displays","isPartOf":{"@id":"https:\/\/smartcitydisplays.com\/pl\/#website"},"primaryImageOfPage":{"@id":"https:\/\/smartcitydisplays.com\/pl\/produkt\/smartcity-led-parking-displays\/#primaryimage"},"image":{"@id":"https:\/\/smartcitydisplays.com\/pl\/produkt\/smartcity-led-parking-displays\/#primaryimage"},"thumbnailUrl":"https:\/\/smartcitydisplays.com\/wp-content\/uploads\/2023\/08\/300x300-tablice-parkingowe-gliwice.jpg","datePublished":"2020-02-21T15:50:25+00:00","dateModified":"2023-08-17T15:57:37+00:00","description":"Elektroniczne tablice parkingowe RGB LED pozwalaj\u0105 znale\u017a\u0107 wolne miejsce do parkowania kierowcom, z uwzgl\u0119dnieniem miejsc dla niepe\u0142nosprawnych.","breadcrumb":{"@id":"https:\/\/smartcitydisplays.com\/pl\/produkt\/smartcity-led-parking-displays\/#breadcrumb"},"inLanguage":"pl-PL","potentialAction":[{"@type":"ReadAction","target":["https:\/\/smartcitydisplays.com\/pl\/produkt\/smartcity-led-parking-displays\/"]}]},{"@type":"ImageObject","inLanguage":"pl-PL","@id":"https:\/\/smartcitydisplays.com\/pl\/produkt\/smartcity-led-parking-displays\/#primaryimage","url":"https:\/\/smartcitydisplays.com\/wp-content\/uploads\/2023\/08\/300x300-tablice-parkingowe-gliwice.jpg","contentUrl":"https:\/\/smartcitydisplays.com\/wp-content\/uploads\/2023\/08\/300x300-tablice-parkingowe-gliwice.jpg","width":1680,"height":1680},{"@type":"BreadcrumbList","@id":"https:\/\/smartcitydisplays.com\/pl\/produkt\/smartcity-led-parking-displays\/#breadcrumb","itemListElement":[{"@type":"ListItem","position":1,"name":"Home","item":"https:\/\/smartcitydisplays.com\/pl\/"},{"@type":"ListItem","position":2,"name":"Produkty","item":"https:\/\/smartcitydisplays.com\/pl\/shop\/"},{"@type":"ListItem","position":3,"name":"Wy\u015bwietlacze parkingowe LED"}]},{"@type":"WebSite","@id":"https:\/\/smartcitydisplays.com\/pl\/#website","url":"https:\/\/smartcitydisplays.com\/pl\/","name":"Smart City Displays","description":"dysten","potentialAction":[{"@type":"SearchAction","target":{"@type":"EntryPoint","urlTemplate":"https:\/\/smartcitydisplays.com\/pl\/?s={search_term_string}"},"query-input":{"@type":"PropertyValueSpecification","valueRequired":true,"valueName":"search_term_string"}}],"inLanguage":"pl-PL"}]}},"_links":{"self":[{"href":"https:\/\/smartcitydisplays.com\/pl\/wp-json\/wp\/v2\/product\/7810","targetHints":{"allow":["GET"]}}],"collection":[{"href":"https:\/\/smartcitydisplays.com\/pl\/wp-json\/wp\/v2\/product"}],"about":[{"href":"https:\/\/smartcitydisplays.com\/pl\/wp-json\/wp\/v2\/types\/product"}],"wp:featuredmedia":[{"embeddable":true,"href":"https:\/\/smartcitydisplays.com\/pl\/wp-json\/wp\/v2\/media\/21383"}],"wp:attachment":[{"href":"https:\/\/smartcitydisplays.com\/pl\/wp-json\/wp\/v2\/media?parent=7810"}],"wp:term":[{"taxonomy":"product_brand","embeddable":true,"href":"https:\/\/smartcitydisplays.com\/pl\/wp-json\/wp\/v2\/product_brand?post=7810"},{"taxonomy":"product_cat","embeddable":true,"href":"https:\/\/smartcitydisplays.com\/pl\/wp-json\/wp\/v2\/product_cat?post=7810"},{"taxonomy":"product_tag","embeddable":true,"href":"https:\/\/smartcitydisplays.com\/pl\/wp-json\/wp\/v2\/product_tag?post=7810"}],"curies":[{"name":"wp","href":"https:\/\/api.w.org\/{rel}","templated":true}]}}