{"id":7812,"date":"2020-02-23T21:16:20","date_gmt":"2020-02-23T21:16:20","guid":{"rendered":"http:\/\/smartcitydisplays.com\/product\/variable-message-signs-vms\/"},"modified":"2021-06-23T09:30:05","modified_gmt":"2021-06-23T09:30:05","slug":"variable-message-signs-vms","status":"publish","type":"product","link":"https:\/\/smartcitydisplays.com\/pl\/produkt\/variable-message-signs-vms\/","title":{"rendered":"VMS &#8211; znaki zmiennej tre\u015bci ZZT"},"content":{"rendered":"<div class=\"wpb-content-wrapper\"><p>[vc_row][vc_column][vc_raw_js]JTNDc2NyaXB0JTNFJTBBbGV0JTIwbmV3VGl0bGUlMjAlM0QlMjBkb2N1bWVudC5nZXRFbGVtZW50c0J5Q2xhc3NOYW1lJTI4JTI3ZWx0ZGYtc2luZ2xlLXByb2R1Y3QtdGl0bGUlMjclMjklM0IlMEFpZiUyMCUyOG5ld1RpdGxlJTIwJTI2JTI2JTIwbmV3VGl0bGUubGVuZ3RoJTIwJTNFJTIwMCUyOSUyMCU3QiUwQSUyMG5ld1RpdGxlJTIwJTNEJTIwbmV3VGl0bGUlNUIwJTVELmlubmVyVGV4dCUwQSUyMGlmJTI4ZG9jdW1lbnQucmVhZHlTdGF0ZSUyMCUzRCUzRCUzRCUyMCUyN3JlYWR5JTI3JTIwJTdDJTdDJTIwZG9jdW1lbnQucmVhZHlTdGF0ZSUyMCUzRCUzRCUzRCUyMCUyN2NvbXBsZXRlJTI3JTI5JTIwJTdCJTBBJTIwZ29Ub0Rvd25sb2FkcyUyOCUyOSUzQiUwQSU3RCUyMGVsc2UlMjAlN0IlMEElMjAlMjBkb2N1bWVudC5vbnJlYWR5c3RhdGVjaGFuZ2UlMjAlM0QlMjBmdW5jdGlvbiUyMCUyOCUyOSUyMCU3QiUwQSUyMCUyMCUyMCUyMGlmJTIwJTI4ZG9jdW1lbnQucmVhZHlTdGF0ZSUyMCUzRCUzRCUyMCUyMmNvbXBsZXRlJTIyJTI5JTIwJTdCJTBBJTIwJTIwJTIwJTIwJTIwJTIwZ29Ub0Rvd25sb2FkcyUyOCUyOSUzQiUwQSUyMCUyMCUyMCUyMCU3RCUwQSUyMCUyMCU3RCUwQSU3RCUwQSU3RCUwQSUwQWZ1bmN0aW9uJTIwZ29Ub0Rvd25sb2FkcyUyOCUyOSUyMCU3QiUwQWNvbnN0JTIwc2t1JTIwJTNEJTIwZG9jdW1lbnQuZ2V0RWxlbWVudHNCeUNsYXNzTmFtZSUyOCUyN3NrdSUyNyUyOSUzQiUwQSUwQUFycmF5LnByb3RvdHlwZS5mb3JFYWNoLmNhbGwlMjhza3UlMkMlMjBlbCUyMCUzRCUzRSUyMCU3QiUwQSUyMGVsLmFkZEV2ZW50TGlzdGVuZXIlMjglMjJjbGljayUyMiUyQyUyMCUyOCUyOSUyMCUzRCUzRSUyMCU3QiUwQSUyMGxvY2F0aW9uLnBhdGhuYW1lJTIwJTNEJTIwJTI3JTJGZG93bmxvYWRzJTJGJTI3JTNCJTBBJTdEJTI5JTNCJTBBJTdEJTI5JTNCJTBBJTdEJTBBJTBBJTNDJTJGc2NyaXB0JTNFJTBB[\/vc_raw_js][\/vc_column][\/vc_row][vc_row][vc_column][vc_column_text]<strong>Tablice i znaki zmiennej tre\u015bci DYSTEN<\/strong><strong>:<\/strong><\/p>\n<ul>\n<li>Zgodne z normami europejskimi oraz wytycznymi dotycz\u0105cymi tablic i znak\u00f3w zmiennej tre\u015bci EN PN 12966<\/li>\n<li>Technologia LED gwarantuje doskona\u0142\u0105 widoczno\u015b\u0107 na drodze niezale\u017cnie od pory roku i dnia<\/li>\n<li>Minimum 15-letnia niezawodno\u015b\u0107 urz\u0105dze\u0144 dzi\u0119ki instalacji wyselekcjonowanych diod LED<\/li>\n<li>Energooszcz\u0119dno\u015b\u0107<\/li>\n<li>Emitowanie wielu sygna\u0142\u00f3w w zale\u017cno\u015bci od warunk\u00f3w ruchu<\/li>\n<li>Zdalne sterowanie znakiem i ca\u0142ym systemem<\/li>\n<\/ul>\n<p><strong>\u00a0<\/strong><\/p>\n<p><strong>Tablice i znaki zmiennej tre\u015bci, wykonywane w technologii LED, pozwalaj\u0105 na:<\/strong><\/p>\n<ul>\n<li>Dynamiczne informowanie kierowc\u00f3w o aktualnych warunkach ruchu<\/li>\n<li>Ostrzeganie przed zagro\u017ceniami<\/li>\n<li>Sugerowanie objazd\u00f3w w razie wyst\u0105pienia utrudnie\u0144 w ruchu<\/li>\n<li>Kierowanie na odpowiedni pas na autostradzie<\/li>\n<li>Informowanie o warunkach atmosferycznych panuj\u0105cych na zewn\u0105trz<\/li>\n<li>Informowanie o wolnych miejscach parkingowych<\/li>\n<\/ul>\n<p><strong>\u00a0<\/strong><\/p>\n<p>Znaki Zmiennej Tre\u015bci (ZZT) mog\u0105 wsp\u00f3\u0142pracowa\u0107 ze stacj\u0105 pomiaru ruchu i wa\u017cenia pojazd\u00f3w w ruchu, z radarami do pomiaru \u00a0pr\u0119dko\u015bci oraz z drogowymi stacjami pogodowymi, automatycznie i na bie\u017c\u0105co wy\u015bwietlaj\u0105c kierowcom informacj\u0119. Znakami mo\u017cna sterowa\u0107 r\u00f3wnie\u017c z jednej lokalizacji centralnej \u2013 g\u0142\u00f3wnej jednostki zarz\u0105dzania ruchem drogowym.<\/p>\n<p>Na zlecenie zamawiaj\u0105cego wykonujemy kompleksow\u0105 us\u0142ug\u0119 tj.:<\/p>\n<p>At the ordering party&#8217;s request, we provide a comprehensive service, i.e.<\/p>\n<ul>\n<li>projekt<\/li>\n<li>produkcja<\/li>\n<li>monta\u017c<\/li>\n<li>uruchomienie<\/li>\n<\/ul>\n<p>Znaki mo\u017cemy zamontowa\u0107 na konstrukcjach drogowych, wysi\u0119gnikach i bramownicach, kt\u00f3re r\u00f3wnie\u017c mo\u017cemy dostarczy\u0107.<\/p>\n<p><strong>Urz\u0105dzenie jest zgodne z\u00a0europejskimi normami i wytycznymi dla znak\u00f3w zmiennej tre\u015bci EN PN 12966.<\/strong><\/p>\n<p><strong>\u00a0<\/strong><\/p>\n<p><strong>Znaki Zmiennej Tre\u015bci \u2013\u00a0Produkty<\/strong><\/p>\n<ul>\n<li><strong>Dynamiczne znaki drogowe<\/strong>\u2013 znaki zmiennej tre\u015bci montowane na autostradach, drogach ekspresowych w tunelach i punkach poboru op\u0142at<\/li>\n<li><strong>Tablice radarowe\u00a0<\/strong>\u2013 tablica wy\u015bwietlaj\u0105ca informacj\u0119 na temat dozwolonej pr\u0119dko\u015bci po dokonaniu pomiaru radarowego nadj\u0119\u017cd\u017caj\u0105cego pojazdu<\/li>\n<li><strong>Mobilne znaki zmiennej tre\u015bci<\/strong>\u2013 tablice lub znaki umieszczone na mobilnych urz\u0105dzeniach b\u0105d\u017a instalowane na pojazdach serwisowych autostrady i innych<\/li>\n<li><strong>Tablice parkingowe<\/strong>\u2013 informuj\u0105 w czasie rzeczywistym o ilo\u015bci wolnych miejsc parkingowych, prowadz\u0105 r\u00f3wnie\u017c kierowc\u00f3w na alternatywne parkingi<\/li>\n<li><strong>Dynamiczne tablice informacyjne dotycz\u0105ce trasy\u00a0(DRIP)<\/strong><\/li>\n<li><strong>Tablice pogodowe\u00a0<\/strong>\u2013 drogowa stacja meteorologiczna wraz z tablic\u0105 informacyjn\u0105 LED przeznaczona jest do monitorowania wybranych parametr\u00f3w klimatu na drogach i autostradach oraz wizualizowanie tych\u017ce parametr\u00f3w dla u\u017cytkownik\u00f3w dr\u00f3g i autostrad<\/li>\n<li><strong>Solarne znaki zmiennej tre\u015bci<\/strong>\u2013 znaki zmiennej tre\u015bci zasilane energi\u0105 s\u0142oneczn\u0105<\/li>\n<\/ul>\n<p>[\/vc_column_text][\/vc_column][\/vc_row]<\/p>\n<\/div>","protected":false},"excerpt":{"rendered":"<p>Dysten wytwarza <strong>Znaki Zmiennej Tre\u015bci<\/strong> (<strong>ZZT<\/strong>), najcz\u0119\u015bciej znane jako <strong>VMS<\/strong> (<strong>Variable Message Signs<\/strong>). Wy\u015bwietlaj\u0105 one zmienne informacje kierowcom. S\u0105 cz\u0119\u015bci\u0105 dynamicznych system\u00f3w zarz\u0105dzania ruchem w miastach, na drogach ekspresowych, autostradach. Informuj\u0105 o warunkach drogowych, ostrzegaj\u0105 o korkach, sugeruj\u0105 kierowcy zmiany decyzji, a przede wszystkim zwi\u0119kszaj\u0105 bezpiecze\u0144stwo na drodze i zwi\u0119kszaj\u0105 p\u0142ynno\u015b\u0107 ruchu. <strong>Znaki zmiennej tre\u015bci<\/strong> ograniczaj\u0105 ruch ko\u0142owy na terenie miast, po\u015brednio redukuj\u0105c emisj\u0119 dwutlenku w\u0119gla i zwi\u0105zk\u00f3w azotu do powietrza. Uniwersalno\u015b\u0107 <strong>Znak\u00f3w Zmiennej Tre\u015bci<\/strong> VMS, r\u00f3\u017cne ich wielko\u015bci pozwalaj\u0105 \u0142atwo dobra\u0107 konkretne rozwi\u0105zanie. Wszystkie urz\u0105dzenia s\u0105 zgodne z mi\u0119dzynarodowymi wytycznymi \u2013 EN PN 12966.<\/p>\n","protected":false},"featured_media":7592,"template":"","meta":{"content-type":""},"product_brand":[],"product_cat":[312,311,313],"product_tag":[],"class_list":{"0":"post-7812","1":"product","2":"type-product","3":"status-publish","4":"has-post-thumbnail","6":"product_cat-long-distance-pl","7":"product_cat-led-pl","8":"product_cat-outdoor-pl","10":"first","11":"instock","12":"shipping-taxable","13":"product-type-external"},"yoast_head":"<!-- This site is optimized with the Yoast SEO plugin v27.1.1 - https:\/\/yoast.com\/product\/yoast-seo-wordpress\/ -->\n<title>VMS - znaki zmiennej tre\u015bci ZZT - Smart City Displays<\/title>\n<meta name=\"description\" content=\"Znaki Zmiennej Tre\u015bci (ZZT) firmy Dysten s\u0105 zgodne z mi\u0119dzynarodowymi wymaganiami dla VMS (EN PN 12966). Wysoka jako\u015b\u0107, niezawodno\u015b\u0107, wiele wariant\u00f3w, systemowe zarz\u0105dzanie u\u0142atwiaj\u0105 optymalne wykorzystanie tych uniwersalnych urz\u0105dze\u0144.\" \/>\n<meta name=\"robots\" content=\"index, follow, max-snippet:-1, max-image-preview:large, max-video-preview:-1\" \/>\n<link rel=\"canonical\" href=\"https:\/\/smartcitydisplays.com\/pl\/produkt\/variable-message-signs-vms\/\" \/>\n<meta property=\"og:locale\" content=\"pl_PL\" \/>\n<meta property=\"og:type\" content=\"article\" \/>\n<meta property=\"og:title\" content=\"VMS - znaki zmiennej tre\u015bci ZZT - Smart City Displays\" \/>\n<meta property=\"og:description\" content=\"Znaki Zmiennej Tre\u015bci (ZZT) firmy Dysten s\u0105 zgodne z mi\u0119dzynarodowymi wymaganiami dla VMS (EN PN 12966). Wysoka jako\u015b\u0107, niezawodno\u015b\u0107, wiele wariant\u00f3w, systemowe zarz\u0105dzanie u\u0142atwiaj\u0105 optymalne wykorzystanie tych uniwersalnych urz\u0105dze\u0144.\" \/>\n<meta property=\"og:url\" content=\"https:\/\/smartcitydisplays.com\/pl\/produkt\/variable-message-signs-vms\/\" \/>\n<meta property=\"og:site_name\" content=\"Smart City Displays\" \/>\n<meta property=\"article:publisher\" content=\"https:\/\/www.facebook.com\/dystenpl\/\" \/>\n<meta property=\"article:modified_time\" content=\"2021-06-23T09:30:05+00:00\" \/>\n<meta property=\"og:image\" content=\"https:\/\/smartcitydisplays.com\/wp-content\/uploads\/2020\/02\/VMS-0-scaled.jpg\" \/>\n\t<meta property=\"og:image:width\" content=\"1920\" \/>\n\t<meta property=\"og:image:height\" content=\"1499\" \/>\n\t<meta property=\"og:image:type\" content=\"image\/jpeg\" \/>\n<meta name=\"twitter:card\" content=\"summary_large_image\" \/>\n<meta name=\"twitter:site\" content=\"@Dysten3\" \/>\n<meta name=\"twitter:label1\" content=\"Szacowany czas czytania\" \/>\n\t<meta name=\"twitter:data1\" content=\"3 minuty\" \/>\n<script type=\"application\/ld+json\" class=\"yoast-schema-graph\">{\"@context\":\"https:\/\/schema.org\",\"@graph\":[{\"@type\":\"WebPage\",\"@id\":\"https:\/\/smartcitydisplays.com\/pl\/produkt\/variable-message-signs-vms\/\",\"url\":\"https:\/\/smartcitydisplays.com\/pl\/produkt\/variable-message-signs-vms\/\",\"name\":\"VMS - znaki zmiennej tre\u015bci ZZT - Smart City Displays\",\"isPartOf\":{\"@id\":\"https:\/\/smartcitydisplays.com\/pl\/#website\"},\"primaryImageOfPage\":{\"@id\":\"https:\/\/smartcitydisplays.com\/pl\/produkt\/variable-message-signs-vms\/#primaryimage\"},\"image\":{\"@id\":\"https:\/\/smartcitydisplays.com\/pl\/produkt\/variable-message-signs-vms\/#primaryimage\"},\"thumbnailUrl\":\"https:\/\/smartcitydisplays.com\/wp-content\/uploads\/2020\/02\/VMS-0-scaled.jpg\",\"datePublished\":\"2020-02-23T21:16:20+00:00\",\"dateModified\":\"2021-06-23T09:30:05+00:00\",\"description\":\"Znaki Zmiennej Tre\u015bci (ZZT) firmy Dysten s\u0105 zgodne z mi\u0119dzynarodowymi wymaganiami dla VMS (EN PN 12966). Wysoka jako\u015b\u0107, niezawodno\u015b\u0107, wiele wariant\u00f3w, systemowe zarz\u0105dzanie u\u0142atwiaj\u0105 optymalne wykorzystanie tych uniwersalnych urz\u0105dze\u0144.\",\"breadcrumb\":{\"@id\":\"https:\/\/smartcitydisplays.com\/pl\/produkt\/variable-message-signs-vms\/#breadcrumb\"},\"inLanguage\":\"pl-PL\",\"potentialAction\":[{\"@type\":\"ReadAction\",\"target\":[\"https:\/\/smartcitydisplays.com\/pl\/produkt\/variable-message-signs-vms\/\"]}]},{\"@type\":\"ImageObject\",\"inLanguage\":\"pl-PL\",\"@id\":\"https:\/\/smartcitydisplays.com\/pl\/produkt\/variable-message-signs-vms\/#primaryimage\",\"url\":\"https:\/\/smartcitydisplays.com\/wp-content\/uploads\/2020\/02\/VMS-0-scaled.jpg\",\"contentUrl\":\"https:\/\/smartcitydisplays.com\/wp-content\/uploads\/2020\/02\/VMS-0-scaled.jpg\",\"width\":1920,\"height\":1499,\"caption\":\"Variable message signs in Gliwice manufactured by Dysten company. VMS ZZT Dysten - nowoczesne Znaki Zmiennej Tre\u015bci, modern LED RGB Variable Message Signs, VMS panels. Variable message signs. Variable message signs manufacturers. Led variable message signs. Variable message signs for tunnels. Vms road signs. Variable message signs vms mobile. Vms city mobile variable message signs.\"},{\"@type\":\"BreadcrumbList\",\"@id\":\"https:\/\/smartcitydisplays.com\/pl\/produkt\/variable-message-signs-vms\/#breadcrumb\",\"itemListElement\":[{\"@type\":\"ListItem\",\"position\":1,\"name\":\"Home\",\"item\":\"https:\/\/smartcitydisplays.com\/pl\/\"},{\"@type\":\"ListItem\",\"position\":2,\"name\":\"Produkty\",\"item\":\"https:\/\/smartcitydisplays.com\/pl\/shop\/\"},{\"@type\":\"ListItem\",\"position\":3,\"name\":\"VMS &#8211; znaki zmiennej tre\u015bci ZZT\"}]},{\"@type\":\"WebSite\",\"@id\":\"https:\/\/smartcitydisplays.com\/pl\/#website\",\"url\":\"https:\/\/smartcitydisplays.com\/pl\/\",\"name\":\"Smart City Displays\",\"description\":\"dysten\",\"potentialAction\":[{\"@type\":\"SearchAction\",\"target\":{\"@type\":\"EntryPoint\",\"urlTemplate\":\"https:\/\/smartcitydisplays.com\/pl\/?s={search_term_string}\"},\"query-input\":{\"@type\":\"PropertyValueSpecification\",\"valueRequired\":true,\"valueName\":\"search_term_string\"}}],\"inLanguage\":\"pl-PL\"}]}<\/script>\n<!-- \/ Yoast SEO plugin. -->","yoast_head_json":{"title":"VMS - znaki zmiennej tre\u015bci ZZT - Smart City Displays","description":"Znaki Zmiennej Tre\u015bci (ZZT) firmy Dysten s\u0105 zgodne z mi\u0119dzynarodowymi wymaganiami dla VMS (EN PN 12966). Wysoka jako\u015b\u0107, niezawodno\u015b\u0107, wiele wariant\u00f3w, systemowe zarz\u0105dzanie u\u0142atwiaj\u0105 optymalne wykorzystanie tych uniwersalnych urz\u0105dze\u0144.","robots":{"index":"index","follow":"follow","max-snippet":"max-snippet:-1","max-image-preview":"max-image-preview:large","max-video-preview":"max-video-preview:-1"},"canonical":"https:\/\/smartcitydisplays.com\/pl\/produkt\/variable-message-signs-vms\/","og_locale":"pl_PL","og_type":"article","og_title":"VMS - znaki zmiennej tre\u015bci ZZT - Smart City Displays","og_description":"Znaki Zmiennej Tre\u015bci (ZZT) firmy Dysten s\u0105 zgodne z mi\u0119dzynarodowymi wymaganiami dla VMS (EN PN 12966). Wysoka jako\u015b\u0107, niezawodno\u015b\u0107, wiele wariant\u00f3w, systemowe zarz\u0105dzanie u\u0142atwiaj\u0105 optymalne wykorzystanie tych uniwersalnych urz\u0105dze\u0144.","og_url":"https:\/\/smartcitydisplays.com\/pl\/produkt\/variable-message-signs-vms\/","og_site_name":"Smart City Displays","article_publisher":"https:\/\/www.facebook.com\/dystenpl\/","article_modified_time":"2021-06-23T09:30:05+00:00","og_image":[{"width":1920,"height":1499,"url":"https:\/\/smartcitydisplays.com\/wp-content\/uploads\/2020\/02\/VMS-0-scaled.jpg","type":"image\/jpeg"}],"twitter_card":"summary_large_image","twitter_site":"@Dysten3","twitter_misc":{"Szacowany czas czytania":"3 minuty"},"schema":{"@context":"https:\/\/schema.org","@graph":[{"@type":"WebPage","@id":"https:\/\/smartcitydisplays.com\/pl\/produkt\/variable-message-signs-vms\/","url":"https:\/\/smartcitydisplays.com\/pl\/produkt\/variable-message-signs-vms\/","name":"VMS - znaki zmiennej tre\u015bci ZZT - Smart City Displays","isPartOf":{"@id":"https:\/\/smartcitydisplays.com\/pl\/#website"},"primaryImageOfPage":{"@id":"https:\/\/smartcitydisplays.com\/pl\/produkt\/variable-message-signs-vms\/#primaryimage"},"image":{"@id":"https:\/\/smartcitydisplays.com\/pl\/produkt\/variable-message-signs-vms\/#primaryimage"},"thumbnailUrl":"https:\/\/smartcitydisplays.com\/wp-content\/uploads\/2020\/02\/VMS-0-scaled.jpg","datePublished":"2020-02-23T21:16:20+00:00","dateModified":"2021-06-23T09:30:05+00:00","description":"Znaki Zmiennej Tre\u015bci (ZZT) firmy Dysten s\u0105 zgodne z mi\u0119dzynarodowymi wymaganiami dla VMS (EN PN 12966). Wysoka jako\u015b\u0107, niezawodno\u015b\u0107, wiele wariant\u00f3w, systemowe zarz\u0105dzanie u\u0142atwiaj\u0105 optymalne wykorzystanie tych uniwersalnych urz\u0105dze\u0144.","breadcrumb":{"@id":"https:\/\/smartcitydisplays.com\/pl\/produkt\/variable-message-signs-vms\/#breadcrumb"},"inLanguage":"pl-PL","potentialAction":[{"@type":"ReadAction","target":["https:\/\/smartcitydisplays.com\/pl\/produkt\/variable-message-signs-vms\/"]}]},{"@type":"ImageObject","inLanguage":"pl-PL","@id":"https:\/\/smartcitydisplays.com\/pl\/produkt\/variable-message-signs-vms\/#primaryimage","url":"https:\/\/smartcitydisplays.com\/wp-content\/uploads\/2020\/02\/VMS-0-scaled.jpg","contentUrl":"https:\/\/smartcitydisplays.com\/wp-content\/uploads\/2020\/02\/VMS-0-scaled.jpg","width":1920,"height":1499,"caption":"Variable message signs in Gliwice manufactured by Dysten company. VMS ZZT Dysten - nowoczesne Znaki Zmiennej Tre\u015bci, modern LED RGB Variable Message Signs, VMS panels. Variable message signs. Variable message signs manufacturers. Led variable message signs. Variable message signs for tunnels. Vms road signs. Variable message signs vms mobile. Vms city mobile variable message signs."},{"@type":"BreadcrumbList","@id":"https:\/\/smartcitydisplays.com\/pl\/produkt\/variable-message-signs-vms\/#breadcrumb","itemListElement":[{"@type":"ListItem","position":1,"name":"Home","item":"https:\/\/smartcitydisplays.com\/pl\/"},{"@type":"ListItem","position":2,"name":"Produkty","item":"https:\/\/smartcitydisplays.com\/pl\/shop\/"},{"@type":"ListItem","position":3,"name":"VMS &#8211; znaki zmiennej tre\u015bci ZZT"}]},{"@type":"WebSite","@id":"https:\/\/smartcitydisplays.com\/pl\/#website","url":"https:\/\/smartcitydisplays.com\/pl\/","name":"Smart City Displays","description":"dysten","potentialAction":[{"@type":"SearchAction","target":{"@type":"EntryPoint","urlTemplate":"https:\/\/smartcitydisplays.com\/pl\/?s={search_term_string}"},"query-input":{"@type":"PropertyValueSpecification","valueRequired":true,"valueName":"search_term_string"}}],"inLanguage":"pl-PL"}]}},"_links":{"self":[{"href":"https:\/\/smartcitydisplays.com\/pl\/wp-json\/wp\/v2\/product\/7812","targetHints":{"allow":["GET"]}}],"collection":[{"href":"https:\/\/smartcitydisplays.com\/pl\/wp-json\/wp\/v2\/product"}],"about":[{"href":"https:\/\/smartcitydisplays.com\/pl\/wp-json\/wp\/v2\/types\/product"}],"wp:featuredmedia":[{"embeddable":true,"href":"https:\/\/smartcitydisplays.com\/pl\/wp-json\/wp\/v2\/media\/7592"}],"wp:attachment":[{"href":"https:\/\/smartcitydisplays.com\/pl\/wp-json\/wp\/v2\/media?parent=7812"}],"wp:term":[{"taxonomy":"product_brand","embeddable":true,"href":"https:\/\/smartcitydisplays.com\/pl\/wp-json\/wp\/v2\/product_brand?post=7812"},{"taxonomy":"product_cat","embeddable":true,"href":"https:\/\/smartcitydisplays.com\/pl\/wp-json\/wp\/v2\/product_cat?post=7812"},{"taxonomy":"product_tag","embeddable":true,"href":"https:\/\/smartcitydisplays.com\/pl\/wp-json\/wp\/v2\/product_tag?post=7812"}],"curies":[{"name":"wp","href":"https:\/\/api.w.org\/{rel}","templated":true}]}}