{"id":7813,"date":"2020-02-23T21:37:49","date_gmt":"2020-02-23T21:37:49","guid":{"rendered":"http:\/\/smartcitydisplays.com\/product\/destination-displays-in-led-lcd-technology\/"},"modified":"2025-01-19T19:23:20","modified_gmt":"2025-01-19T19:23:20","slug":"destination-displays-in-led-lcd-technology","status":"publish","type":"product","link":"https:\/\/smartcitydisplays.com\/pl\/produkt\/destination-displays-in-led-lcd-technology\/","title":{"rendered":"Tablice kierunkowe na pojazdy"},"content":{"rendered":"<div class=\"wpb-content-wrapper\"><p>[vc_row][vc_column][vc_raw_js]JTNDc2NyaXB0JTNFJTBBbGV0JTIwbmV3VGl0bGUlMjAlM0QlMjBkb2N1bWVudC5nZXRFbGVtZW50c0J5Q2xhc3NOYW1lJTI4JTI3ZWx0ZGYtc2luZ2xlLXByb2R1Y3QtdGl0bGUlMjclMjklM0IlMEFpZiUyMCUyOG5ld1RpdGxlJTIwJTI2JTI2JTIwbmV3VGl0bGUubGVuZ3RoJTIwJTNFJTIwMCUyOSUyMCU3QiUwQSUyMG5ld1RpdGxlJTIwJTNEJTIwbmV3VGl0bGUlNUIwJTVELmlubmVyVGV4dCUwQSUyMGlmJTI4ZG9jdW1lbnQucmVhZHlTdGF0ZSUyMCUzRCUzRCUzRCUyMCUyN3JlYWR5JTI3JTIwJTdDJTdDJTIwZG9jdW1lbnQucmVhZHlTdGF0ZSUyMCUzRCUzRCUzRCUyMCUyN2NvbXBsZXRlJTI3JTI5JTIwJTdCJTBBJTIwZ29Ub0Rvd25sb2FkcyUyOCUyOSUzQiUwQSU3RCUyMGVsc2UlMjAlN0IlMEElMjAlMjBkb2N1bWVudC5vbnJlYWR5c3RhdGVjaGFuZ2UlMjAlM0QlMjBmdW5jdGlvbiUyMCUyOCUyOSUyMCU3QiUwQSUyMCUyMCUyMCUyMGlmJTIwJTI4ZG9jdW1lbnQucmVhZHlTdGF0ZSUyMCUzRCUzRCUyMCUyMmNvbXBsZXRlJTIyJTI5JTIwJTdCJTBBJTIwJTIwJTIwJTIwJTIwJTIwZ29Ub0Rvd25sb2FkcyUyOCUyOSUzQiUwQSUyMCUyMCUyMCUyMCU3RCUwQSUyMCUyMCU3RCUwQSU3RCUwQSU3RCUwQSUwQWZ1bmN0aW9uJTIwZ29Ub0Rvd25sb2FkcyUyOCUyOSUyMCU3QiUwQWNvbnN0JTIwc2t1JTIwJTNEJTIwZG9jdW1lbnQuZ2V0RWxlbWVudHNCeUNsYXNzTmFtZSUyOCUyN3NrdSUyNyUyOSUzQiUwQSUwQUFycmF5LnByb3RvdHlwZS5mb3JFYWNoLmNhbGwlMjhza3UlMkMlMjBlbCUyMCUzRCUzRSUyMCU3QiUwQSUyMGVsLmFkZEV2ZW50TGlzdGVuZXIlMjglMjJjbGljayUyMiUyQyUyMCUyOCUyOSUyMCUzRCUzRSUyMCU3QiUwQSUyMGxvY2F0aW9uLnBhdGhuYW1lJTIwJTNEJTIwJTI3JTJGZG93bmxvYWRzJTJGJTI3JTNCJTBBJTdEJTI5JTNCJTBBJTdEJTI5JTNCJTBBJTdEJTBBJTBBJTNDJTJGc2NyaXB0JTNFJTBB[\/vc_raw_js][\/vc_column][\/vc_row][vc_row][vc_column][vc_column_text]<strong>Tablice kierunkowe Dysten:<\/strong><\/p>\n<p>Tablice kierunkowe PKS, tablice kierunkowe dla autobus\u00f3w, tramwaj\u00f3w, metra:<\/p>\n<ul>\n<li>poinformuj\u00a0pasa\u017cera dok\u0105d pojazd\u00a0zmierza<\/li>\n<li>wy\u015bwietl informacje \u2013 mo\u017cliwo\u015b\u0107 prezentacji numeru linii, godziny, daty, kierunku docelowego, trasy przejazdu i wiele wi\u0119cej<\/li>\n<li>informuj\u00a0na zewn\u0105trz i wewn\u0105trz pojazdu \u2013 elektroniczne tablice kierunkowe zewn\u0119trzne wykonujemy w technologii LED, wy\u015bwietlacze wewn\u0119trzne w technologii LED lub LCD<\/li>\n<li>zdecyduj o wygl\u0105dzie tablicy \u2013 dowolna forma (pionowa, pozioma) i wielko\u015b\u0107 tablicy kierunkowej oraz forma wy\u015bwietlanej tre\u015bci (sta\u0142a, p\u0142yn\u0105ca)<\/li>\n<li>steruj i zarz\u0105dzaj informacj\u0105 \u2013 komputer pok\u0142adowy steruje informacj\u0105 pasa\u017cersk\u0105, systemem\u00a0poboru op\u0142at oraz przesy\u0142a dane o po\u0142o\u017ceniu pojazdu<\/li>\n<\/ul>\n<p>[\/vc_column_text][\/vc_column][\/vc_row]<\/p>\n<\/div>","protected":false},"excerpt":{"rendered":"<p>Dysten wytwarza tablice kierunkowe LED i LCD, kt\u00f3re s\u0105 dopasowane do konkretnego typu autobusu, tramwaju. Nale\u017c\u0105 do nich tablice LED wewn\u0119trzne i zewn\u0119trzne wy\u015bwietlaj\u0105ce numery linii i nazwy ko\u0144cowych przystank\u00f3w oraz tablice LCD do \u015brodka pojazdu pokazuj\u0105ce podr\u00f3\u017cnym post\u0119p podr\u00f3\u017cy.<\/p>\n","protected":false},"featured_media":8173,"template":"","meta":{"content-type":""},"product_brand":[],"product_cat":[314,312,310,311,309,313],"product_tag":[305],"class_list":{"0":"post-7813","1":"product","2":"type-product","3":"status-publish","4":"has-post-thumbnail","6":"product_cat-short-distance-pl","7":"product_cat-long-distance-pl","8":"product_cat-lcd-pl","9":"product_cat-led-pl","10":"product_cat-indoor-pl","11":"product_cat-outdoor-pl","12":"product_tag-others-pl","14":"first","15":"instock","16":"shipping-taxable","17":"product-type-external"},"yoast_head":"<!-- This site is optimized with the Yoast SEO plugin v27.1.1 - https:\/\/yoast.com\/product\/yoast-seo-wordpress\/ -->\n<title>Tablice kierunkowe na pojazdy - Smart City Displays<\/title>\n<meta name=\"description\" content=\"Tablice kierunkowe LED i LCD do autobus\u00f3w i tramwaj\u00f3w - wewn\u0119trzne i zewn\u0119trzne, wy\u015bwietlaj\u0105ce numery linii, nazwy przystank\u00f3w oraz post\u0119p podr\u00f3\u017cy.\" \/>\n<meta name=\"robots\" content=\"index, follow, max-snippet:-1, max-image-preview:large, max-video-preview:-1\" \/>\n<link rel=\"canonical\" href=\"https:\/\/smartcitydisplays.com\/pl\/produkt\/destination-displays-in-led-lcd-technology\/\" \/>\n<meta property=\"og:locale\" content=\"pl_PL\" \/>\n<meta property=\"og:type\" content=\"article\" \/>\n<meta property=\"og:title\" content=\"Tablice kierunkowe na pojazdy - Smart City Displays\" \/>\n<meta property=\"og:description\" content=\"Tablice kierunkowe LED i LCD do autobus\u00f3w i tramwaj\u00f3w - wewn\u0119trzne i zewn\u0119trzne, wy\u015bwietlaj\u0105ce numery linii, nazwy przystank\u00f3w oraz post\u0119p podr\u00f3\u017cy.\" \/>\n<meta property=\"og:url\" content=\"https:\/\/smartcitydisplays.com\/pl\/produkt\/destination-displays-in-led-lcd-technology\/\" \/>\n<meta property=\"og:site_name\" content=\"Smart City Displays\" \/>\n<meta property=\"article:publisher\" content=\"https:\/\/www.facebook.com\/dystenpl\/\" \/>\n<meta property=\"article:modified_time\" content=\"2025-01-19T19:23:20+00:00\" \/>\n<meta property=\"og:image\" content=\"https:\/\/smartcitydisplays.com\/wp-content\/uploads\/2020\/03\/destination-display.jpg\" \/>\n\t<meta property=\"og:image:width\" content=\"1280\" \/>\n\t<meta property=\"og:image:height\" content=\"1280\" \/>\n\t<meta property=\"og:image:type\" content=\"image\/jpeg\" \/>\n<meta name=\"twitter:card\" content=\"summary_large_image\" \/>\n<meta name=\"twitter:site\" content=\"@Dysten3\" \/>\n<meta name=\"twitter:label1\" content=\"Szacowany czas czytania\" \/>\n\t<meta name=\"twitter:data1\" content=\"1 minuta\" \/>\n<script type=\"application\/ld+json\" class=\"yoast-schema-graph\">{\"@context\":\"https:\/\/schema.org\",\"@graph\":[{\"@type\":\"WebPage\",\"@id\":\"https:\/\/smartcitydisplays.com\/pl\/produkt\/destination-displays-in-led-lcd-technology\/\",\"url\":\"https:\/\/smartcitydisplays.com\/pl\/produkt\/destination-displays-in-led-lcd-technology\/\",\"name\":\"Tablice kierunkowe na pojazdy - Smart City Displays\",\"isPartOf\":{\"@id\":\"https:\/\/smartcitydisplays.com\/pl\/#website\"},\"primaryImageOfPage\":{\"@id\":\"https:\/\/smartcitydisplays.com\/pl\/produkt\/destination-displays-in-led-lcd-technology\/#primaryimage\"},\"image\":{\"@id\":\"https:\/\/smartcitydisplays.com\/pl\/produkt\/destination-displays-in-led-lcd-technology\/#primaryimage\"},\"thumbnailUrl\":\"https:\/\/smartcitydisplays.com\/wp-content\/uploads\/2020\/03\/destination-display.jpg\",\"datePublished\":\"2020-02-23T21:37:49+00:00\",\"dateModified\":\"2025-01-19T19:23:20+00:00\",\"description\":\"Tablice kierunkowe LED i LCD do autobus\u00f3w i tramwaj\u00f3w - wewn\u0119trzne i zewn\u0119trzne, wy\u015bwietlaj\u0105ce numery linii, nazwy przystank\u00f3w oraz post\u0119p podr\u00f3\u017cy.\",\"breadcrumb\":{\"@id\":\"https:\/\/smartcitydisplays.com\/pl\/produkt\/destination-displays-in-led-lcd-technology\/#breadcrumb\"},\"inLanguage\":\"pl-PL\",\"potentialAction\":[{\"@type\":\"ReadAction\",\"target\":[\"https:\/\/smartcitydisplays.com\/pl\/produkt\/destination-displays-in-led-lcd-technology\/\"]}]},{\"@type\":\"ImageObject\",\"inLanguage\":\"pl-PL\",\"@id\":\"https:\/\/smartcitydisplays.com\/pl\/produkt\/destination-displays-in-led-lcd-technology\/#primaryimage\",\"url\":\"https:\/\/smartcitydisplays.com\/wp-content\/uploads\/2020\/03\/destination-display.jpg\",\"contentUrl\":\"https:\/\/smartcitydisplays.com\/wp-content\/uploads\/2020\/03\/destination-display.jpg\",\"width\":1280,\"height\":1280},{\"@type\":\"BreadcrumbList\",\"@id\":\"https:\/\/smartcitydisplays.com\/pl\/produkt\/destination-displays-in-led-lcd-technology\/#breadcrumb\",\"itemListElement\":[{\"@type\":\"ListItem\",\"position\":1,\"name\":\"Home\",\"item\":\"https:\/\/smartcitydisplays.com\/pl\/\"},{\"@type\":\"ListItem\",\"position\":2,\"name\":\"Produkty\",\"item\":\"https:\/\/smartcitydisplays.com\/pl\/shop\/\"},{\"@type\":\"ListItem\",\"position\":3,\"name\":\"Tablice kierunkowe na pojazdy\"}]},{\"@type\":\"WebSite\",\"@id\":\"https:\/\/smartcitydisplays.com\/pl\/#website\",\"url\":\"https:\/\/smartcitydisplays.com\/pl\/\",\"name\":\"Smart City Displays\",\"description\":\"dysten\",\"potentialAction\":[{\"@type\":\"SearchAction\",\"target\":{\"@type\":\"EntryPoint\",\"urlTemplate\":\"https:\/\/smartcitydisplays.com\/pl\/?s={search_term_string}\"},\"query-input\":{\"@type\":\"PropertyValueSpecification\",\"valueRequired\":true,\"valueName\":\"search_term_string\"}}],\"inLanguage\":\"pl-PL\"}]}<\/script>\n<!-- \/ Yoast SEO plugin. -->","yoast_head_json":{"title":"Tablice kierunkowe na pojazdy - Smart City Displays","description":"Tablice kierunkowe LED i LCD do autobus\u00f3w i tramwaj\u00f3w - wewn\u0119trzne i zewn\u0119trzne, wy\u015bwietlaj\u0105ce numery linii, nazwy przystank\u00f3w oraz post\u0119p podr\u00f3\u017cy.","robots":{"index":"index","follow":"follow","max-snippet":"max-snippet:-1","max-image-preview":"max-image-preview:large","max-video-preview":"max-video-preview:-1"},"canonical":"https:\/\/smartcitydisplays.com\/pl\/produkt\/destination-displays-in-led-lcd-technology\/","og_locale":"pl_PL","og_type":"article","og_title":"Tablice kierunkowe na pojazdy - Smart City Displays","og_description":"Tablice kierunkowe LED i LCD do autobus\u00f3w i tramwaj\u00f3w - wewn\u0119trzne i zewn\u0119trzne, wy\u015bwietlaj\u0105ce numery linii, nazwy przystank\u00f3w oraz post\u0119p podr\u00f3\u017cy.","og_url":"https:\/\/smartcitydisplays.com\/pl\/produkt\/destination-displays-in-led-lcd-technology\/","og_site_name":"Smart City Displays","article_publisher":"https:\/\/www.facebook.com\/dystenpl\/","article_modified_time":"2025-01-19T19:23:20+00:00","og_image":[{"width":1280,"height":1280,"url":"https:\/\/smartcitydisplays.com\/wp-content\/uploads\/2020\/03\/destination-display.jpg","type":"image\/jpeg"}],"twitter_card":"summary_large_image","twitter_site":"@Dysten3","twitter_misc":{"Szacowany czas czytania":"1 minuta"},"schema":{"@context":"https:\/\/schema.org","@graph":[{"@type":"WebPage","@id":"https:\/\/smartcitydisplays.com\/pl\/produkt\/destination-displays-in-led-lcd-technology\/","url":"https:\/\/smartcitydisplays.com\/pl\/produkt\/destination-displays-in-led-lcd-technology\/","name":"Tablice kierunkowe na pojazdy - Smart City Displays","isPartOf":{"@id":"https:\/\/smartcitydisplays.com\/pl\/#website"},"primaryImageOfPage":{"@id":"https:\/\/smartcitydisplays.com\/pl\/produkt\/destination-displays-in-led-lcd-technology\/#primaryimage"},"image":{"@id":"https:\/\/smartcitydisplays.com\/pl\/produkt\/destination-displays-in-led-lcd-technology\/#primaryimage"},"thumbnailUrl":"https:\/\/smartcitydisplays.com\/wp-content\/uploads\/2020\/03\/destination-display.jpg","datePublished":"2020-02-23T21:37:49+00:00","dateModified":"2025-01-19T19:23:20+00:00","description":"Tablice kierunkowe LED i LCD do autobus\u00f3w i tramwaj\u00f3w - wewn\u0119trzne i zewn\u0119trzne, wy\u015bwietlaj\u0105ce numery linii, nazwy przystank\u00f3w oraz post\u0119p podr\u00f3\u017cy.","breadcrumb":{"@id":"https:\/\/smartcitydisplays.com\/pl\/produkt\/destination-displays-in-led-lcd-technology\/#breadcrumb"},"inLanguage":"pl-PL","potentialAction":[{"@type":"ReadAction","target":["https:\/\/smartcitydisplays.com\/pl\/produkt\/destination-displays-in-led-lcd-technology\/"]}]},{"@type":"ImageObject","inLanguage":"pl-PL","@id":"https:\/\/smartcitydisplays.com\/pl\/produkt\/destination-displays-in-led-lcd-technology\/#primaryimage","url":"https:\/\/smartcitydisplays.com\/wp-content\/uploads\/2020\/03\/destination-display.jpg","contentUrl":"https:\/\/smartcitydisplays.com\/wp-content\/uploads\/2020\/03\/destination-display.jpg","width":1280,"height":1280},{"@type":"BreadcrumbList","@id":"https:\/\/smartcitydisplays.com\/pl\/produkt\/destination-displays-in-led-lcd-technology\/#breadcrumb","itemListElement":[{"@type":"ListItem","position":1,"name":"Home","item":"https:\/\/smartcitydisplays.com\/pl\/"},{"@type":"ListItem","position":2,"name":"Produkty","item":"https:\/\/smartcitydisplays.com\/pl\/shop\/"},{"@type":"ListItem","position":3,"name":"Tablice kierunkowe na pojazdy"}]},{"@type":"WebSite","@id":"https:\/\/smartcitydisplays.com\/pl\/#website","url":"https:\/\/smartcitydisplays.com\/pl\/","name":"Smart City Displays","description":"dysten","potentialAction":[{"@type":"SearchAction","target":{"@type":"EntryPoint","urlTemplate":"https:\/\/smartcitydisplays.com\/pl\/?s={search_term_string}"},"query-input":{"@type":"PropertyValueSpecification","valueRequired":true,"valueName":"search_term_string"}}],"inLanguage":"pl-PL"}]}},"_links":{"self":[{"href":"https:\/\/smartcitydisplays.com\/pl\/wp-json\/wp\/v2\/product\/7813","targetHints":{"allow":["GET"]}}],"collection":[{"href":"https:\/\/smartcitydisplays.com\/pl\/wp-json\/wp\/v2\/product"}],"about":[{"href":"https:\/\/smartcitydisplays.com\/pl\/wp-json\/wp\/v2\/types\/product"}],"wp:featuredmedia":[{"embeddable":true,"href":"https:\/\/smartcitydisplays.com\/pl\/wp-json\/wp\/v2\/media\/8173"}],"wp:attachment":[{"href":"https:\/\/smartcitydisplays.com\/pl\/wp-json\/wp\/v2\/media?parent=7813"}],"wp:term":[{"taxonomy":"product_brand","embeddable":true,"href":"https:\/\/smartcitydisplays.com\/pl\/wp-json\/wp\/v2\/product_brand?post=7813"},{"taxonomy":"product_cat","embeddable":true,"href":"https:\/\/smartcitydisplays.com\/pl\/wp-json\/wp\/v2\/product_cat?post=7813"},{"taxonomy":"product_tag","embeddable":true,"href":"https:\/\/smartcitydisplays.com\/pl\/wp-json\/wp\/v2\/product_tag?post=7813"}],"curies":[{"name":"wp","href":"https:\/\/api.w.org\/{rel}","templated":true}]}}