{"id":7814,"date":"2020-02-23T21:48:24","date_gmt":"2020-02-23T21:48:24","guid":{"rendered":"http:\/\/smartcitydisplays.com\/product\/route-visualisation\/"},"modified":"2020-02-25T14:16:40","modified_gmt":"2020-02-25T14:16:40","slug":"route-visualisation","status":"publish","type":"product","link":"https:\/\/smartcitydisplays.com\/pl\/produkt\/route-visualisation\/","title":{"rendered":"Tablice wizualizacji trasy"},"content":{"rendered":"<div class=\"wpb-content-wrapper\"><p>[vc_row][vc_column][vc_raw_js]JTNDc2NyaXB0JTNFJTBBbGV0JTIwbmV3VGl0bGUlMjAlM0QlMjBkb2N1bWVudC5nZXRFbGVtZW50c0J5Q2xhc3NOYW1lJTI4JTI3ZWx0ZGYtc2luZ2xlLXByb2R1Y3QtdGl0bGUlMjclMjklM0IlMEFpZiUyMCUyOG5ld1RpdGxlJTIwJTI2JTI2JTIwbmV3VGl0bGUubGVuZ3RoJTIwJTNFJTIwMCUyOSUyMCU3QiUwQSUyMG5ld1RpdGxlJTIwJTNEJTIwbmV3VGl0bGUlNUIwJTVELmlubmVyVGV4dCUwQSUyMGlmJTI4ZG9jdW1lbnQucmVhZHlTdGF0ZSUyMCUzRCUzRCUzRCUyMCUyN3JlYWR5JTI3JTIwJTdDJTdDJTIwZG9jdW1lbnQucmVhZHlTdGF0ZSUyMCUzRCUzRCUzRCUyMCUyN2NvbXBsZXRlJTI3JTI5JTIwJTdCJTBBJTIwZ29Ub0Rvd25sb2FkcyUyOCUyOSUzQiUwQSU3RCUyMGVsc2UlMjAlN0IlMEElMjAlMjBkb2N1bWVudC5vbnJlYWR5c3RhdGVjaGFuZ2UlMjAlM0QlMjBmdW5jdGlvbiUyMCUyOCUyOSUyMCU3QiUwQSUyMCUyMCUyMCUyMGlmJTIwJTI4ZG9jdW1lbnQucmVhZHlTdGF0ZSUyMCUzRCUzRCUyMCUyMmNvbXBsZXRlJTIyJTI5JTIwJTdCJTBBJTIwJTIwJTIwJTIwJTIwJTIwZ29Ub0Rvd25sb2FkcyUyOCUyOSUzQiUwQSUyMCUyMCUyMCUyMCU3RCUwQSUyMCUyMCU3RCUwQSU3RCUwQSU3RCUwQSUwQWZ1bmN0aW9uJTIwZ29Ub0Rvd25sb2FkcyUyOCUyOSUyMCU3QiUwQWNvbnN0JTIwc2t1JTIwJTNEJTIwZG9jdW1lbnQuZ2V0RWxlbWVudHNCeUNsYXNzTmFtZSUyOCUyN3NrdSUyNyUyOSUzQiUwQSUwQUFycmF5LnByb3RvdHlwZS5mb3JFYWNoLmNhbGwlMjhza3UlMkMlMjBlbCUyMCUzRCUzRSUyMCU3QiUwQSUyMGVsLmFkZEV2ZW50TGlzdGVuZXIlMjglMjJjbGljayUyMiUyQyUyMCUyOCUyOSUyMCUzRCUzRSUyMCU3QiUwQSUyMGxvY2F0aW9uLnBhdGhuYW1lJTIwJTNEJTIwJTI3JTJGZG93bmxvYWRzJTJGJTI3JTNCJTBBJTdEJTI5JTNCJTBBJTdEJTI5JTNCJTBBJTdEJTBBJTBBJTNDJTJGc2NyaXB0JTNFJTBB[\/vc_raw_js][\/vc_column][\/vc_row][vc_row][vc_column][vc_column_text]<strong>Prezentowane podr\u00f3\u017cnym informacje:<\/strong><\/p>\n<ul>\n<li>numer linii<\/li>\n<li>kierunek przejazdu<\/li>\n<li>uk\u0142ad przystank\u00f3w na trasie<\/li>\n<li>data i godzina<\/li>\n<li>informacja o wje\u017adzie w stref\u0119 biletow\u0105<\/li>\n<li>czas przejazdu pomi\u0119dzy kolejnymi\u00a0przystankami<\/li>\n<li>mo\u017cliwo\u015bci przesiadki na nast\u0119pnym przystanku<\/li>\n<li>tre\u015bci reklamowe i promocyjne<\/li>\n<li>komunikaty specjalne<\/li>\n<\/ul>\n<p>&nbsp;<\/p>\n<p>Urz\u0105dzenia chroni wandaloodporna obudowa zabezpieczone antyrefleksyjn\u0105 os\u0142on\u0105. Monitory LCD instalowane w tramwajach, metrze czy autobusach dostosowujemy do przestrzeni zaplanowanej na ich monta\u017c.<\/p>\n<p>Tablice informacyjne oraz znaki kierunkowe dla ruchu pieszego i samochodowego<\/p>\n<p>Dynamiczne znaki kierunkowe dla ruchu pieszego i samochodowego. Mog\u0105 wy\u015bwietla\u0107 aktualne i bie\u017c\u0105ce wskaz\u00f3wki jak np. liczb\u0119 wolnych miejsc parkingowych na najbli\u017cszych parkingach miejskich, czy zmian\u0119 godzin otwarcia.[\/vc_column_text][\/vc_column][\/vc_row]<\/p>\n<\/div>","protected":false},"excerpt":{"rendered":"<p>Tablice w technologii LCD, montowane wewn\u0105trz pojazdu, informuj\u0105\u00a0pasa\u017cer\u00f3w, do jakiego przystanku w\u0142a\u015bnie si\u0119 zbli\u017ca. Wy\u015bwietlacz wizualizacji trasy mo\u017ce zmienia\u0107 tre\u015bci, zawiadamiaj\u0105c podr\u00f3\u017cnych o utrudnieniach na\u00a0trasie i op\u00f3\u017anieniach. Na monitorze mo\u017cna r\u00f3wnie\u017c wy\u015bwietli\u0107\u00a0wiadomo\u015bci z regionu, komunikaty dotycz\u0105ce promocji PKP \u00a0czy komunikacji miejskiej. No\u015bniki mog\u0105 zarabia\u0107 r\u00f3wnie\u017c na reklamach.<\/p>\n","protected":false},"featured_media":22466,"template":"","meta":{"content-type":""},"product_brand":[],"product_cat":[314,308,310,311,309],"product_tag":[305],"class_list":{"0":"post-7814","1":"product","2":"type-product","3":"status-publish","4":"has-post-thumbnail","6":"product_cat-short-distance-pl","7":"product_cat-e-paper-pl","8":"product_cat-lcd-pl","9":"product_cat-led-pl","10":"product_cat-indoor-pl","11":"product_tag-others-pl","13":"first","14":"instock","15":"shipping-taxable","16":"product-type-external"},"yoast_head":"<!-- This site is optimized with the Yoast SEO plugin v27.1.1 - https:\/\/yoast.com\/product\/yoast-seo-wordpress\/ -->\n<title>Tablice wizualizacji trasy - Smart City Displays<\/title>\n<meta name=\"robots\" content=\"index, follow, max-snippet:-1, max-image-preview:large, max-video-preview:-1\" \/>\n<link rel=\"canonical\" href=\"https:\/\/smartcitydisplays.com\/pl\/produkt\/route-visualisation\/\" \/>\n<meta property=\"og:locale\" content=\"pl_PL\" \/>\n<meta property=\"og:type\" content=\"article\" \/>\n<meta property=\"og:title\" content=\"Tablice wizualizacji trasy - Smart City Displays\" \/>\n<meta property=\"og:description\" content=\"Tablice w technologii LCD, montowane wewn\u0105trz pojazdu, informuj\u0105\u00a0pasa\u017cer\u00f3w, do jakiego przystanku w\u0142a\u015bnie si\u0119 zbli\u017ca. Wy\u015bwietlacz wizualizacji trasy mo\u017ce zmienia\u0107 tre\u015bci, zawiadamiaj\u0105c podr\u00f3\u017cnych o utrudnieniach na\u00a0trasie i op\u00f3\u017anieniach. Na monitorze mo\u017cna r\u00f3wnie\u017c wy\u015bwietli\u0107\u00a0wiadomo\u015bci z regionu, komunikaty dotycz\u0105ce promocji PKP \u00a0czy komunikacji miejskiej. No\u015bniki mog\u0105 zarabia\u0107 r\u00f3wnie\u017c na reklamach.\" \/>\n<meta property=\"og:url\" content=\"https:\/\/smartcitydisplays.com\/pl\/produkt\/route-visualisation\/\" \/>\n<meta property=\"og:site_name\" content=\"Smart City Displays\" \/>\n<meta property=\"article:publisher\" content=\"https:\/\/www.facebook.com\/dystenpl\/\" \/>\n<meta property=\"article:modified_time\" content=\"2020-02-25T14:16:40+00:00\" \/>\n<meta property=\"og:image\" content=\"https:\/\/smartcitydisplays.com\/wp-content\/uploads\/2020\/02\/Tablice-kierunkowe-1.jpg\" \/>\n\t<meta property=\"og:image:width\" content=\"300\" \/>\n\t<meta property=\"og:image:height\" content=\"104\" \/>\n\t<meta property=\"og:image:type\" content=\"image\/jpeg\" \/>\n<meta name=\"twitter:card\" content=\"summary_large_image\" \/>\n<meta name=\"twitter:site\" content=\"@Dysten3\" \/>\n<meta name=\"twitter:label1\" content=\"Szacowany czas czytania\" \/>\n\t<meta name=\"twitter:data1\" content=\"1 minuta\" \/>\n<script type=\"application\/ld+json\" class=\"yoast-schema-graph\">{\"@context\":\"https:\/\/schema.org\",\"@graph\":[{\"@type\":\"WebPage\",\"@id\":\"https:\/\/smartcitydisplays.com\/pl\/produkt\/route-visualisation\/\",\"url\":\"https:\/\/smartcitydisplays.com\/pl\/produkt\/route-visualisation\/\",\"name\":\"Tablice wizualizacji trasy - Smart City Displays\",\"isPartOf\":{\"@id\":\"https:\/\/smartcitydisplays.com\/pl\/#website\"},\"primaryImageOfPage\":{\"@id\":\"https:\/\/smartcitydisplays.com\/pl\/produkt\/route-visualisation\/#primaryimage\"},\"image\":{\"@id\":\"https:\/\/smartcitydisplays.com\/pl\/produkt\/route-visualisation\/#primaryimage\"},\"thumbnailUrl\":\"https:\/\/smartcitydisplays.com\/wp-content\/uploads\/2020\/02\/Tablice-kierunkowe-1.jpg\",\"datePublished\":\"2020-02-23T21:48:24+00:00\",\"dateModified\":\"2020-02-25T14:16:40+00:00\",\"breadcrumb\":{\"@id\":\"https:\/\/smartcitydisplays.com\/pl\/produkt\/route-visualisation\/#breadcrumb\"},\"inLanguage\":\"pl-PL\",\"potentialAction\":[{\"@type\":\"ReadAction\",\"target\":[\"https:\/\/smartcitydisplays.com\/pl\/produkt\/route-visualisation\/\"]}]},{\"@type\":\"ImageObject\",\"inLanguage\":\"pl-PL\",\"@id\":\"https:\/\/smartcitydisplays.com\/pl\/produkt\/route-visualisation\/#primaryimage\",\"url\":\"https:\/\/smartcitydisplays.com\/wp-content\/uploads\/2020\/02\/Tablice-kierunkowe-1.jpg\",\"contentUrl\":\"https:\/\/smartcitydisplays.com\/wp-content\/uploads\/2020\/02\/Tablice-kierunkowe-1.jpg\",\"width\":300,\"height\":104},{\"@type\":\"BreadcrumbList\",\"@id\":\"https:\/\/smartcitydisplays.com\/pl\/produkt\/route-visualisation\/#breadcrumb\",\"itemListElement\":[{\"@type\":\"ListItem\",\"position\":1,\"name\":\"Home\",\"item\":\"https:\/\/smartcitydisplays.com\/pl\/\"},{\"@type\":\"ListItem\",\"position\":2,\"name\":\"Produkty\",\"item\":\"https:\/\/smartcitydisplays.com\/pl\/shop\/\"},{\"@type\":\"ListItem\",\"position\":3,\"name\":\"Tablice wizualizacji trasy\"}]},{\"@type\":\"WebSite\",\"@id\":\"https:\/\/smartcitydisplays.com\/pl\/#website\",\"url\":\"https:\/\/smartcitydisplays.com\/pl\/\",\"name\":\"Smart City Displays\",\"description\":\"dysten\",\"potentialAction\":[{\"@type\":\"SearchAction\",\"target\":{\"@type\":\"EntryPoint\",\"urlTemplate\":\"https:\/\/smartcitydisplays.com\/pl\/?s={search_term_string}\"},\"query-input\":{\"@type\":\"PropertyValueSpecification\",\"valueRequired\":true,\"valueName\":\"search_term_string\"}}],\"inLanguage\":\"pl-PL\"}]}<\/script>\n<!-- \/ Yoast SEO plugin. -->","yoast_head_json":{"title":"Tablice wizualizacji trasy - Smart City Displays","robots":{"index":"index","follow":"follow","max-snippet":"max-snippet:-1","max-image-preview":"max-image-preview:large","max-video-preview":"max-video-preview:-1"},"canonical":"https:\/\/smartcitydisplays.com\/pl\/produkt\/route-visualisation\/","og_locale":"pl_PL","og_type":"article","og_title":"Tablice wizualizacji trasy - Smart City Displays","og_description":"Tablice w technologii LCD, montowane wewn\u0105trz pojazdu, informuj\u0105\u00a0pasa\u017cer\u00f3w, do jakiego przystanku w\u0142a\u015bnie si\u0119 zbli\u017ca. Wy\u015bwietlacz wizualizacji trasy mo\u017ce zmienia\u0107 tre\u015bci, zawiadamiaj\u0105c podr\u00f3\u017cnych o utrudnieniach na\u00a0trasie i op\u00f3\u017anieniach. Na monitorze mo\u017cna r\u00f3wnie\u017c wy\u015bwietli\u0107\u00a0wiadomo\u015bci z regionu, komunikaty dotycz\u0105ce promocji PKP \u00a0czy komunikacji miejskiej. No\u015bniki mog\u0105 zarabia\u0107 r\u00f3wnie\u017c na reklamach.","og_url":"https:\/\/smartcitydisplays.com\/pl\/produkt\/route-visualisation\/","og_site_name":"Smart City Displays","article_publisher":"https:\/\/www.facebook.com\/dystenpl\/","article_modified_time":"2020-02-25T14:16:40+00:00","og_image":[{"width":300,"height":104,"url":"https:\/\/smartcitydisplays.com\/wp-content\/uploads\/2020\/02\/Tablice-kierunkowe-1.jpg","type":"image\/jpeg"}],"twitter_card":"summary_large_image","twitter_site":"@Dysten3","twitter_misc":{"Szacowany czas czytania":"1 minuta"},"schema":{"@context":"https:\/\/schema.org","@graph":[{"@type":"WebPage","@id":"https:\/\/smartcitydisplays.com\/pl\/produkt\/route-visualisation\/","url":"https:\/\/smartcitydisplays.com\/pl\/produkt\/route-visualisation\/","name":"Tablice wizualizacji trasy - Smart City Displays","isPartOf":{"@id":"https:\/\/smartcitydisplays.com\/pl\/#website"},"primaryImageOfPage":{"@id":"https:\/\/smartcitydisplays.com\/pl\/produkt\/route-visualisation\/#primaryimage"},"image":{"@id":"https:\/\/smartcitydisplays.com\/pl\/produkt\/route-visualisation\/#primaryimage"},"thumbnailUrl":"https:\/\/smartcitydisplays.com\/wp-content\/uploads\/2020\/02\/Tablice-kierunkowe-1.jpg","datePublished":"2020-02-23T21:48:24+00:00","dateModified":"2020-02-25T14:16:40+00:00","breadcrumb":{"@id":"https:\/\/smartcitydisplays.com\/pl\/produkt\/route-visualisation\/#breadcrumb"},"inLanguage":"pl-PL","potentialAction":[{"@type":"ReadAction","target":["https:\/\/smartcitydisplays.com\/pl\/produkt\/route-visualisation\/"]}]},{"@type":"ImageObject","inLanguage":"pl-PL","@id":"https:\/\/smartcitydisplays.com\/pl\/produkt\/route-visualisation\/#primaryimage","url":"https:\/\/smartcitydisplays.com\/wp-content\/uploads\/2020\/02\/Tablice-kierunkowe-1.jpg","contentUrl":"https:\/\/smartcitydisplays.com\/wp-content\/uploads\/2020\/02\/Tablice-kierunkowe-1.jpg","width":300,"height":104},{"@type":"BreadcrumbList","@id":"https:\/\/smartcitydisplays.com\/pl\/produkt\/route-visualisation\/#breadcrumb","itemListElement":[{"@type":"ListItem","position":1,"name":"Home","item":"https:\/\/smartcitydisplays.com\/pl\/"},{"@type":"ListItem","position":2,"name":"Produkty","item":"https:\/\/smartcitydisplays.com\/pl\/shop\/"},{"@type":"ListItem","position":3,"name":"Tablice wizualizacji trasy"}]},{"@type":"WebSite","@id":"https:\/\/smartcitydisplays.com\/pl\/#website","url":"https:\/\/smartcitydisplays.com\/pl\/","name":"Smart City Displays","description":"dysten","potentialAction":[{"@type":"SearchAction","target":{"@type":"EntryPoint","urlTemplate":"https:\/\/smartcitydisplays.com\/pl\/?s={search_term_string}"},"query-input":{"@type":"PropertyValueSpecification","valueRequired":true,"valueName":"search_term_string"}}],"inLanguage":"pl-PL"}]}},"_links":{"self":[{"href":"https:\/\/smartcitydisplays.com\/pl\/wp-json\/wp\/v2\/product\/7814","targetHints":{"allow":["GET"]}}],"collection":[{"href":"https:\/\/smartcitydisplays.com\/pl\/wp-json\/wp\/v2\/product"}],"about":[{"href":"https:\/\/smartcitydisplays.com\/pl\/wp-json\/wp\/v2\/types\/product"}],"wp:featuredmedia":[{"embeddable":true,"href":"https:\/\/smartcitydisplays.com\/pl\/wp-json\/wp\/v2\/media\/22466"}],"wp:attachment":[{"href":"https:\/\/smartcitydisplays.com\/pl\/wp-json\/wp\/v2\/media?parent=7814"}],"wp:term":[{"taxonomy":"product_brand","embeddable":true,"href":"https:\/\/smartcitydisplays.com\/pl\/wp-json\/wp\/v2\/product_brand?post=7814"},{"taxonomy":"product_cat","embeddable":true,"href":"https:\/\/smartcitydisplays.com\/pl\/wp-json\/wp\/v2\/product_cat?post=7814"},{"taxonomy":"product_tag","embeddable":true,"href":"https:\/\/smartcitydisplays.com\/pl\/wp-json\/wp\/v2\/product_tag?post=7814"}],"curies":[{"name":"wp","href":"https:\/\/api.w.org\/{rel}","templated":true}]}}