{"id":8832,"date":"2020-06-04T08:36:26","date_gmt":"2020-06-04T08:36:26","guid":{"rendered":"https:\/\/smartcitydisplays.com\/product\/pa-system\/"},"modified":"2020-06-19T07:20:51","modified_gmt":"2020-06-19T07:20:51","slug":"pa-system","status":"publish","type":"product","link":"https:\/\/smartcitydisplays.com\/pl\/produkt\/pa-system\/","title":{"rendered":"System rozg\u0142oszeniowy"},"content":{"rendered":"<div class=\"wpb-content-wrapper\"><p>[vc_row][vc_column][vc_raw_js]JTNDc2NyaXB0JTNFJTBBbGV0JTIwbmV3VGl0bGUlMjAlM0QlMjBkb2N1bWVudC5nZXRFbGVtZW50c0J5Q2xhc3NOYW1lJTI4JTI3ZWx0ZGYtc2luZ2xlLXByb2R1Y3QtdGl0bGUlMjclMjklM0IlMEFpZiUyMCUyOG5ld1RpdGxlJTIwJTI2JTI2JTIwbmV3VGl0bGUubGVuZ3RoJTIwJTNFJTIwMCUyOSUyMCU3QiUwQSUyMG5ld1RpdGxlJTIwJTNEJTIwbmV3VGl0bGUlNUIwJTVELmlubmVyVGV4dCUwQSUyMGlmJTI4ZG9jdW1lbnQucmVhZHlTdGF0ZSUyMCUzRCUzRCUzRCUyMCUyN3JlYWR5JTI3JTIwJTdDJTdDJTIwZG9jdW1lbnQucmVhZHlTdGF0ZSUyMCUzRCUzRCUzRCUyMCUyN2NvbXBsZXRlJTI3JTI5JTIwJTdCJTBBJTIwZ29Ub0Rvd25sb2FkcyUyOCUyOSUzQiUwQSU3RCUyMGVsc2UlMjAlN0IlMEElMjAlMjBkb2N1bWVudC5vbnJlYWR5c3RhdGVjaGFuZ2UlMjAlM0QlMjBmdW5jdGlvbiUyMCUyOCUyOSUyMCU3QiUwQSUyMCUyMCUyMCUyMGlmJTIwJTI4ZG9jdW1lbnQucmVhZHlTdGF0ZSUyMCUzRCUzRCUyMCUyMmNvbXBsZXRlJTIyJTI5JTIwJTdCJTBBJTIwJTIwJTIwJTIwJTIwJTIwZ29Ub0Rvd25sb2FkcyUyOCUyOSUzQiUwQSUyMCUyMCUyMCUyMCU3RCUwQSUyMCUyMCU3RCUwQSU3RCUwQSU3RCUwQSUwQWZ1bmN0aW9uJTIwZ29Ub0Rvd25sb2FkcyUyOCUyOSUyMCU3QiUwQWNvbnN0JTIwc2t1JTIwJTNEJTIwZG9jdW1lbnQuZ2V0RWxlbWVudHNCeUNsYXNzTmFtZSUyOCUyN3NrdSUyNyUyOSUzQiUwQSUwQUFycmF5LnByb3RvdHlwZS5mb3JFYWNoLmNhbGwlMjhza3UlMkMlMjBlbCUyMCUzRCUzRSUyMCU3QiUwQSUyMGVsLmFkZEV2ZW50TGlzdGVuZXIlMjglMjJjbGljayUyMiUyQyUyMCUyOCUyOSUyMCUzRCUzRSUyMCU3QiUwQSUyMGxvY2F0aW9uLnBhdGhuYW1lJTIwJTNEJTIwJTI3JTJGZG93bmxvYWRzJTJGJTI3JTNCJTBBJTdEJTI5JTNCJTBBJTdEJTI5JTNCJTBBJTdEJTBBJTBBJTNDJTJGc2NyaXB0JTNFJTBB[\/vc_raw_js][\/vc_column][\/vc_row][vc_row][vc_column][vc_column_text]<strong>System rozg\u0142oszeniowy Dysten<\/strong> sk\u0142ada si\u0119 z <strong>Pulpitu mikrofonowego PUMI 1819-2<\/strong> oraz kontrolera audio <strong>DYSTO<\/strong>. \u015awietnie sprawdzi si\u0119 na dworcu kolejowym, autobusowym, lotnisku lub w podobnym miejscu.<\/p>\n<p>&nbsp;<\/p>\n<h3 class=\"p1\">PULPIT MIKROFONOWY PUMI 1819-2<\/h3>\n<ul>\n<li class=\"p1\">Trwa\u0142a aluminiowa obudowa,<\/li>\n<li class=\"p1\">wysoka odporno\u015b\u0107 mechaniczna,<\/li>\n<li class=\"p1\">Szybka instalacja,<\/li>\n<li class=\"p1\">Niezawodnie dzia\u0142a zar\u00f3wno w wysokich i niskich temperaturach,<\/li>\n<li class=\"p1\">Wysokiej jako\u015bci komponenty, kierunkowy mikrofon pojemno\u015bciowy typu &#8222;g\u0119sia szyja&#8221;,<\/li>\n<li class=\"p1\">Wspiera wiele protoko\u0142\u00f3w,<\/li>\n<li class=\"p1\">Gotowy do ci\u0105g\u0142ej pracy 24\/7<\/li>\n<li class=\"p1\">Wbudowany gong<\/li>\n<li class=\"p1\">Niskie zniekszta\u0142cenia, doskona\u0142a zrozumia\u0142o\u015b\u0107 mowy<\/li>\n<\/ul>\n<p>&nbsp;<\/p>\n<h3 class=\"p1\">DYSTO &#8211; KONTROLER AUDIO<\/h3>\n<p class=\"p1\">Kontroler audio systemu rozg\u0142oszeniowego zapewnia kontrol\u0119 i wszystkie niezb\u0119dne funkcje, przetwarzanie sygna\u0142u audio, routing dla wszystkich wej\u015b\u0107 i wyj\u015b\u0107 systemu.<\/p>\n<ul>\n<li class=\"p1\">Wspiera wiele protoko\u0142\u00f3w, w tym TCP \/ IP,<\/li>\n<li class=\"p1\">Wydajne wzmacniacze w klasie D,<\/li>\n<li class=\"p1\">Nawet 8 stref dla linii g\u0142o\u015bnikowych,<\/li>\n<li class=\"p1\">Mo\u017cliwe rozszerzenie,<\/li>\n<li class=\"p1\">Elastyczna konfiguracja,<\/li>\n<li class=\"p1\">\u0141atwa skalowalno\u015b\u0107,<\/li>\n<li class=\"p1\">Cyfrowa transmisja audio,<\/li>\n<li class=\"p1\">Wiele typ\u00f3w wsp\u00f3\u0142pracuj\u0105cych g\u0142o\u015bnik\u00f3w, dopasowanych do dowolnych warunk\u00f3w pogodowych i otoczenia architektonicznego,<\/li>\n<li class=\"p1\">Trwa\u0142e i niezawodne urz\u0105dzenie,<\/li>\n<li class=\"p1\">Doskona\u0142a relacja cena \/ jako\u015b\u0107,<\/li>\n<li class=\"p1\">\u015awietna zrozumia\u0142o\u015b\u0107 mowy.<\/li>\n<\/ul>\n<p>[\/vc_column_text][\/vc_column][\/vc_row]<\/p>\n<\/div>","protected":false},"excerpt":{"rendered":"<p><strong>System rozg\u0142oszeniowy DYSTEN<\/strong> dla dworc\u00f3w kolejowych, autobusowych, lotnisk sk\u0142ada si\u0119 z <strong>Pulpitu mikrofonowego PUMI 1819-2<\/strong>, <strong>Kontrolera audio DYSTO<\/strong> oraz dobieranych do wymaga\u0144 kolumn g\u0142o\u015bnikowych na podstawie danych projektu lub pomiar\u00f3w akustycznych.<\/p>\n","protected":false},"featured_media":8937,"template":"","meta":{"content-type":""},"product_brand":[],"product_cat":[357,354],"product_tag":[305],"class_list":{"0":"post-8832","1":"product","2":"type-product","3":"status-publish","4":"has-post-thumbnail","6":"product_cat-audio-pl","7":"product_cat-pa-system-pl","8":"product_tag-others-pl","10":"first","11":"instock","12":"shipping-taxable","13":"product-type-external"},"yoast_head":"<!-- This site is optimized with the Yoast SEO plugin v27.1.1 - https:\/\/yoast.com\/product\/yoast-seo-wordpress\/ -->\n<title>System rozg\u0142oszeniowy - Smart City Displays<\/title>\n<meta name=\"robots\" content=\"index, follow, max-snippet:-1, max-image-preview:large, max-video-preview:-1\" \/>\n<link rel=\"canonical\" href=\"https:\/\/smartcitydisplays.com\/pl\/produkt\/pa-system\/\" \/>\n<meta property=\"og:locale\" content=\"pl_PL\" \/>\n<meta property=\"og:type\" content=\"article\" \/>\n<meta property=\"og:title\" content=\"System rozg\u0142oszeniowy - Smart City Displays\" \/>\n<meta property=\"og:description\" content=\"System rozg\u0142oszeniowy DYSTEN dla dworc\u00f3w kolejowych, autobusowych, lotnisk sk\u0142ada si\u0119 z Pulpitu mikrofonowego PUMI 1819-2, Kontrolera audio DYSTO oraz dobieranych do wymaga\u0144 kolumn g\u0142o\u015bnikowych na podstawie danych projektu lub pomiar\u00f3w akustycznych.\" \/>\n<meta property=\"og:url\" content=\"https:\/\/smartcitydisplays.com\/pl\/produkt\/pa-system\/\" \/>\n<meta property=\"og:site_name\" content=\"Smart City Displays\" \/>\n<meta property=\"article:publisher\" content=\"https:\/\/www.facebook.com\/dystenpl\/\" \/>\n<meta property=\"article:modified_time\" content=\"2020-06-19T07:20:51+00:00\" \/>\n<meta property=\"og:image\" content=\"https:\/\/smartcitydisplays.com\/wp-content\/uploads\/2020\/06\/PA-System.jpg\" \/>\n\t<meta property=\"og:image:width\" content=\"849\" \/>\n\t<meta property=\"og:image:height\" content=\"837\" \/>\n\t<meta property=\"og:image:type\" content=\"image\/jpeg\" \/>\n<meta name=\"twitter:card\" content=\"summary_large_image\" \/>\n<meta name=\"twitter:site\" content=\"@Dysten3\" \/>\n<meta name=\"twitter:label1\" content=\"Szacowany czas czytania\" \/>\n\t<meta name=\"twitter:data1\" content=\"2 minuty\" \/>\n<script type=\"application\/ld+json\" class=\"yoast-schema-graph\">{\"@context\":\"https:\/\/schema.org\",\"@graph\":[{\"@type\":\"WebPage\",\"@id\":\"https:\/\/smartcitydisplays.com\/pl\/produkt\/pa-system\/\",\"url\":\"https:\/\/smartcitydisplays.com\/pl\/produkt\/pa-system\/\",\"name\":\"System rozg\u0142oszeniowy - Smart City Displays\",\"isPartOf\":{\"@id\":\"https:\/\/smartcitydisplays.com\/pl\/#website\"},\"primaryImageOfPage\":{\"@id\":\"https:\/\/smartcitydisplays.com\/pl\/produkt\/pa-system\/#primaryimage\"},\"image\":{\"@id\":\"https:\/\/smartcitydisplays.com\/pl\/produkt\/pa-system\/#primaryimage\"},\"thumbnailUrl\":\"https:\/\/smartcitydisplays.com\/wp-content\/uploads\/2020\/06\/PA-System.jpg\",\"datePublished\":\"2020-06-04T08:36:26+00:00\",\"dateModified\":\"2020-06-19T07:20:51+00:00\",\"breadcrumb\":{\"@id\":\"https:\/\/smartcitydisplays.com\/pl\/produkt\/pa-system\/#breadcrumb\"},\"inLanguage\":\"pl-PL\",\"potentialAction\":[{\"@type\":\"ReadAction\",\"target\":[\"https:\/\/smartcitydisplays.com\/pl\/produkt\/pa-system\/\"]}]},{\"@type\":\"ImageObject\",\"inLanguage\":\"pl-PL\",\"@id\":\"https:\/\/smartcitydisplays.com\/pl\/produkt\/pa-system\/#primaryimage\",\"url\":\"https:\/\/smartcitydisplays.com\/wp-content\/uploads\/2020\/06\/PA-System.jpg\",\"contentUrl\":\"https:\/\/smartcitydisplays.com\/wp-content\/uploads\/2020\/06\/PA-System.jpg\",\"width\":849,\"height\":837,\"caption\":\"Dysten Public Address System\"},{\"@type\":\"BreadcrumbList\",\"@id\":\"https:\/\/smartcitydisplays.com\/pl\/produkt\/pa-system\/#breadcrumb\",\"itemListElement\":[{\"@type\":\"ListItem\",\"position\":1,\"name\":\"Home\",\"item\":\"https:\/\/smartcitydisplays.com\/pl\/\"},{\"@type\":\"ListItem\",\"position\":2,\"name\":\"Produkty\",\"item\":\"https:\/\/smartcitydisplays.com\/pl\/shop\/\"},{\"@type\":\"ListItem\",\"position\":3,\"name\":\"System rozg\u0142oszeniowy\"}]},{\"@type\":\"WebSite\",\"@id\":\"https:\/\/smartcitydisplays.com\/pl\/#website\",\"url\":\"https:\/\/smartcitydisplays.com\/pl\/\",\"name\":\"Smart City Displays\",\"description\":\"dysten\",\"potentialAction\":[{\"@type\":\"SearchAction\",\"target\":{\"@type\":\"EntryPoint\",\"urlTemplate\":\"https:\/\/smartcitydisplays.com\/pl\/?s={search_term_string}\"},\"query-input\":{\"@type\":\"PropertyValueSpecification\",\"valueRequired\":true,\"valueName\":\"search_term_string\"}}],\"inLanguage\":\"pl-PL\"}]}<\/script>\n<!-- \/ Yoast SEO plugin. -->","yoast_head_json":{"title":"System rozg\u0142oszeniowy - Smart City Displays","robots":{"index":"index","follow":"follow","max-snippet":"max-snippet:-1","max-image-preview":"max-image-preview:large","max-video-preview":"max-video-preview:-1"},"canonical":"https:\/\/smartcitydisplays.com\/pl\/produkt\/pa-system\/","og_locale":"pl_PL","og_type":"article","og_title":"System rozg\u0142oszeniowy - Smart City Displays","og_description":"System rozg\u0142oszeniowy DYSTEN dla dworc\u00f3w kolejowych, autobusowych, lotnisk sk\u0142ada si\u0119 z Pulpitu mikrofonowego PUMI 1819-2, Kontrolera audio DYSTO oraz dobieranych do wymaga\u0144 kolumn g\u0142o\u015bnikowych na podstawie danych projektu lub pomiar\u00f3w akustycznych.","og_url":"https:\/\/smartcitydisplays.com\/pl\/produkt\/pa-system\/","og_site_name":"Smart City Displays","article_publisher":"https:\/\/www.facebook.com\/dystenpl\/","article_modified_time":"2020-06-19T07:20:51+00:00","og_image":[{"width":849,"height":837,"url":"https:\/\/smartcitydisplays.com\/wp-content\/uploads\/2020\/06\/PA-System.jpg","type":"image\/jpeg"}],"twitter_card":"summary_large_image","twitter_site":"@Dysten3","twitter_misc":{"Szacowany czas czytania":"2 minuty"},"schema":{"@context":"https:\/\/schema.org","@graph":[{"@type":"WebPage","@id":"https:\/\/smartcitydisplays.com\/pl\/produkt\/pa-system\/","url":"https:\/\/smartcitydisplays.com\/pl\/produkt\/pa-system\/","name":"System rozg\u0142oszeniowy - Smart City Displays","isPartOf":{"@id":"https:\/\/smartcitydisplays.com\/pl\/#website"},"primaryImageOfPage":{"@id":"https:\/\/smartcitydisplays.com\/pl\/produkt\/pa-system\/#primaryimage"},"image":{"@id":"https:\/\/smartcitydisplays.com\/pl\/produkt\/pa-system\/#primaryimage"},"thumbnailUrl":"https:\/\/smartcitydisplays.com\/wp-content\/uploads\/2020\/06\/PA-System.jpg","datePublished":"2020-06-04T08:36:26+00:00","dateModified":"2020-06-19T07:20:51+00:00","breadcrumb":{"@id":"https:\/\/smartcitydisplays.com\/pl\/produkt\/pa-system\/#breadcrumb"},"inLanguage":"pl-PL","potentialAction":[{"@type":"ReadAction","target":["https:\/\/smartcitydisplays.com\/pl\/produkt\/pa-system\/"]}]},{"@type":"ImageObject","inLanguage":"pl-PL","@id":"https:\/\/smartcitydisplays.com\/pl\/produkt\/pa-system\/#primaryimage","url":"https:\/\/smartcitydisplays.com\/wp-content\/uploads\/2020\/06\/PA-System.jpg","contentUrl":"https:\/\/smartcitydisplays.com\/wp-content\/uploads\/2020\/06\/PA-System.jpg","width":849,"height":837,"caption":"Dysten Public Address System"},{"@type":"BreadcrumbList","@id":"https:\/\/smartcitydisplays.com\/pl\/produkt\/pa-system\/#breadcrumb","itemListElement":[{"@type":"ListItem","position":1,"name":"Home","item":"https:\/\/smartcitydisplays.com\/pl\/"},{"@type":"ListItem","position":2,"name":"Produkty","item":"https:\/\/smartcitydisplays.com\/pl\/shop\/"},{"@type":"ListItem","position":3,"name":"System rozg\u0142oszeniowy"}]},{"@type":"WebSite","@id":"https:\/\/smartcitydisplays.com\/pl\/#website","url":"https:\/\/smartcitydisplays.com\/pl\/","name":"Smart City Displays","description":"dysten","potentialAction":[{"@type":"SearchAction","target":{"@type":"EntryPoint","urlTemplate":"https:\/\/smartcitydisplays.com\/pl\/?s={search_term_string}"},"query-input":{"@type":"PropertyValueSpecification","valueRequired":true,"valueName":"search_term_string"}}],"inLanguage":"pl-PL"}]}},"_links":{"self":[{"href":"https:\/\/smartcitydisplays.com\/pl\/wp-json\/wp\/v2\/product\/8832","targetHints":{"allow":["GET"]}}],"collection":[{"href":"https:\/\/smartcitydisplays.com\/pl\/wp-json\/wp\/v2\/product"}],"about":[{"href":"https:\/\/smartcitydisplays.com\/pl\/wp-json\/wp\/v2\/types\/product"}],"wp:featuredmedia":[{"embeddable":true,"href":"https:\/\/smartcitydisplays.com\/pl\/wp-json\/wp\/v2\/media\/8937"}],"wp:attachment":[{"href":"https:\/\/smartcitydisplays.com\/pl\/wp-json\/wp\/v2\/media?parent=8832"}],"wp:term":[{"taxonomy":"product_brand","embeddable":true,"href":"https:\/\/smartcitydisplays.com\/pl\/wp-json\/wp\/v2\/product_brand?post=8832"},{"taxonomy":"product_cat","embeddable":true,"href":"https:\/\/smartcitydisplays.com\/pl\/wp-json\/wp\/v2\/product_cat?post=8832"},{"taxonomy":"product_tag","embeddable":true,"href":"https:\/\/smartcitydisplays.com\/pl\/wp-json\/wp\/v2\/product_tag?post=8832"}],"curies":[{"name":"wp","href":"https:\/\/api.w.org\/{rel}","templated":true}]}}